{"id":6699,"date":"2025-05-08T12:51:17","date_gmt":"2025-05-08T18:51:17","guid":{"rendered":"https:\/\/libreriahistoriasdebolsillo.com\/?post_type=product&#038;p=6699"},"modified":"2025-06-04T15:06:24","modified_gmt":"2025-06-04T21:06:24","slug":"la-caida-de-tenochtitlan-iii","status":"publish","type":"product","link":"https:\/\/libreriahistoriasdebolsillo.com\/index.php\/producto\/la-caida-de-tenochtitlan-iii\/","title":{"rendered":"La ca\u00edda de Tenochtitl\u00e1n III"},"content":{"rendered":"<p><b>Adem\u00e1s de preparar el terreno para el encuentro final entre espa\u00f1oles y mexicas, este tercer volumen de La ca\u00edda de Tenochtitlan ofrece el relato de los hechos que convirtieron a Malinalli, una noble originaria de<\/b>\u00a0<b>Oluta<\/b><b>\u00a0devenida esclava en<\/b>\u00a0<b>Chakam<\/b>\u00a0<b>Putum<\/b><b>, en una de las figuras clave de la guerra de conquista.<\/b><\/p>\n<p><b>A\u00f1o Ce-<\/b><b>Acatl<\/b><b>.<\/b>\u00a0<b>Cuau<\/b>\u00a0<b>Texcallan<\/b>. Reunidos los se\u00f1ores de Tepeticpac, Ocotelulco, Quiauixtlan y Tizatlan, discuten la forma de recibir a los extra\u00f1os barbados que se aproximan a sus altepetl con direcci\u00f3n a la capital mexica. Huehue Xicotencatl y su hijo, el fiero Xicotencatl Axayacatzin, convencen al concejo de declarar la guerra contra los extranjeros. A pesar de sus esfuerzos, esta decisi\u00f3n trae desastrosas consecuencias para su pueblo. Asediadas sus poblaciones y diezmadas sus fuerzas, los tlatocayotl deciden entonces formar una alianza con el Capit\u00e1n Malintzin y sumarse a su campa\u00f1a. Juntos, texcaltecas y castillanos alistan su avance hacia la majestuosa Tenochtitlan.<\/p>\n","protected":false},"excerpt":{"rendered":"<p>Jos\u00e9 Luis Pescador<\/p>\n<p>256 p\u00e1ginas<\/p>\n","protected":false},"featured_media":6700,"template":"","meta":{"_joinchat":[]},"product_brand":[],"product_cat":[67],"product_tag":[34],"class_list":{"0":"post-6699","1":"product","2":"type-product","3":"status-publish","4":"has-post-thumbnail","6":"product_cat-manga","7":"product_tag-penguin-random-house","9":"first","10":"outofstock","11":"shipping-taxable","12":"purchasable","13":"product-type-simple"},"_links":{"self":[{"href":"https:\/\/libreriahistoriasdebolsillo.com\/index.php\/wp-json\/wp\/v2\/product\/6699","targetHints":{"allow":["GET"]}}],"collection":[{"href":"https:\/\/libreriahistoriasdebolsillo.com\/index.php\/wp-json\/wp\/v2\/product"}],"about":[{"href":"https:\/\/libreriahistoriasdebolsillo.com\/index.php\/wp-json\/wp\/v2\/types\/product"}],"wp:featuredmedia":[{"embeddable":true,"href":"https:\/\/libreriahistoriasdebolsillo.com\/index.php\/wp-json\/wp\/v2\/media\/6700"}],"wp:attachment":[{"href":"https:\/\/libreriahistoriasdebolsillo.com\/index.php\/wp-json\/wp\/v2\/media?parent=6699"}],"wp:term":[{"taxonomy":"product_brand","embeddable":true,"href":"https:\/\/libreriahistoriasdebolsillo.com\/index.php\/wp-json\/wp\/v2\/product_brand?post=6699"},{"taxonomy":"product_cat","embeddable":true,"href":"https:\/\/libreriahistoriasdebolsillo.com\/index.php\/wp-json\/wp\/v2\/product_cat?post=6699"},{"taxonomy":"product_tag","embeddable":true,"href":"https:\/\/libreriahistoriasdebolsillo.com\/index.php\/wp-json\/wp\/v2\/product_tag?post=6699"}],"curies":[{"name":"wp","href":"https:\/\/api.w.org\/{rel}","templated":true}]}}