{"id":670,"date":"2023-11-20T12:39:00","date_gmt":"2023-11-20T18:39:00","guid":{"rendered":"https:\/\/libreriahistoriasdebolsillo.com\/?post_type=product&#038;p=670"},"modified":"2024-12-24T16:51:43","modified_gmt":"2024-12-24T22:51:43","slug":"eramos-mentirosos","status":"publish","type":"product","link":"https:\/\/libreriahistoriasdebolsillo.com\/index.php\/producto\/eramos-mentirosos\/","title":{"rendered":"\u00c9ramos mentirosos"},"content":{"rendered":"<p>Una isla privada. Una ilustre y conocida familia de Nueva Inglaterra. Un grupo de cuatro amigos -los Mentirosos- cuya amistad se vuelve destructiva. Una rebeli\u00f3n. Un accidente. Un secreto. Mentiras y m\u00e1s mentiras. Amor verdadero. Y, por fin, la verdad. \u00c9sta es la bell\u00edsima y terrible historia de una \u00abfamilia perfecta\u00bb que se sostiene sobre pilares de peligrosa fragilidad. A lo largo del relato se van desvelando las piezas de un rompecabezas que formar\u00e1n un mosaico de personajes fascinante, donde los prejuicios y el ego\u00edsmo son los peores enemigos de la armon\u00eda y la felicidad.<\/p>\n","protected":false},"excerpt":{"rendered":"<p>E. Lockhart<\/p>\n","protected":false},"featured_media":671,"template":"","meta":{"_joinchat":[]},"product_brand":[],"product_cat":[52,51],"product_tag":[34],"class_list":{"0":"post-670","1":"product","2":"type-product","3":"status-publish","4":"has-post-thumbnail","6":"product_cat-juvenil","7":"product_cat-oferta","8":"product_tag-penguin-random-house","10":"first","11":"outofstock","12":"shipping-taxable","13":"purchasable","14":"product-type-simple"},"_links":{"self":[{"href":"https:\/\/libreriahistoriasdebolsillo.com\/index.php\/wp-json\/wp\/v2\/product\/670","targetHints":{"allow":["GET"]}}],"collection":[{"href":"https:\/\/libreriahistoriasdebolsillo.com\/index.php\/wp-json\/wp\/v2\/product"}],"about":[{"href":"https:\/\/libreriahistoriasdebolsillo.com\/index.php\/wp-json\/wp\/v2\/types\/product"}],"wp:featuredmedia":[{"embeddable":true,"href":"https:\/\/libreriahistoriasdebolsillo.com\/index.php\/wp-json\/wp\/v2\/media\/671"}],"wp:attachment":[{"href":"https:\/\/libreriahistoriasdebolsillo.com\/index.php\/wp-json\/wp\/v2\/media?parent=670"}],"wp:term":[{"taxonomy":"product_brand","embeddable":true,"href":"https:\/\/libreriahistoriasdebolsillo.com\/index.php\/wp-json\/wp\/v2\/product_brand?post=670"},{"taxonomy":"product_cat","embeddable":true,"href":"https:\/\/libreriahistoriasdebolsillo.com\/index.php\/wp-json\/wp\/v2\/product_cat?post=670"},{"taxonomy":"product_tag","embeddable":true,"href":"https:\/\/libreriahistoriasdebolsillo.com\/index.php\/wp-json\/wp\/v2\/product_tag?post=670"}],"curies":[{"name":"wp","href":"https:\/\/api.w.org\/{rel}","templated":true}]}}