{"id":6701,"date":"2025-05-08T12:53:19","date_gmt":"2025-05-08T18:53:19","guid":{"rendered":"https:\/\/libreriahistoriasdebolsillo.com\/?post_type=product&#038;p=6701"},"modified":"2025-09-06T10:49:33","modified_gmt":"2025-09-06T16:49:33","slug":"la-caida-de-tenochtitlan-iv","status":"publish","type":"product","link":"https:\/\/libreriahistoriasdebolsillo.com\/index.php\/producto\/la-caida-de-tenochtitlan-iv\/","title":{"rendered":"La ca\u00edda de Tenochtitl\u00e1n IV"},"content":{"rendered":"<p><b>Esta cuarta entrega de La ca\u00edda de Tenochtitlan se<\/b>\u00a0<b>centra en la masacre de Cholula, uno de los sucesos<\/b>\u00a0<b>m\u00e1s cruentos de la guerra entre espa\u00f1oles y mexicas, y<\/b>\u00a0<b>que despej\u00f3 toda duda sobre las verdaderas intenciones<\/b>\u00a0<b>de los extranjeros. El volumen culmina con el encuentro<\/b>\u00a0<b>entre<\/b>\u00a0<b>Motecuhzoma<\/b><b>\u00a0Xocoyotzin y Hern\u00e1n Cort\u00e9s, una<\/b>\u00a0<b>cortes\u00eda diplom\u00e1tica que sell\u00f3 el funesto destino del<\/b>\u00a0<b>m\u00e1s grande imperio mesoamericano<\/b><\/p>\n<p>A\u00f1o Ce-Acatl.\u00a0<b>Acallantepetl<\/b>. Atoctli, malherido y apenas vivo, es conducido a la monta\u00f1a por un misterioso\u00a0<b>guerrero jaguar\u00a0<\/b>. Los dos \u00fanicos sobrevivientes del enfrentamiento entre texcaltecas y caxtillantlacah tienen ahora una tarea crucial: prevenir al huey tlatoani sobre la inminente llegada de los invasores a la capital del imperio. Mientras tanto, en Chollulan,\u00a0<b>Mallintzin<\/b>\u00a0<b>n<\/b>egocia alojamiento y provisiones para recibir a la enorme comitiva que, tras la reciente alianza con los\u00a0<b>texcaltecas<\/b>, sigue a Cort\u00e9s en su avance a trav\u00e9s del\u00a0<b>Anahuac<\/b>. Todo parece conducirse en paz durante la fiesta del Tepeilhuitl, hasta que una fiebre asesina se apodera de los recelosos castillanos.<\/p>\n","protected":false},"excerpt":{"rendered":"<p>Jos\u00e9 Luis Pescador<\/p>\n<p>160 p\u00e1ginas<\/p>\n","protected":false},"featured_media":6702,"template":"","meta":{"_joinchat":[]},"product_brand":[],"product_cat":[67],"product_tag":[34],"class_list":{"0":"post-6701","1":"product","2":"type-product","3":"status-publish","4":"has-post-thumbnail","6":"product_cat-manga","7":"product_tag-penguin-random-house","9":"first","10":"outofstock","11":"shipping-taxable","12":"purchasable","13":"product-type-simple"},"_links":{"self":[{"href":"https:\/\/libreriahistoriasdebolsillo.com\/index.php\/wp-json\/wp\/v2\/product\/6701","targetHints":{"allow":["GET"]}}],"collection":[{"href":"https:\/\/libreriahistoriasdebolsillo.com\/index.php\/wp-json\/wp\/v2\/product"}],"about":[{"href":"https:\/\/libreriahistoriasdebolsillo.com\/index.php\/wp-json\/wp\/v2\/types\/product"}],"wp:featuredmedia":[{"embeddable":true,"href":"https:\/\/libreriahistoriasdebolsillo.com\/index.php\/wp-json\/wp\/v2\/media\/6702"}],"wp:attachment":[{"href":"https:\/\/libreriahistoriasdebolsillo.com\/index.php\/wp-json\/wp\/v2\/media?parent=6701"}],"wp:term":[{"taxonomy":"product_brand","embeddable":true,"href":"https:\/\/libreriahistoriasdebolsillo.com\/index.php\/wp-json\/wp\/v2\/product_brand?post=6701"},{"taxonomy":"product_cat","embeddable":true,"href":"https:\/\/libreriahistoriasdebolsillo.com\/index.php\/wp-json\/wp\/v2\/product_cat?post=6701"},{"taxonomy":"product_tag","embeddable":true,"href":"https:\/\/libreriahistoriasdebolsillo.com\/index.php\/wp-json\/wp\/v2\/product_tag?post=6701"}],"curies":[{"name":"wp","href":"https:\/\/api.w.org\/{rel}","templated":true}]}}