{"id":6707,"date":"2025-05-14T12:45:36","date_gmt":"2025-05-14T18:45:36","guid":{"rendered":"https:\/\/libreriahistoriasdebolsillo.com\/?post_type=product&#038;p=6707"},"modified":"2026-03-16T17:16:25","modified_gmt":"2026-03-16T23:16:25","slug":"no-dejes-entrar-al-bosque","status":"publish","type":"product","link":"https:\/\/libreriahistoriasdebolsillo.com\/index.php\/producto\/no-dejes-entrar-al-bosque\/","title":{"rendered":"No dejes entrar al bosque"},"content":{"rendered":"<p>Ahora que han regresado a la Academia Wickwood y su hermana melliza parece evitarlo, Andrew Perrault se ha vuelto m\u00e1s cercano a Thomas Rye, el chico al que le escribe historias, el que siempre tiene las manos manchadas de tinta, el del cabello con el color de las hojas en oto\u00f1o.<\/p>\n<p>Pero algo est\u00e1 ocurriendo con su amigo: sus padres han desaparecido, se hall\u00f3 sangre en su manga y ha perdido el inter\u00e9s en el macabro arte con el que ilustra las historias de Andrew. Lo m\u00e1s extra\u00f1o es que algo parece perseguirlo\u2026<\/p>\n<p>Cuando una noche, desesperado por comprender qu\u00e9 le ocurre, Andrew sigue a Thomas al bosque, lo descubre peleando con un monstruo de pesadilla.Uno que \u00e9l mismo ha dibujado y est\u00e1 matando a todos sus seres queridos.<\/p>\n<p>Para evitar el exterminio, los chicos deciden combatir a las criaturas. Pero, a medida que la obsesi\u00f3n que tienen el uno con el otro crece, tambi\u00e9n lo hacen los monstruos, y Andrew comienza a sospechar que la \u00fanica forma de terminar con todo es\u2026 destruir a su creador.<\/p>\n","protected":false},"excerpt":{"rendered":"<p>C.G. Drews<\/p>\n<p>360 p\u00e1ginas<\/p>\n","protected":false},"featured_media":6708,"template":"","meta":{"_joinchat":[]},"product_brand":[],"product_cat":[39,38,70],"product_tag":[48],"class_list":{"0":"post-6707","1":"product","2":"type-product","3":"status-publish","4":"has-post-thumbnail","6":"product_cat-fantasia","7":"product_cat-lgbtq","8":"product_cat-novedades","9":"product_tag-vr-editoras","11":"first","12":"instock","13":"shipping-taxable","14":"purchasable","15":"product-type-simple"},"_links":{"self":[{"href":"https:\/\/libreriahistoriasdebolsillo.com\/index.php\/wp-json\/wp\/v2\/product\/6707","targetHints":{"allow":["GET"]}}],"collection":[{"href":"https:\/\/libreriahistoriasdebolsillo.com\/index.php\/wp-json\/wp\/v2\/product"}],"about":[{"href":"https:\/\/libreriahistoriasdebolsillo.com\/index.php\/wp-json\/wp\/v2\/types\/product"}],"wp:featuredmedia":[{"embeddable":true,"href":"https:\/\/libreriahistoriasdebolsillo.com\/index.php\/wp-json\/wp\/v2\/media\/6708"}],"wp:attachment":[{"href":"https:\/\/libreriahistoriasdebolsillo.com\/index.php\/wp-json\/wp\/v2\/media?parent=6707"}],"wp:term":[{"taxonomy":"product_brand","embeddable":true,"href":"https:\/\/libreriahistoriasdebolsillo.com\/index.php\/wp-json\/wp\/v2\/product_brand?post=6707"},{"taxonomy":"product_cat","embeddable":true,"href":"https:\/\/libreriahistoriasdebolsillo.com\/index.php\/wp-json\/wp\/v2\/product_cat?post=6707"},{"taxonomy":"product_tag","embeddable":true,"href":"https:\/\/libreriahistoriasdebolsillo.com\/index.php\/wp-json\/wp\/v2\/product_tag?post=6707"}],"curies":[{"name":"wp","href":"https:\/\/api.w.org\/{rel}","templated":true}]}}