{"id":6711,"date":"2025-05-14T12:51:54","date_gmt":"2025-05-14T18:51:54","guid":{"rendered":"https:\/\/libreriahistoriasdebolsillo.com\/?post_type=product&#038;p=6711"},"modified":"2026-03-16T13:55:54","modified_gmt":"2026-03-16T19:55:54","slug":"la-farmacia-del-amor-de-la-familia-botero","status":"publish","type":"product","link":"https:\/\/libreriahistoriasdebolsillo.com\/index.php\/producto\/la-farmacia-del-amor-de-la-familia-botero\/","title":{"rendered":"La farmacia del amor de la familia Botero"},"content":{"rendered":"<p>\u00bfEST\u00c1S BUSCANDO UN AMOR? Nosotros lo hacemos posible. Cuando una farmacia que afirma vender amor abre las puertas en un barrio residencial, pronto se levanta la curiosidad y la sospecha entre los vecinos. Pero debe haber un secreto en la \u201cpoci\u00f3n de amor\u201d que venden, pues \u00bfc\u00f3mo se explica que la hermosa farmac\u00e9utica est\u00e9 casada con un hombre tan feo que parece salido de un cuadro de Fernando Botero? Mientras seguimos las repercusiones de la inauguraci\u00f3n de la farmacia y la llegada de los primeros clientes, conoceremos<br \/>\na los peculiares personajes: un casamentero que piensa que el trabajo no tiene nada que ver con el amor, un empleado p\u00fablico que busca esposa para complacer a sus padres y un<br \/>\nchico enamorado de la madre de su novia. La farmacia del amor de la familia Botero reflexiona sobre las expectativas que ponemos en las relaciones, la complejidad de los lazos que formamos a lo largo de la vida y lo que puede suceder si usamos al amor como remedio.<\/p>\n","protected":false},"excerpt":{"rendered":"<p>Lee Sun-Young<\/p>\n<p>320 p\u00e1ginas<\/p>\n","protected":false},"featured_media":6712,"template":"","meta":{"_joinchat":[]},"product_brand":[],"product_cat":[78,33,70],"product_tag":[48],"class_list":{"0":"post-6711","1":"product","2":"type-product","3":"status-publish","4":"has-post-thumbnail","6":"product_cat-contemporanea","7":"product_cat-ficcion-general","8":"product_cat-novedades","9":"product_tag-vr-editoras","11":"first","12":"instock","13":"shipping-taxable","14":"purchasable","15":"product-type-simple"},"_links":{"self":[{"href":"https:\/\/libreriahistoriasdebolsillo.com\/index.php\/wp-json\/wp\/v2\/product\/6711","targetHints":{"allow":["GET"]}}],"collection":[{"href":"https:\/\/libreriahistoriasdebolsillo.com\/index.php\/wp-json\/wp\/v2\/product"}],"about":[{"href":"https:\/\/libreriahistoriasdebolsillo.com\/index.php\/wp-json\/wp\/v2\/types\/product"}],"wp:featuredmedia":[{"embeddable":true,"href":"https:\/\/libreriahistoriasdebolsillo.com\/index.php\/wp-json\/wp\/v2\/media\/6712"}],"wp:attachment":[{"href":"https:\/\/libreriahistoriasdebolsillo.com\/index.php\/wp-json\/wp\/v2\/media?parent=6711"}],"wp:term":[{"taxonomy":"product_brand","embeddable":true,"href":"https:\/\/libreriahistoriasdebolsillo.com\/index.php\/wp-json\/wp\/v2\/product_brand?post=6711"},{"taxonomy":"product_cat","embeddable":true,"href":"https:\/\/libreriahistoriasdebolsillo.com\/index.php\/wp-json\/wp\/v2\/product_cat?post=6711"},{"taxonomy":"product_tag","embeddable":true,"href":"https:\/\/libreriahistoriasdebolsillo.com\/index.php\/wp-json\/wp\/v2\/product_tag?post=6711"}],"curies":[{"name":"wp","href":"https:\/\/api.w.org\/{rel}","templated":true}]}}