{"id":6713,"date":"2025-05-14T12:58:49","date_gmt":"2025-05-14T18:58:49","guid":{"rendered":"https:\/\/libreriahistoriasdebolsillo.com\/?post_type=product&#038;p=6713"},"modified":"2025-05-14T12:58:49","modified_gmt":"2025-05-14T18:58:49","slug":"prankenstein","status":"publish","type":"product","link":"https:\/\/libreriahistoriasdebolsillo.com\/index.php\/producto\/prankenstein\/","title":{"rendered":"Prankenstein"},"content":{"rendered":"<p>\u00c9lmer, un ni\u00f1o de quinto grado, nunca se hab\u00eda propuesto ser un gran bromista. Pero, sin querer, le sale una broma incre\u00edblemente buena. Su primo cree que, con un buen<br \/>\nentrenamiento, \u00c9lmer se convertir\u00e1 en el mejor bromista de todos los tiempos y entonces se transforma en su ptb, Personal Trainer de Bromas. As\u00ed es como Elmer pasa a<br \/>\nllamarse Prankenstein, el Rey de las Bromas, y junto con su primo planean juntos la mejor broma de todos los tiempos, una broma legendaria. \u00c9lmer descubre que las bromas pueden ser una buena forma de impresionar a Mima, una compa\u00f1era de la escuela que vive en la misma cuadra, y de ponerle un freno al bully de la escuela. Pero cuando la broma involucra al Presidente de la Naci\u00f3n, \u00c9lmer se pregunta: \u00bfhabr\u00e9 llegado demasiado lejos?<\/p>\n","protected":false},"excerpt":{"rendered":"<p>Kaisa Paasto<\/p>\n<p>112 p\u00e1ginas<\/p>\n","protected":false},"featured_media":6714,"template":"","meta":{"_joinchat":[]},"product_brand":[],"product_cat":[54,52,70],"product_tag":[48],"class_list":{"0":"post-6713","1":"product","2":"type-product","3":"status-publish","4":"has-post-thumbnail","6":"product_cat-infantil","7":"product_cat-juvenil","8":"product_cat-novedades","9":"product_tag-vr-editoras","11":"first","12":"instock","13":"shipping-taxable","14":"purchasable","15":"product-type-simple"},"_links":{"self":[{"href":"https:\/\/libreriahistoriasdebolsillo.com\/index.php\/wp-json\/wp\/v2\/product\/6713","targetHints":{"allow":["GET"]}}],"collection":[{"href":"https:\/\/libreriahistoriasdebolsillo.com\/index.php\/wp-json\/wp\/v2\/product"}],"about":[{"href":"https:\/\/libreriahistoriasdebolsillo.com\/index.php\/wp-json\/wp\/v2\/types\/product"}],"wp:featuredmedia":[{"embeddable":true,"href":"https:\/\/libreriahistoriasdebolsillo.com\/index.php\/wp-json\/wp\/v2\/media\/6714"}],"wp:attachment":[{"href":"https:\/\/libreriahistoriasdebolsillo.com\/index.php\/wp-json\/wp\/v2\/media?parent=6713"}],"wp:term":[{"taxonomy":"product_brand","embeddable":true,"href":"https:\/\/libreriahistoriasdebolsillo.com\/index.php\/wp-json\/wp\/v2\/product_brand?post=6713"},{"taxonomy":"product_cat","embeddable":true,"href":"https:\/\/libreriahistoriasdebolsillo.com\/index.php\/wp-json\/wp\/v2\/product_cat?post=6713"},{"taxonomy":"product_tag","embeddable":true,"href":"https:\/\/libreriahistoriasdebolsillo.com\/index.php\/wp-json\/wp\/v2\/product_tag?post=6713"}],"curies":[{"name":"wp","href":"https:\/\/api.w.org\/{rel}","templated":true}]}}