{"id":6715,"date":"2025-05-14T13:02:16","date_gmt":"2025-05-14T19:02:16","guid":{"rendered":"https:\/\/libreriahistoriasdebolsillo.com\/?post_type=product&#038;p=6715"},"modified":"2025-10-16T19:27:19","modified_gmt":"2025-10-17T01:27:19","slug":"fuera-del-hielo-2-spiral","status":"publish","type":"product","link":"https:\/\/libreriahistoriasdebolsillo.com\/index.php\/producto\/fuera-del-hielo-2-spiral\/","title":{"rendered":"Fuera del hielo 2. Spiral"},"content":{"rendered":"<p>A \u00e9l lo persiguen y ella necesita seguidores en este romance deportivo de la autora de Collide. Elias Westbrook, un jugador de hockey reci\u00e9n fichado por los Toronto Thunder, lucha por marcar el primer gol de su carrera. Sin embargo, los tabloides no lo dejan en paz y publican cada uno de sus movimientos. Con todas las expectativas que pesan sobre sus hombros, Eli solo quiere desaparecer de la escena p\u00fablica. Tras bambalinas est\u00e1 Sage Beaumont, una bailarina que aspira a entrar en una de las compa\u00f1\u00edas de ballet m\u00e1s importantes del pa\u00eds, pero el gran motivo que le impide alcanzar su sue\u00f1o poco tiene que ver con su t\u00e9cnica. Lo que no la deja ser bailarina principal es su falta de popularidad<br \/>\nen las redes. Cuando Sage y Eli se conocen, encuentran la posibilidad perfecta para alcanzar sus objetivos. Si fingen que est\u00e1n en una relaci\u00f3n, ambos saldr\u00e1n beneficiados: \u00e9l conseguir\u00e1 paz y ella, seguidores. Pero el primer paso en este pas de deux ser\u00e1 acordar unas reglas imposibles de romper, \u00bfverdad?<\/p>\n","protected":false},"excerpt":{"rendered":"<p>Bal Khabra<\/p>\n<p>376 p\u00e1ginas<\/p>\n","protected":false},"featured_media":6716,"template":"","meta":{"_joinchat":[]},"product_brand":[],"product_cat":[70,35],"product_tag":[48],"class_list":{"0":"post-6715","1":"product","2":"type-product","3":"status-publish","4":"has-post-thumbnail","6":"product_cat-novedades","7":"product_cat-romantica","8":"product_tag-vr-editoras","10":"first","11":"instock","12":"shipping-taxable","13":"purchasable","14":"product-type-simple"},"_links":{"self":[{"href":"https:\/\/libreriahistoriasdebolsillo.com\/index.php\/wp-json\/wp\/v2\/product\/6715","targetHints":{"allow":["GET"]}}],"collection":[{"href":"https:\/\/libreriahistoriasdebolsillo.com\/index.php\/wp-json\/wp\/v2\/product"}],"about":[{"href":"https:\/\/libreriahistoriasdebolsillo.com\/index.php\/wp-json\/wp\/v2\/types\/product"}],"wp:featuredmedia":[{"embeddable":true,"href":"https:\/\/libreriahistoriasdebolsillo.com\/index.php\/wp-json\/wp\/v2\/media\/6716"}],"wp:attachment":[{"href":"https:\/\/libreriahistoriasdebolsillo.com\/index.php\/wp-json\/wp\/v2\/media?parent=6715"}],"wp:term":[{"taxonomy":"product_brand","embeddable":true,"href":"https:\/\/libreriahistoriasdebolsillo.com\/index.php\/wp-json\/wp\/v2\/product_brand?post=6715"},{"taxonomy":"product_cat","embeddable":true,"href":"https:\/\/libreriahistoriasdebolsillo.com\/index.php\/wp-json\/wp\/v2\/product_cat?post=6715"},{"taxonomy":"product_tag","embeddable":true,"href":"https:\/\/libreriahistoriasdebolsillo.com\/index.php\/wp-json\/wp\/v2\/product_tag?post=6715"}],"curies":[{"name":"wp","href":"https:\/\/api.w.org\/{rel}","templated":true}]}}