{"id":6717,"date":"2025-05-14T13:05:06","date_gmt":"2025-05-14T19:05:06","guid":{"rendered":"https:\/\/libreriahistoriasdebolsillo.com\/?post_type=product&#038;p=6717"},"modified":"2025-05-14T13:05:06","modified_gmt":"2025-05-14T19:05:06","slug":"liderazgo-asertivo","status":"publish","type":"product","link":"https:\/\/libreriahistoriasdebolsillo.com\/index.php\/producto\/liderazgo-asertivo\/","title":{"rendered":"Liderazgo asertivo"},"content":{"rendered":"<p>Liderazgo asertivo es un recurso de lectura obligada para cualquier persona que busque liberar el m\u00e1ximo potencial de crecimiento de una empresa \u2014ya sea una start-up o una organizaci\u00f3n consolidada\u2014, con el fin de transformarla y escalarla a alturas que nunca crey\u00f3 posibles. A trav\u00e9s de su historia profesional, Slootman narra de manera amena los aprendizajes que obtuvo en cada uno de los equipos que ha liderado; rescata las acciones valiosas que surgieron de ah\u00ed, y explica c\u00f3mo podemos aplicarlas con el fin de reorganizar, guiar y alinear a las personas hacia una ejecuci\u00f3n con mayor urgencia, compromiso e intensidad.<\/p>\n","protected":false},"excerpt":{"rendered":"<p>Frank Slootman<\/p>\n<p>264 p\u00e1ginas<\/p>\n","protected":false},"featured_media":6718,"template":"","meta":{"_joinchat":[]},"product_brand":[],"product_cat":[58,41,70],"product_tag":[48],"class_list":{"0":"post-6717","1":"product","2":"type-product","3":"status-publish","4":"has-post-thumbnail","6":"product_cat-desarrollo-humano-y-superacion","7":"product_cat-desarrollo-humano","8":"product_cat-novedades","9":"product_tag-vr-editoras","11":"first","12":"instock","13":"shipping-taxable","14":"purchasable","15":"product-type-simple"},"_links":{"self":[{"href":"https:\/\/libreriahistoriasdebolsillo.com\/index.php\/wp-json\/wp\/v2\/product\/6717","targetHints":{"allow":["GET"]}}],"collection":[{"href":"https:\/\/libreriahistoriasdebolsillo.com\/index.php\/wp-json\/wp\/v2\/product"}],"about":[{"href":"https:\/\/libreriahistoriasdebolsillo.com\/index.php\/wp-json\/wp\/v2\/types\/product"}],"wp:featuredmedia":[{"embeddable":true,"href":"https:\/\/libreriahistoriasdebolsillo.com\/index.php\/wp-json\/wp\/v2\/media\/6718"}],"wp:attachment":[{"href":"https:\/\/libreriahistoriasdebolsillo.com\/index.php\/wp-json\/wp\/v2\/media?parent=6717"}],"wp:term":[{"taxonomy":"product_brand","embeddable":true,"href":"https:\/\/libreriahistoriasdebolsillo.com\/index.php\/wp-json\/wp\/v2\/product_brand?post=6717"},{"taxonomy":"product_cat","embeddable":true,"href":"https:\/\/libreriahistoriasdebolsillo.com\/index.php\/wp-json\/wp\/v2\/product_cat?post=6717"},{"taxonomy":"product_tag","embeddable":true,"href":"https:\/\/libreriahistoriasdebolsillo.com\/index.php\/wp-json\/wp\/v2\/product_tag?post=6717"}],"curies":[{"name":"wp","href":"https:\/\/api.w.org\/{rel}","templated":true}]}}