{"id":6721,"date":"2025-05-14T13:09:58","date_gmt":"2025-05-14T19:09:58","guid":{"rendered":"https:\/\/libreriahistoriasdebolsillo.com\/?post_type=product&#038;p=6721"},"modified":"2025-05-14T13:09:58","modified_gmt":"2025-05-14T19:09:58","slug":"en-japon","status":"publish","type":"product","link":"https:\/\/libreriahistoriasdebolsillo.com\/index.php\/producto\/en-japon\/","title":{"rendered":"En Jap\u00f3n"},"content":{"rendered":"<p>Millones de turistas llegan a\u00f1o a a\u00f1o a Jap\u00f3n tratando de desentra\u00f1ar una de las culturas m\u00e1s antiguas, complejas y fascinantes del mundo. Cuando Chris Broad, un joven ingl\u00e9s, aterriz\u00f3 en un pueblo rural del norte de Jap\u00f3n para dar clases de idioma, fue tal el caos y el choque cultural, que crey\u00f3 que hab\u00eda tomado la peor decisi\u00f3n de su vida. Sin embargo, esa aventura dur\u00f3 diez a\u00f1os y lo llev\u00f3 a crear Abroad in Japan, el canal extranjero de YouTube m\u00e1s exitoso del mundo. Con un estilo \u00e1gil y mordaz, Chris descubre esta tierra con una mirada occidental y lentamente se deja seducir, y nosotros tambi\u00e9n, por el pa\u00eds nip\u00f3n. As\u00ed paseamos por los exuberantes arrozales del campo y luego por las fren\u00e9ticas calles iluminadas con ne\u00f3n de Tokio; probamos el yakitori y el sushi, que nada tiene que ver con el popularizado en Occidente; asistimos a un bonenkai, la fiesta de trabajo en la que se bebe hasta \u201colvidar el a\u00f1o\u201d y conocemos la jerarqu\u00eda al hablar seg\u00fan seamos keigo o senpai (los m\u00e1s j\u00f3venes o los m\u00e1s ancianos de la conversaci\u00f3n). En Jap\u00f3n es un extraordinario viaje por la tierra del sol naciente, en el que descubriremos los escenarios, las comidas y costumbres que dan forma a la literatura japonesa. Y comprenderemos mejor a un pa\u00eds que era herm\u00e9tico hasta hace poco y hoy es el epicentro de las tendencias<\/p>\n","protected":false},"excerpt":{"rendered":"<p>Chris Broad<\/p>\n<p>328 p\u00e1ginas<\/p>\n","protected":false},"featured_media":6722,"template":"","meta":{"_joinchat":[]},"product_brand":[],"product_cat":[41,70],"product_tag":[48],"class_list":{"0":"post-6721","1":"product","2":"type-product","3":"status-publish","4":"has-post-thumbnail","6":"product_cat-desarrollo-humano","7":"product_cat-novedades","8":"product_tag-vr-editoras","10":"first","11":"instock","12":"shipping-taxable","13":"purchasable","14":"product-type-simple"},"_links":{"self":[{"href":"https:\/\/libreriahistoriasdebolsillo.com\/index.php\/wp-json\/wp\/v2\/product\/6721","targetHints":{"allow":["GET"]}}],"collection":[{"href":"https:\/\/libreriahistoriasdebolsillo.com\/index.php\/wp-json\/wp\/v2\/product"}],"about":[{"href":"https:\/\/libreriahistoriasdebolsillo.com\/index.php\/wp-json\/wp\/v2\/types\/product"}],"wp:featuredmedia":[{"embeddable":true,"href":"https:\/\/libreriahistoriasdebolsillo.com\/index.php\/wp-json\/wp\/v2\/media\/6722"}],"wp:attachment":[{"href":"https:\/\/libreriahistoriasdebolsillo.com\/index.php\/wp-json\/wp\/v2\/media?parent=6721"}],"wp:term":[{"taxonomy":"product_brand","embeddable":true,"href":"https:\/\/libreriahistoriasdebolsillo.com\/index.php\/wp-json\/wp\/v2\/product_brand?post=6721"},{"taxonomy":"product_cat","embeddable":true,"href":"https:\/\/libreriahistoriasdebolsillo.com\/index.php\/wp-json\/wp\/v2\/product_cat?post=6721"},{"taxonomy":"product_tag","embeddable":true,"href":"https:\/\/libreriahistoriasdebolsillo.com\/index.php\/wp-json\/wp\/v2\/product_tag?post=6721"}],"curies":[{"name":"wp","href":"https:\/\/api.w.org\/{rel}","templated":true}]}}