{"id":6723,"date":"2025-05-14T13:13:00","date_gmt":"2025-05-14T19:13:00","guid":{"rendered":"https:\/\/libreriahistoriasdebolsillo.com\/?post_type=product&#038;p=6723"},"modified":"2025-05-17T10:30:55","modified_gmt":"2025-05-17T16:30:55","slug":"breve-historia-del-presente","status":"publish","type":"product","link":"https:\/\/libreriahistoriasdebolsillo.com\/index.php\/producto\/breve-historia-del-presente\/","title":{"rendered":"Breve historia del presente"},"content":{"rendered":"<p>La mejor manera de entender el mundo real y los retos a los que nos enfrentamos en el futuro es saber c\u00f3mo hemos llegado hasta aqu\u00ed. Esta exhaustiva obra explora la historia y las din\u00e1micas de los poderes mundiales desde mediados del siglo XIX, con la voluntad de ir m\u00e1s all\u00e1 de la mera cr\u00f3nica del pasado e interrogarse sobre las din\u00e1micas globales que nos han hecho evolucionar pol\u00edtica, social y econ\u00f3micamente. El resultado es un l\u00facido relato hist\u00f3rico sobre c\u00f3mo se han establecido y desarrollado las hegemon\u00edas planetarias y las fuerzas que han moldeado el mundo tal y como lo conocemos durante los dos \u00faltimos siglos, y tambi\u00e9n un di\u00e1logo fecundo entre el pasado, el presente y el futuro que nos aguarda.<\/p>\n","protected":false},"excerpt":{"rendered":"<p>Diego Olstein<\/p>\n<p>528 p\u00e1ginas<\/p>\n","protected":false},"featured_media":6724,"template":"","meta":{"_joinchat":[]},"product_brand":[],"product_cat":[41],"product_tag":[48],"class_list":{"0":"post-6723","1":"product","2":"type-product","3":"status-publish","4":"has-post-thumbnail","6":"product_cat-desarrollo-humano","7":"product_tag-vr-editoras","9":"first","10":"instock","11":"shipping-taxable","12":"purchasable","13":"product-type-simple"},"_links":{"self":[{"href":"https:\/\/libreriahistoriasdebolsillo.com\/index.php\/wp-json\/wp\/v2\/product\/6723","targetHints":{"allow":["GET"]}}],"collection":[{"href":"https:\/\/libreriahistoriasdebolsillo.com\/index.php\/wp-json\/wp\/v2\/product"}],"about":[{"href":"https:\/\/libreriahistoriasdebolsillo.com\/index.php\/wp-json\/wp\/v2\/types\/product"}],"wp:featuredmedia":[{"embeddable":true,"href":"https:\/\/libreriahistoriasdebolsillo.com\/index.php\/wp-json\/wp\/v2\/media\/6724"}],"wp:attachment":[{"href":"https:\/\/libreriahistoriasdebolsillo.com\/index.php\/wp-json\/wp\/v2\/media?parent=6723"}],"wp:term":[{"taxonomy":"product_brand","embeddable":true,"href":"https:\/\/libreriahistoriasdebolsillo.com\/index.php\/wp-json\/wp\/v2\/product_brand?post=6723"},{"taxonomy":"product_cat","embeddable":true,"href":"https:\/\/libreriahistoriasdebolsillo.com\/index.php\/wp-json\/wp\/v2\/product_cat?post=6723"},{"taxonomy":"product_tag","embeddable":true,"href":"https:\/\/libreriahistoriasdebolsillo.com\/index.php\/wp-json\/wp\/v2\/product_tag?post=6723"}],"curies":[{"name":"wp","href":"https:\/\/api.w.org\/{rel}","templated":true}]}}