{"id":6725,"date":"2025-05-15T09:28:02","date_gmt":"2025-05-15T15:28:02","guid":{"rendered":"https:\/\/libreriahistoriasdebolsillo.com\/?post_type=product&#038;p=6725"},"modified":"2025-07-10T17:11:44","modified_gmt":"2025-07-10T23:11:44","slug":"te-veo-en-el-lago","status":"publish","type":"product","link":"https:\/\/libreriahistoriasdebolsillo.com\/index.php\/producto\/te-veo-en-el-lago\/","title":{"rendered":"Te veo en el lago"},"content":{"rendered":"<p>Fern Brookbanks ha malgastado demasiados a\u00f1os pensando en Will Baxter. Pas\u00f3 solo veinticuatro horas con el artista en un d\u00eda fortuito de aventuras por Toronto. Se confiaron sus sue\u00f1os y secretos y prometieron reencontrarse un a\u00f1o despu\u00e9s. Fern acudi\u00f3 a la cita. Will, no.<\/p>\n<p>Ahora, ella vive en la casa de su ni\u00f1ez, regenta el resort de su madre en Muskoka, que est\u00e1 hecho un desastre, y necesita un salvavidas. Para su eterna sorpresa, su deseo se cumple cuando Will aparece, nueve a\u00f1os tarde, con una maleta y una oferta para ayudarla. Pero \u00bfc\u00f3mo va a fiarse ella de ese hombre trajeado que se parece tan poco al que conoci\u00f3?<\/p>\n<p>Will oculta algo, y Fern no est\u00e1 segura de querer saber qu\u00e9. Sin embargo, hace a\u00f1os \u00e9l la rescat\u00f3. Y puede que haya llegado la hora de que ella le devuelva el favor.<\/p>\n","protected":false},"excerpt":{"rendered":"<p>Carley Fortune<\/p>\n<p>320 p\u00e1ginas<\/p>\n","protected":false},"featured_media":6726,"template":"","meta":{"_joinchat":[]},"product_brand":[],"product_cat":[70,35],"product_tag":[34],"class_list":{"0":"post-6725","1":"product","2":"type-product","3":"status-publish","4":"has-post-thumbnail","6":"product_cat-novedades","7":"product_cat-romantica","8":"product_tag-penguin-random-house","10":"first","11":"outofstock","12":"shipping-taxable","13":"purchasable","14":"product-type-simple"},"_links":{"self":[{"href":"https:\/\/libreriahistoriasdebolsillo.com\/index.php\/wp-json\/wp\/v2\/product\/6725","targetHints":{"allow":["GET"]}}],"collection":[{"href":"https:\/\/libreriahistoriasdebolsillo.com\/index.php\/wp-json\/wp\/v2\/product"}],"about":[{"href":"https:\/\/libreriahistoriasdebolsillo.com\/index.php\/wp-json\/wp\/v2\/types\/product"}],"wp:featuredmedia":[{"embeddable":true,"href":"https:\/\/libreriahistoriasdebolsillo.com\/index.php\/wp-json\/wp\/v2\/media\/6726"}],"wp:attachment":[{"href":"https:\/\/libreriahistoriasdebolsillo.com\/index.php\/wp-json\/wp\/v2\/media?parent=6725"}],"wp:term":[{"taxonomy":"product_brand","embeddable":true,"href":"https:\/\/libreriahistoriasdebolsillo.com\/index.php\/wp-json\/wp\/v2\/product_brand?post=6725"},{"taxonomy":"product_cat","embeddable":true,"href":"https:\/\/libreriahistoriasdebolsillo.com\/index.php\/wp-json\/wp\/v2\/product_cat?post=6725"},{"taxonomy":"product_tag","embeddable":true,"href":"https:\/\/libreriahistoriasdebolsillo.com\/index.php\/wp-json\/wp\/v2\/product_tag?post=6725"}],"curies":[{"name":"wp","href":"https:\/\/api.w.org\/{rel}","templated":true}]}}