{"id":6727,"date":"2025-05-15T09:30:48","date_gmt":"2025-05-15T15:30:48","guid":{"rendered":"https:\/\/libreriahistoriasdebolsillo.com\/?post_type=product&#038;p=6727"},"modified":"2025-11-21T13:24:26","modified_gmt":"2025-11-21T19:24:26","slug":"maple-hills-2-saltan-chispas","status":"publish","type":"product","link":"https:\/\/libreriahistoriasdebolsillo.com\/index.php\/producto\/maple-hills-2-saltan-chispas\/","title":{"rendered":"Maple Hills 2. Saltan chispas"},"content":{"rendered":"<p><b>LA SERIE DE MAPLE HILLS CONTIN\u00daA DESPU\u00c9S DE ROMPER EL HIELO CON DOS GU\u00cdAS DE CAMPAMENTO QUE SE REENCUENTRAN TRAS UNA AVENTURA DE UNA NOCHE.<\/b><\/p>\n<p>Russ Callaghan y Aurora Roberts coinciden en una fiesta de fin de curso y, despu\u00e9s de dejarse llevar por un juego, acaban enroll\u00e1ndose. Sin embargo, Aurora se escabulle antes de que \u00e9l tenga la oportunidad de preguntarle su nombre completo.<\/p>\n<p>Sin saberlo, ambos van a trabajar en el mismo campamento de verano: Russ espera poner suficiente distancia con su padre, mientras que Aurora solo desea volver al \u00faltimo lugar donde se sinti\u00f3 como en casa.<\/p>\n<p>Russ sabe perfectamente que tiene prohibido \u00abfraternizar\u00bb con Aurora si no quiere que lo echen. Desgraciadamente para \u00e9l, a ella nunca le han importado mucho las reglas&#8230;<\/p>\n<p>Ahora solo les queda descubrir si las chispas que saltaron entre ellos durante su primera noche quedar\u00e1n en nada o si, por el contrario, lo incendiar\u00e1n todo.<\/p>\n","protected":false},"excerpt":{"rendered":"<p>Hannah Grace<\/p>\n<p>400 p\u00e1ginas<\/p>\n","protected":false},"featured_media":6728,"template":"","meta":{"_joinchat":[]},"product_brand":[],"product_cat":[70,35],"product_tag":[34],"class_list":{"0":"post-6727","1":"product","2":"type-product","3":"status-publish","4":"has-post-thumbnail","6":"product_cat-novedades","7":"product_cat-romantica","8":"product_tag-penguin-random-house","10":"first","11":"outofstock","12":"shipping-taxable","13":"purchasable","14":"product-type-simple"},"_links":{"self":[{"href":"https:\/\/libreriahistoriasdebolsillo.com\/index.php\/wp-json\/wp\/v2\/product\/6727","targetHints":{"allow":["GET"]}}],"collection":[{"href":"https:\/\/libreriahistoriasdebolsillo.com\/index.php\/wp-json\/wp\/v2\/product"}],"about":[{"href":"https:\/\/libreriahistoriasdebolsillo.com\/index.php\/wp-json\/wp\/v2\/types\/product"}],"wp:featuredmedia":[{"embeddable":true,"href":"https:\/\/libreriahistoriasdebolsillo.com\/index.php\/wp-json\/wp\/v2\/media\/6728"}],"wp:attachment":[{"href":"https:\/\/libreriahistoriasdebolsillo.com\/index.php\/wp-json\/wp\/v2\/media?parent=6727"}],"wp:term":[{"taxonomy":"product_brand","embeddable":true,"href":"https:\/\/libreriahistoriasdebolsillo.com\/index.php\/wp-json\/wp\/v2\/product_brand?post=6727"},{"taxonomy":"product_cat","embeddable":true,"href":"https:\/\/libreriahistoriasdebolsillo.com\/index.php\/wp-json\/wp\/v2\/product_cat?post=6727"},{"taxonomy":"product_tag","embeddable":true,"href":"https:\/\/libreriahistoriasdebolsillo.com\/index.php\/wp-json\/wp\/v2\/product_tag?post=6727"}],"curies":[{"name":"wp","href":"https:\/\/api.w.org\/{rel}","templated":true}]}}