{"id":6729,"date":"2025-05-15T09:35:08","date_gmt":"2025-05-15T15:35:08","guid":{"rendered":"https:\/\/libreriahistoriasdebolsillo.com\/?post_type=product&#038;p=6729"},"modified":"2025-05-15T09:35:08","modified_gmt":"2025-05-15T15:35:08","slug":"el-monte-de-las-furias","status":"publish","type":"product","link":"https:\/\/libreriahistoriasdebolsillo.com\/index.php\/producto\/el-monte-de-las-furias\/","title":{"rendered":"El monte de las furias"},"content":{"rendered":"<p>Una mujer vive en la ladera de la monta\u00f1a, entre la neblina que baja y el follaje feraz. Su misi\u00f3n es cuidar los linderos, avisar al celador de cualquier anomal\u00eda. En sus cuadernos escribe sobre su rutina parsimoniosa y los recuerdos de una infancia marcada por una madre brutal y por el deseo insatisfecho de aprender. Al fondo, se escucha la cantera y el ruido de las camionetas blindadas sobre la destapada. Un d\u00eda aparece en su jard\u00edn un cuerpo, y turbados y cuidadosos de no llamar la atenci\u00f3n, con el celador deciden enterrarlo. Pero aparece otro. Y otro y otro y otro\u2026<\/p>\n<p>La escritura prodigiosa, caracter\u00edstica de Tr\u00edas, reluce en esta novela inquietante y atmosf\u00e9rica, en la que los t\u00f3picos de la madre, la violencia y la relaci\u00f3n con la naturaleza reaparecen, y con cu\u00e1nta fuerza estremecen al lector.<\/p>\n","protected":false},"excerpt":{"rendered":"<p>Fernanda Tr\u00edas<\/p>\n<p>248 p\u00e1ginas<\/p>\n","protected":false},"featured_media":6730,"template":"","meta":{"_joinchat":[]},"product_brand":[],"product_cat":[78,33],"product_tag":[34],"class_list":{"0":"post-6729","1":"product","2":"type-product","3":"status-publish","4":"has-post-thumbnail","6":"product_cat-contemporanea","7":"product_cat-ficcion-general","8":"product_tag-penguin-random-house","10":"first","11":"instock","12":"shipping-taxable","13":"purchasable","14":"product-type-simple"},"_links":{"self":[{"href":"https:\/\/libreriahistoriasdebolsillo.com\/index.php\/wp-json\/wp\/v2\/product\/6729","targetHints":{"allow":["GET"]}}],"collection":[{"href":"https:\/\/libreriahistoriasdebolsillo.com\/index.php\/wp-json\/wp\/v2\/product"}],"about":[{"href":"https:\/\/libreriahistoriasdebolsillo.com\/index.php\/wp-json\/wp\/v2\/types\/product"}],"wp:featuredmedia":[{"embeddable":true,"href":"https:\/\/libreriahistoriasdebolsillo.com\/index.php\/wp-json\/wp\/v2\/media\/6730"}],"wp:attachment":[{"href":"https:\/\/libreriahistoriasdebolsillo.com\/index.php\/wp-json\/wp\/v2\/media?parent=6729"}],"wp:term":[{"taxonomy":"product_brand","embeddable":true,"href":"https:\/\/libreriahistoriasdebolsillo.com\/index.php\/wp-json\/wp\/v2\/product_brand?post=6729"},{"taxonomy":"product_cat","embeddable":true,"href":"https:\/\/libreriahistoriasdebolsillo.com\/index.php\/wp-json\/wp\/v2\/product_cat?post=6729"},{"taxonomy":"product_tag","embeddable":true,"href":"https:\/\/libreriahistoriasdebolsillo.com\/index.php\/wp-json\/wp\/v2\/product_tag?post=6729"}],"curies":[{"name":"wp","href":"https:\/\/api.w.org\/{rel}","templated":true}]}}