{"id":6731,"date":"2025-05-15T09:37:41","date_gmt":"2025-05-15T15:37:41","guid":{"rendered":"https:\/\/libreriahistoriasdebolsillo.com\/?post_type=product&#038;p=6731"},"modified":"2025-11-20T13:25:21","modified_gmt":"2025-11-20T19:25:21","slug":"secretos-de-familia","status":"publish","type":"product","link":"https:\/\/libreriahistoriasdebolsillo.com\/index.php\/producto\/secretos-de-familia\/","title":{"rendered":"Secretos de familia"},"content":{"rendered":"<p><b>Siempre ha habido excluidos y siempre ha habido secretos en las familias. \u00bfQu\u00e9 ocasionan estos actos y silencios? \u00bfC\u00f3mo se traducen en las relaciones personales? \u00bfPor qu\u00e9 a veces repetimos patrones y no entendemos de d\u00f3nde vienen? \u00bfC\u00f3mo reordenar el sistema familiar para sanar?<\/b><\/p>\n<p>Las<b>\u00a0constelaciones familiares<\/b>\u00a0son un instrumento de diagn\u00f3stico altamente eficaz que proporciona una respuesta objetiva a este tipo de cuestionamientos. Mediante las constelaciones, lo que se consideraba \u00abmalo\u00bb, como la enfermedad, la soledad, la tragedia o la muerte, cobra un nuevo significado y una fuerza potencial que restituye el sentido de la vida; asimismo, podemos\u00a0<b>desmitificar el dolor,<\/b>\u00a0reconocerlo como gran aliado, y respetar los errores y la historia de nuestros ancestros para hacer algo mejor.<\/p>\n<p>Por ello, en este libro actualizado, Ingala Robl (la especialista n\u00famero uno en Constelaciones familiares en toda Am\u00e9rica Latina y disc\u00edpula directa del creador de este m\u00e9todo) nos presenta una extraordinaria\u00a0<b>herramienta\u00a0<\/b>para observar, reconocer, aceptar y honrar lo que nos ha tocado, soltar aquello que no nos corresponde y asumir con humildad que hay una fuerza superior, una gran alma que nos une a nuestros antepasados y nos gu\u00eda para contemplar y vivir la vida, permitiendo que fluya hacia donde tiene que fluir:\u00a0<b>hacia un destino m\u00e1s all\u00e1 de nuestra limitada comprensi\u00f3n individual.<\/b><\/p>\n","protected":false},"excerpt":{"rendered":"<p>Ingala Robl<\/p>\n<p>120 p\u00e1ginas<\/p>\n","protected":false},"featured_media":6732,"template":"","meta":{"_joinchat":[]},"product_brand":[],"product_cat":[58,41,70],"product_tag":[34],"class_list":{"0":"post-6731","1":"product","2":"type-product","3":"status-publish","4":"has-post-thumbnail","6":"product_cat-desarrollo-humano-y-superacion","7":"product_cat-desarrollo-humano","8":"product_cat-novedades","9":"product_tag-penguin-random-house","11":"first","12":"outofstock","13":"shipping-taxable","14":"purchasable","15":"product-type-simple"},"_links":{"self":[{"href":"https:\/\/libreriahistoriasdebolsillo.com\/index.php\/wp-json\/wp\/v2\/product\/6731","targetHints":{"allow":["GET"]}}],"collection":[{"href":"https:\/\/libreriahistoriasdebolsillo.com\/index.php\/wp-json\/wp\/v2\/product"}],"about":[{"href":"https:\/\/libreriahistoriasdebolsillo.com\/index.php\/wp-json\/wp\/v2\/types\/product"}],"wp:featuredmedia":[{"embeddable":true,"href":"https:\/\/libreriahistoriasdebolsillo.com\/index.php\/wp-json\/wp\/v2\/media\/6732"}],"wp:attachment":[{"href":"https:\/\/libreriahistoriasdebolsillo.com\/index.php\/wp-json\/wp\/v2\/media?parent=6731"}],"wp:term":[{"taxonomy":"product_brand","embeddable":true,"href":"https:\/\/libreriahistoriasdebolsillo.com\/index.php\/wp-json\/wp\/v2\/product_brand?post=6731"},{"taxonomy":"product_cat","embeddable":true,"href":"https:\/\/libreriahistoriasdebolsillo.com\/index.php\/wp-json\/wp\/v2\/product_cat?post=6731"},{"taxonomy":"product_tag","embeddable":true,"href":"https:\/\/libreriahistoriasdebolsillo.com\/index.php\/wp-json\/wp\/v2\/product_tag?post=6731"}],"curies":[{"name":"wp","href":"https:\/\/api.w.org\/{rel}","templated":true}]}}