{"id":6733,"date":"2025-05-15T09:43:26","date_gmt":"2025-05-15T15:43:26","guid":{"rendered":"https:\/\/libreriahistoriasdebolsillo.com\/?post_type=product&#038;p=6733"},"modified":"2025-05-15T09:43:26","modified_gmt":"2025-05-15T15:43:26","slug":"los-secretos-de-la-papeleria-shihodo","status":"publish","type":"product","link":"https:\/\/libreriahistoriasdebolsillo.com\/index.php\/producto\/los-secretos-de-la-papeleria-shihodo\/","title":{"rendered":"Los secretos de la Papeler\u00eda Shihodo"},"content":{"rendered":"<p><b>Un tributo exquisito al arte de la caligraf\u00eda y el poder de la correspondencia. Cinco historias alrededor de una encantadora papeler\u00eda en Tokio<\/b><\/p>\n<p>Escondida en las calles del elegante barrio de Ginza, en Tokio, se alza la antiqu\u00edsima y c\u00e9lebre Papeler\u00eda Shihodo. La regenta Ken Takarada, y adentrarse en ella es hacerlo en un universo casi m\u00e1gico donde es posible encontrar todos los tesoros que un amante del material de papeler\u00eda desea, desde el papel\u00a0<i>washi\u00a0<\/i>m\u00e1s exquisito hasta las estilogr\u00e1ficas que mejor se adaptan a cada mano. Siempre c\u00e1lido y cort\u00e9s, el se\u00f1or Takarada tiene preparado un tranquilo rinc\u00f3n en el piso de arriba para que los clientes que lo requieran, dotados de los instrumentos precisos, puedan dar rienda suelta a sus emociones m\u00e1s \u00edntimas y conseguir que las palabras fluyan.<\/p>\n<p>Exquisito tributo al arte de la correspondencia,\u00a0<i>Los secretos de la Papeler\u00eda Shihodo\u00a0<\/i>nos ofrece cinco historias conmovedoras y edificantes que retratan el Jap\u00f3n de hoy, donde pervive la infinita sutileza del Jap\u00f3n de siempre, y el v\u00ednculo entra\u00f1able que no s\u00f3lo all\u00ed, sino en el mundo entero, une las plumas y los papeles con los sentimientos m\u00e1s hondos.<\/p>\n<p><b>Traducci\u00f3n de Daniel Aguilar<\/b><\/p>\n","protected":false},"excerpt":{"rendered":"<p>Kenji Ueda<\/p>\n<p>256 p\u00e1ginas<\/p>\n","protected":false},"featured_media":6735,"template":"","meta":{"_joinchat":[]},"product_brand":[],"product_cat":[33,70],"product_tag":[34],"class_list":{"0":"post-6733","1":"product","2":"type-product","3":"status-publish","4":"has-post-thumbnail","6":"product_cat-ficcion-general","7":"product_cat-novedades","8":"product_tag-penguin-random-house","10":"first","11":"instock","12":"shipping-taxable","13":"purchasable","14":"product-type-simple"},"_links":{"self":[{"href":"https:\/\/libreriahistoriasdebolsillo.com\/index.php\/wp-json\/wp\/v2\/product\/6733","targetHints":{"allow":["GET"]}}],"collection":[{"href":"https:\/\/libreriahistoriasdebolsillo.com\/index.php\/wp-json\/wp\/v2\/product"}],"about":[{"href":"https:\/\/libreriahistoriasdebolsillo.com\/index.php\/wp-json\/wp\/v2\/types\/product"}],"wp:featuredmedia":[{"embeddable":true,"href":"https:\/\/libreriahistoriasdebolsillo.com\/index.php\/wp-json\/wp\/v2\/media\/6735"}],"wp:attachment":[{"href":"https:\/\/libreriahistoriasdebolsillo.com\/index.php\/wp-json\/wp\/v2\/media?parent=6733"}],"wp:term":[{"taxonomy":"product_brand","embeddable":true,"href":"https:\/\/libreriahistoriasdebolsillo.com\/index.php\/wp-json\/wp\/v2\/product_brand?post=6733"},{"taxonomy":"product_cat","embeddable":true,"href":"https:\/\/libreriahistoriasdebolsillo.com\/index.php\/wp-json\/wp\/v2\/product_cat?post=6733"},{"taxonomy":"product_tag","embeddable":true,"href":"https:\/\/libreriahistoriasdebolsillo.com\/index.php\/wp-json\/wp\/v2\/product_tag?post=6733"}],"curies":[{"name":"wp","href":"https:\/\/api.w.org\/{rel}","templated":true}]}}