{"id":6736,"date":"2025-05-15T09:46:15","date_gmt":"2025-05-15T15:46:15","guid":{"rendered":"https:\/\/libreriahistoriasdebolsillo.com\/?post_type=product&#038;p=6736"},"modified":"2025-10-09T10:07:46","modified_gmt":"2025-10-09T16:07:46","slug":"la-reina-roja","status":"publish","type":"product","link":"https:\/\/libreriahistoriasdebolsillo.com\/index.php\/producto\/la-reina-roja\/","title":{"rendered":"La reina roja"},"content":{"rendered":"<p><b>En junio de 1994 se desenterr\u00f3 en<\/b>\u00a0<b>Palenque, Chiapas, uno de los m\u00e1s<\/b>\u00a0<b>grandes misterios arqueol\u00f3gicos<\/b>\u00a0<b>del siglo<\/b>\u00a0<b>xx<\/b><b>: una tumba colmada<\/b>\u00a0<b>de jade y cinabrio, pero sin inscripciones.<\/b>\u00a0<b>El cuerpo era de una<\/b>\u00a0<b>mujer, algo inaudito hasta entonces:<\/b>\u00a0<b>ninguna gobernante maya,<\/b>\u00a0<b>que se supiera, hab\u00eda recibido ese tipo de honores.<\/b><\/p>\n<p><b>Testigo presencial<\/b>\u00a0del hallazgo,\u00a0<b>Adriana Malvido<\/b>\u00a0reconstruye la voz de\u00a0<b>la Reina Roja<\/b>\u00a0para que sea ella quien nos cuente su historia y la de su pueblo, no sin una buena dosis de\u00a0<b>suspenso y misticismo<\/b>. Como una ventana a un mundo perdido, la figura de\u00a0<b>Tz\u2019akab<\/b><b>\u2019<\/b>\u00a0<b>Ajaw<\/b>\u00a0ha ayudado a comprender mejor la\u00a0<b>civilizaci\u00f3n maya<\/b>\u00a0y ha transformado las vidas de quienes han estado cerca de ella, cient\u00edficos e investigadores en cuyos d\u00edas y noches tambi\u00e9n nos adentramos en esta\u00a0<b>deslumbrante\u00a0<\/b><b>cr\u00f3nica<\/b>.<\/p>\n<p>Esta nueva edici\u00f3n, que conmemora los\u00a0<b>treinta a\u00f1os<\/b>\u00a0del descubrimiento, ha sido actualizada para ofrecer a los lectores la informaci\u00f3n m\u00e1s reciente sobre la identidad y la vida de la Reina Roja.\u00a0<b>El misterio<\/b>\u00a0m\u00e1s grande est\u00e1 ya resuelto, pero con cada respuesta la fascinaci\u00f3n por el mundo maya, lejos de disiparse, no ha hecho m\u00e1s que crecer.<\/p>\n","protected":false},"excerpt":{"rendered":"<p>Adriana Malvido<\/p>\n<p>400 p\u00e1ginas<\/p>\n","protected":false},"featured_media":6737,"template":"","meta":{"_joinchat":[]},"product_brand":[],"product_cat":[41,70],"product_tag":[34],"class_list":{"0":"post-6736","1":"product","2":"type-product","3":"status-publish","4":"has-post-thumbnail","6":"product_cat-desarrollo-humano","7":"product_cat-novedades","8":"product_tag-penguin-random-house","10":"first","11":"outofstock","12":"shipping-taxable","13":"purchasable","14":"product-type-simple"},"_links":{"self":[{"href":"https:\/\/libreriahistoriasdebolsillo.com\/index.php\/wp-json\/wp\/v2\/product\/6736","targetHints":{"allow":["GET"]}}],"collection":[{"href":"https:\/\/libreriahistoriasdebolsillo.com\/index.php\/wp-json\/wp\/v2\/product"}],"about":[{"href":"https:\/\/libreriahistoriasdebolsillo.com\/index.php\/wp-json\/wp\/v2\/types\/product"}],"wp:featuredmedia":[{"embeddable":true,"href":"https:\/\/libreriahistoriasdebolsillo.com\/index.php\/wp-json\/wp\/v2\/media\/6737"}],"wp:attachment":[{"href":"https:\/\/libreriahistoriasdebolsillo.com\/index.php\/wp-json\/wp\/v2\/media?parent=6736"}],"wp:term":[{"taxonomy":"product_brand","embeddable":true,"href":"https:\/\/libreriahistoriasdebolsillo.com\/index.php\/wp-json\/wp\/v2\/product_brand?post=6736"},{"taxonomy":"product_cat","embeddable":true,"href":"https:\/\/libreriahistoriasdebolsillo.com\/index.php\/wp-json\/wp\/v2\/product_cat?post=6736"},{"taxonomy":"product_tag","embeddable":true,"href":"https:\/\/libreriahistoriasdebolsillo.com\/index.php\/wp-json\/wp\/v2\/product_tag?post=6736"}],"curies":[{"name":"wp","href":"https:\/\/api.w.org\/{rel}","templated":true}]}}