{"id":6738,"date":"2025-05-15T09:50:03","date_gmt":"2025-05-15T15:50:03","guid":{"rendered":"https:\/\/libreriahistoriasdebolsillo.com\/?post_type=product&#038;p=6738"},"modified":"2025-05-15T09:53:06","modified_gmt":"2025-05-15T15:53:06","slug":"anna-thalberg","status":"publish","type":"product","link":"https:\/\/libreriahistoriasdebolsillo.com\/index.php\/producto\/anna-thalberg\/","title":{"rendered":"Anna Thalberg"},"content":{"rendered":"<p><b>\u00ab<\/b><b>Una obra estupenda que reta al lector en m\u00faltiples niveles y se comunica de manera directa con nuestro presente<\/b><b>\u00bb<\/b><b>. Cristina Rivera Garza<\/b><\/p>\n<p><b>\u00ab<\/b><b>Es una novela muy elegante. Un libro org\u00e1nico cuya lectura se siente muy natural<\/b><b>\u00bb<\/b><b>. Juli\u00e1n Herbert<\/b><\/p>\n<p><b>Sacada a la fuerza de su casa y llevada a la ciudad de Wurzburgo, Anna halberg deber\u00e1 enfrentar un juicio por brujer\u00eda instigado por sus vecinos y dirigido por un feroz inquisidor. Mientras permanece recluida en la torre de brujas, su marido y el sacerdote de la aldea har\u00e1n lo imposible por librarla de la hoguera. Brujas, hombres lobo, esp\u00edritus familiares y hasta un demonio que teologiza se dan cita en estas p\u00e1ginas, pero su presencia es insuficiente para ocultar el verdadero horror; la inhumanidad de las instituciones y la maldad arbitraria que anida en el coraz\u00f3n del ser humano.<\/b><\/p>\n","protected":false},"excerpt":{"rendered":"<p>Eduardo Sangarcia<\/p>\n<p>184 p\u00e1ginas<\/p>\n","protected":false},"featured_media":6739,"template":"","meta":{"_joinchat":[]},"product_brand":[],"product_cat":[37,51],"product_tag":[34],"class_list":{"0":"post-6738","1":"product","2":"type-product","3":"status-publish","4":"has-post-thumbnail","6":"product_cat-misterio-y-thriller","7":"product_cat-oferta","8":"product_tag-penguin-random-house","10":"first","11":"instock","12":"shipping-taxable","13":"purchasable","14":"product-type-simple"},"_links":{"self":[{"href":"https:\/\/libreriahistoriasdebolsillo.com\/index.php\/wp-json\/wp\/v2\/product\/6738","targetHints":{"allow":["GET"]}}],"collection":[{"href":"https:\/\/libreriahistoriasdebolsillo.com\/index.php\/wp-json\/wp\/v2\/product"}],"about":[{"href":"https:\/\/libreriahistoriasdebolsillo.com\/index.php\/wp-json\/wp\/v2\/types\/product"}],"wp:featuredmedia":[{"embeddable":true,"href":"https:\/\/libreriahistoriasdebolsillo.com\/index.php\/wp-json\/wp\/v2\/media\/6739"}],"wp:attachment":[{"href":"https:\/\/libreriahistoriasdebolsillo.com\/index.php\/wp-json\/wp\/v2\/media?parent=6738"}],"wp:term":[{"taxonomy":"product_brand","embeddable":true,"href":"https:\/\/libreriahistoriasdebolsillo.com\/index.php\/wp-json\/wp\/v2\/product_brand?post=6738"},{"taxonomy":"product_cat","embeddable":true,"href":"https:\/\/libreriahistoriasdebolsillo.com\/index.php\/wp-json\/wp\/v2\/product_cat?post=6738"},{"taxonomy":"product_tag","embeddable":true,"href":"https:\/\/libreriahistoriasdebolsillo.com\/index.php\/wp-json\/wp\/v2\/product_tag?post=6738"}],"curies":[{"name":"wp","href":"https:\/\/api.w.org\/{rel}","templated":true}]}}