{"id":6740,"date":"2025-05-15T09:52:29","date_gmt":"2025-05-15T15:52:29","guid":{"rendered":"https:\/\/libreriahistoriasdebolsillo.com\/?post_type=product&#038;p=6740"},"modified":"2025-05-15T09:52:29","modified_gmt":"2025-05-15T15:52:29","slug":"el-buen-mal","status":"publish","type":"product","link":"https:\/\/libreriahistoriasdebolsillo.com\/index.php\/producto\/el-buen-mal\/","title":{"rendered":"El buen mal"},"content":{"rendered":"<p><b>Samanta Schweblin, la maestra del cuento contempor\u00e1neo latinoamericano, regresa con un libro destinado a convertirse en un cl\u00e1sico global<\/b><\/p>\n<p>Magn\u00e9ticos e irresistibles.<\/p>\n<p>En cada uno de los cuentos de El buen mal, Samanta Schweblin nos abduce a otra dimensi\u00f3n donde quedamos en contacto \u00edntimo con sus personajes. Encandilados por el fulgor de la inminente tragedia, vulnerables y profundamente humanos, advierten cu\u00e1nto podr\u00eda transformarlos la irrupci\u00f3n de lo inesperado.<\/p>\n<p>A algunos los dejar\u00e1 de pie frente al dolor, a otros dialogando con la culpa y a todos atravesados por la incertidumbre. \u00bfImporta saber qu\u00e9 es verdad? Se trata, de principio a fin, de ser part\u00edcipes de un fenomenal artificio literario.<\/p>\n<p>Con in\u00e9dita perspicacia, Schweblin intuye el punto de quiebre de una voluntad, la intensidad premonitoria de un temblor y la lejan\u00eda que impone la ternura. Conoce la mejor de las infinitas posibilidades de una historia y el modo de encajar las piezas de una trama para dar con un gran relato que se hunda y proyecte, oscurezca e ilumine el d\u00eda a d\u00eda de la \u00e9poca y el alma de quienes la habitan. En su literatura, premiada internacionalmente, los filos entre realidad y ensue\u00f1o deslumbran como los de un cuchillo.<\/p>\n","protected":false},"excerpt":{"rendered":"<p>Samanta Schweblin<\/p>\n<p>192 p\u00e1ginas<\/p>\n","protected":false},"featured_media":6741,"template":"","meta":{"_joinchat":[]},"product_brand":[],"product_cat":[33,70],"product_tag":[34],"class_list":{"0":"post-6740","1":"product","2":"type-product","3":"status-publish","4":"has-post-thumbnail","6":"product_cat-ficcion-general","7":"product_cat-novedades","8":"product_tag-penguin-random-house","10":"first","11":"instock","12":"shipping-taxable","13":"purchasable","14":"product-type-simple"},"_links":{"self":[{"href":"https:\/\/libreriahistoriasdebolsillo.com\/index.php\/wp-json\/wp\/v2\/product\/6740","targetHints":{"allow":["GET"]}}],"collection":[{"href":"https:\/\/libreriahistoriasdebolsillo.com\/index.php\/wp-json\/wp\/v2\/product"}],"about":[{"href":"https:\/\/libreriahistoriasdebolsillo.com\/index.php\/wp-json\/wp\/v2\/types\/product"}],"wp:featuredmedia":[{"embeddable":true,"href":"https:\/\/libreriahistoriasdebolsillo.com\/index.php\/wp-json\/wp\/v2\/media\/6741"}],"wp:attachment":[{"href":"https:\/\/libreriahistoriasdebolsillo.com\/index.php\/wp-json\/wp\/v2\/media?parent=6740"}],"wp:term":[{"taxonomy":"product_brand","embeddable":true,"href":"https:\/\/libreriahistoriasdebolsillo.com\/index.php\/wp-json\/wp\/v2\/product_brand?post=6740"},{"taxonomy":"product_cat","embeddable":true,"href":"https:\/\/libreriahistoriasdebolsillo.com\/index.php\/wp-json\/wp\/v2\/product_cat?post=6740"},{"taxonomy":"product_tag","embeddable":true,"href":"https:\/\/libreriahistoriasdebolsillo.com\/index.php\/wp-json\/wp\/v2\/product_tag?post=6740"}],"curies":[{"name":"wp","href":"https:\/\/api.w.org\/{rel}","templated":true}]}}