{"id":6745,"date":"2025-05-15T09:58:28","date_gmt":"2025-05-15T15:58:28","guid":{"rendered":"https:\/\/libreriahistoriasdebolsillo.com\/?post_type=product&#038;p=6745"},"modified":"2025-05-15T09:58:29","modified_gmt":"2025-05-15T15:58:29","slug":"trilogia-de-la-familia-cole-1-el-medico","status":"publish","type":"product","link":"https:\/\/libreriahistoriasdebolsillo.com\/index.php\/producto\/trilogia-de-la-familia-cole-1-el-medico\/","title":{"rendered":"Trilog\u00eda de la familia Cole 1. El m\u00e9dico"},"content":{"rendered":"<p>Rob J. Cole, un joven londinense del siglo XI que pertenece a una familia de carpinteros, queda hu\u00e9rfano a los nueve a\u00f1os y con la responsabilidad de cuidar de sus cuatro hermanos menores, a quienes va encontrando hogar. Una vez solo coincide con Henry Croft, un cirujano barbero que deambula por Inglaterra montando espect\u00e1culos y dedic\u00e1ndose a ejercer de curandero para vender un ung\u00fcento milagroso y del que se convierte en aprendiz. Con Henry Croft comparte viaje, cartel y beneficios hasta que el maestro muere. Y es entonces cuando conoce a Benjamin Merlin, un m\u00e9dico jud\u00edo que le alenta a superarse y hacer realidad su sue\u00f1o, y que le habla del m\u00e1s eminente m\u00e9dico de la remota Persia: Ibn Sina o Avicena. Rob, llevado por su pasi\u00f3n por sanar y aliviar el dolor, llega a Oriente donde se har\u00e1 pasar por jud\u00edo y adoptar\u00e1 el nombre de Jesse ben Benjamin, para no destacar como europeo y poder hacer realidad su sue\u00f1o: estudiar medicina en la madraza de Ispah\u00e1n.<\/p>\n","protected":false},"excerpt":{"rendered":"<p>Noah Gordon<\/p>\n<p>800 p\u00e1ginas<\/p>\n","protected":false},"featured_media":6746,"template":"","meta":{"_joinchat":[]},"product_brand":[],"product_cat":[33],"product_tag":[34],"class_list":{"0":"post-6745","1":"product","2":"type-product","3":"status-publish","4":"has-post-thumbnail","6":"product_cat-ficcion-general","7":"product_tag-penguin-random-house","9":"first","10":"instock","11":"shipping-taxable","12":"purchasable","13":"product-type-simple"},"_links":{"self":[{"href":"https:\/\/libreriahistoriasdebolsillo.com\/index.php\/wp-json\/wp\/v2\/product\/6745","targetHints":{"allow":["GET"]}}],"collection":[{"href":"https:\/\/libreriahistoriasdebolsillo.com\/index.php\/wp-json\/wp\/v2\/product"}],"about":[{"href":"https:\/\/libreriahistoriasdebolsillo.com\/index.php\/wp-json\/wp\/v2\/types\/product"}],"wp:featuredmedia":[{"embeddable":true,"href":"https:\/\/libreriahistoriasdebolsillo.com\/index.php\/wp-json\/wp\/v2\/media\/6746"}],"wp:attachment":[{"href":"https:\/\/libreriahistoriasdebolsillo.com\/index.php\/wp-json\/wp\/v2\/media?parent=6745"}],"wp:term":[{"taxonomy":"product_brand","embeddable":true,"href":"https:\/\/libreriahistoriasdebolsillo.com\/index.php\/wp-json\/wp\/v2\/product_brand?post=6745"},{"taxonomy":"product_cat","embeddable":true,"href":"https:\/\/libreriahistoriasdebolsillo.com\/index.php\/wp-json\/wp\/v2\/product_cat?post=6745"},{"taxonomy":"product_tag","embeddable":true,"href":"https:\/\/libreriahistoriasdebolsillo.com\/index.php\/wp-json\/wp\/v2\/product_tag?post=6745"}],"curies":[{"name":"wp","href":"https:\/\/api.w.org\/{rel}","templated":true}]}}