{"id":6747,"date":"2025-05-15T10:00:12","date_gmt":"2025-05-15T16:00:12","guid":{"rendered":"https:\/\/libreriahistoriasdebolsillo.com\/?post_type=product&#038;p=6747"},"modified":"2025-05-15T10:00:12","modified_gmt":"2025-05-15T16:00:12","slug":"trilogia-de-la-familia-cole-2-chaman","status":"publish","type":"product","link":"https:\/\/libreriahistoriasdebolsillo.com\/index.php\/producto\/trilogia-de-la-familia-cole-2-chaman\/","title":{"rendered":"Trilog\u00eda de la familia Cole 2. Cham\u00e1n"},"content":{"rendered":"<p><b>Un incre\u00edble don que enlaza a varias generaciones. Un viaje lleno de amor, descubrimiento, guerra y vida.<\/b><\/p>\n<p><b><i>Cham\u00e1n<\/i>, secuela de\u00a0<i>El m\u00e9dico<\/i>, de Noah Gordon, sigue la estela de su predecesora y explora los desaf\u00edos de una \u00e9poca convulsa y llena de conflictos.<\/b><\/p>\n<p>Norteam\u00e9rica, siglo XIX. V\u00e1stago de una familia que ha practicado la medicina a lo largo de los a\u00f1os, el doctor Robert Judson Cole abandona su Escocia natal buscando un mejor futuro. Tras trabajar con el eminente cirujano Oliver Wendell Holmes, continuar\u00e1 rumbo al Oeste americano junto a su hijo, Robert Jefferson Cole, con el que comparte la pasi\u00f3n por el arte de sanar.<\/p>\n<p>Padre e hijo partir\u00e1n hasta la frontera de Illinois y de all\u00ed a las tierras de Gettysburg, castigadas por la guerra, un territorio que los colonos todav\u00eda no han podido arrebatar a los indios sauk. Dispuestos a estudiar las desconcertantes tradiciones curativas de los nativos americanos, aprendiendo de su cultura y sus remedios, padre e hijo parecen haber logrado asentarse. Sin embargo, no han contado con el v\u00f3rtice sangriento de la Guerra de Secesi\u00f3n, de la que nadie puede escapar&#8230;<\/p>\n","protected":false},"excerpt":{"rendered":"<p>Noah Gordon<\/p>\n<p>720 p\u00e1ginas<\/p>\n","protected":false},"featured_media":6748,"template":"","meta":{"_joinchat":[]},"product_brand":[],"product_cat":[33,56],"product_tag":[34],"class_list":{"0":"post-6747","1":"product","2":"type-product","3":"status-publish","4":"has-post-thumbnail","6":"product_cat-ficcion-general","7":"product_cat-historica","8":"product_tag-penguin-random-house","10":"first","11":"instock","12":"shipping-taxable","13":"purchasable","14":"product-type-simple"},"_links":{"self":[{"href":"https:\/\/libreriahistoriasdebolsillo.com\/index.php\/wp-json\/wp\/v2\/product\/6747","targetHints":{"allow":["GET"]}}],"collection":[{"href":"https:\/\/libreriahistoriasdebolsillo.com\/index.php\/wp-json\/wp\/v2\/product"}],"about":[{"href":"https:\/\/libreriahistoriasdebolsillo.com\/index.php\/wp-json\/wp\/v2\/types\/product"}],"wp:featuredmedia":[{"embeddable":true,"href":"https:\/\/libreriahistoriasdebolsillo.com\/index.php\/wp-json\/wp\/v2\/media\/6748"}],"wp:attachment":[{"href":"https:\/\/libreriahistoriasdebolsillo.com\/index.php\/wp-json\/wp\/v2\/media?parent=6747"}],"wp:term":[{"taxonomy":"product_brand","embeddable":true,"href":"https:\/\/libreriahistoriasdebolsillo.com\/index.php\/wp-json\/wp\/v2\/product_brand?post=6747"},{"taxonomy":"product_cat","embeddable":true,"href":"https:\/\/libreriahistoriasdebolsillo.com\/index.php\/wp-json\/wp\/v2\/product_cat?post=6747"},{"taxonomy":"product_tag","embeddable":true,"href":"https:\/\/libreriahistoriasdebolsillo.com\/index.php\/wp-json\/wp\/v2\/product_tag?post=6747"}],"curies":[{"name":"wp","href":"https:\/\/api.w.org\/{rel}","templated":true}]}}