{"id":6749,"date":"2025-05-15T10:03:26","date_gmt":"2025-05-15T16:03:26","guid":{"rendered":"https:\/\/libreriahistoriasdebolsillo.com\/?post_type=product&#038;p=6749"},"modified":"2025-05-15T10:03:26","modified_gmt":"2025-05-15T16:03:26","slug":"trilogia-de-la-familia-cole-3-la-doctora-cole","status":"publish","type":"product","link":"https:\/\/libreriahistoriasdebolsillo.com\/index.php\/producto\/trilogia-de-la-familia-cole-3-la-doctora-cole\/","title":{"rendered":"Trilog\u00eda de la familia Cole 3. La doctora Cole"},"content":{"rendered":"<p>La doctora Cole es una mujer de nuestro tiempo, tiene cuarenta a\u00f1os y su<br \/>\nvida est\u00e1 determinada por un continuo conflicto de intereses: las<br \/>\nexigencias del matrimonio frente a la ambici\u00f3n profesional; los avances<br \/>\ncient\u00edficos frente a la conciencia social; la lucha por preservar la<br \/>\nvida frente al convencimiento del poder de decisi\u00f3n de una mujer.<br \/>\nFiel a la tradici\u00f3n familiar que ha hecho de la medicina un<br \/>\nsacerdocio, la doctora R. J. Cole decide dejar Boston para volver al<br \/>\ncampo y trabajar como m\u00e9dico rural. All\u00ed, en las colinas de<br \/>\nMassachusetts podr\u00e1 recobrar ese don de adivinaci\u00f3n tan peculiar que ya<br \/>\ndistingui\u00f3 a sus antepasados, y de esta forma descubrir aquellos<br \/>\nplaceres que la gran ciudad le hab\u00eda arrebatado.<br \/>\nEsta novela es la \u00faltima entrega de la trilog\u00eda de la familia Cole,<br \/>\nconformada adem\u00e1s por El m\u00e9dico y Cham\u00e1n.<\/p>\n","protected":false},"excerpt":{"rendered":"<p>Noah Gordon<\/p>\n<p>416 p\u00e1ginas<\/p>\n","protected":false},"featured_media":6750,"template":"","meta":{"_joinchat":[]},"product_brand":[],"product_cat":[33,56],"product_tag":[34],"class_list":{"0":"post-6749","1":"product","2":"type-product","3":"status-publish","4":"has-post-thumbnail","6":"product_cat-ficcion-general","7":"product_cat-historica","8":"product_tag-penguin-random-house","10":"first","11":"instock","12":"shipping-taxable","13":"purchasable","14":"product-type-simple"},"_links":{"self":[{"href":"https:\/\/libreriahistoriasdebolsillo.com\/index.php\/wp-json\/wp\/v2\/product\/6749","targetHints":{"allow":["GET"]}}],"collection":[{"href":"https:\/\/libreriahistoriasdebolsillo.com\/index.php\/wp-json\/wp\/v2\/product"}],"about":[{"href":"https:\/\/libreriahistoriasdebolsillo.com\/index.php\/wp-json\/wp\/v2\/types\/product"}],"wp:featuredmedia":[{"embeddable":true,"href":"https:\/\/libreriahistoriasdebolsillo.com\/index.php\/wp-json\/wp\/v2\/media\/6750"}],"wp:attachment":[{"href":"https:\/\/libreriahistoriasdebolsillo.com\/index.php\/wp-json\/wp\/v2\/media?parent=6749"}],"wp:term":[{"taxonomy":"product_brand","embeddable":true,"href":"https:\/\/libreriahistoriasdebolsillo.com\/index.php\/wp-json\/wp\/v2\/product_brand?post=6749"},{"taxonomy":"product_cat","embeddable":true,"href":"https:\/\/libreriahistoriasdebolsillo.com\/index.php\/wp-json\/wp\/v2\/product_cat?post=6749"},{"taxonomy":"product_tag","embeddable":true,"href":"https:\/\/libreriahistoriasdebolsillo.com\/index.php\/wp-json\/wp\/v2\/product_tag?post=6749"}],"curies":[{"name":"wp","href":"https:\/\/api.w.org\/{rel}","templated":true}]}}