{"id":6751,"date":"2025-05-15T10:05:41","date_gmt":"2025-05-15T16:05:41","guid":{"rendered":"https:\/\/libreriahistoriasdebolsillo.com\/?post_type=product&#038;p=6751"},"modified":"2025-05-15T10:05:41","modified_gmt":"2025-05-15T16:05:41","slug":"la-cresta-de-ilion","status":"publish","type":"product","link":"https:\/\/libreriahistoriasdebolsillo.com\/index.php\/producto\/la-cresta-de-ilion\/","title":{"rendered":"La cresta de Ili\u00f3n"},"content":{"rendered":"<p><b>Un oscuro relato de terror sicol\u00f3gico sobre los retos de enfrentar nuestra propia identidad, un texto que se mueve entre diversas fronteras y nos recuerda que, al final, s\u00f3lo los huesos quedan para contar nuestra historia.<\/b><\/p>\n<p>Durante una\u00a0<b>inclemente noche de tormenta<\/b>, alguien llama a la puerta de una casa ubicada en un agreste y solitario lugar frente al oc\u00e9ano. Su due\u00f1o, un m\u00e9dico dedicado a paliar el dolor de los enfermos terminales, no imagina que su vida est\u00e1 a punto de\u00a0<b>cambiar\u00a0<\/b>de forma definitiva.<\/p>\n<p>Al abrir la puerta,\u00a0<b>dos mujeres misteriosas\u00a0<\/b>invaden su casa y someten a su anfitri\u00f3n a un despiadado interrogatorio. Mientras que ellas muestran una extra\u00f1a complicidad -e incluso hablan un\u00a0<b>lenguaje privado<\/b>-, acosan al m\u00e9dico repitiendo a cada instante que conocen su mayor secreto, uno que pone en riesgo su identidad.<\/p>\n<p>En esta\u00a0<b>nueva edici\u00f3n revisada<\/b>\u00a0de\u00a0<i>La cresta de Ili\u00f3n<\/i>, Cristina Rivera Garza reitera su desaf\u00edo a la certidumbre en una historia de una nutrida imaginaci\u00f3n que cuestiona los\u00a0<b>marcadores de g\u00e9nero<\/b>\u00a0y experimenta con el lenguaje para explorar los miedos m\u00e1s profundos. El resultado es un oscuro\u00a0<b>relato de terror sicol\u00f3gico<\/b>\u00a0sobre los retos de enfrentar nuestra propia identidad, un texto que se mueve entre diversas fronteras y nos recuerda que, al final, s\u00f3lo los huesos quedan para contar nuestra historia.<\/p>\n<p>\u00abCristina Rivera Garza reta lo que se espera de una escritora, de una novela y del lenguaje mismo. Es una rebelde.\u00bb<\/p>\n<p>Yuri Herrera<\/p>\n","protected":false},"excerpt":{"rendered":"<p>Cristina Rivera Garza<\/p>\n<p>144 p\u00e1ginas<\/p>\n","protected":false},"featured_media":6752,"template":"","meta":{"_joinchat":[]},"product_brand":[],"product_cat":[33],"product_tag":[34],"class_list":{"0":"post-6751","1":"product","2":"type-product","3":"status-publish","4":"has-post-thumbnail","6":"product_cat-ficcion-general","7":"product_tag-penguin-random-house","9":"first","10":"instock","11":"shipping-taxable","12":"purchasable","13":"product-type-simple"},"_links":{"self":[{"href":"https:\/\/libreriahistoriasdebolsillo.com\/index.php\/wp-json\/wp\/v2\/product\/6751","targetHints":{"allow":["GET"]}}],"collection":[{"href":"https:\/\/libreriahistoriasdebolsillo.com\/index.php\/wp-json\/wp\/v2\/product"}],"about":[{"href":"https:\/\/libreriahistoriasdebolsillo.com\/index.php\/wp-json\/wp\/v2\/types\/product"}],"wp:featuredmedia":[{"embeddable":true,"href":"https:\/\/libreriahistoriasdebolsillo.com\/index.php\/wp-json\/wp\/v2\/media\/6752"}],"wp:attachment":[{"href":"https:\/\/libreriahistoriasdebolsillo.com\/index.php\/wp-json\/wp\/v2\/media?parent=6751"}],"wp:term":[{"taxonomy":"product_brand","embeddable":true,"href":"https:\/\/libreriahistoriasdebolsillo.com\/index.php\/wp-json\/wp\/v2\/product_brand?post=6751"},{"taxonomy":"product_cat","embeddable":true,"href":"https:\/\/libreriahistoriasdebolsillo.com\/index.php\/wp-json\/wp\/v2\/product_cat?post=6751"},{"taxonomy":"product_tag","embeddable":true,"href":"https:\/\/libreriahistoriasdebolsillo.com\/index.php\/wp-json\/wp\/v2\/product_tag?post=6751"}],"curies":[{"name":"wp","href":"https:\/\/api.w.org\/{rel}","templated":true}]}}