{"id":6753,"date":"2025-05-15T10:07:42","date_gmt":"2025-05-15T16:07:42","guid":{"rendered":"https:\/\/libreriahistoriasdebolsillo.com\/?post_type=product&#038;p=6753"},"modified":"2025-05-15T10:07:42","modified_gmt":"2025-05-15T16:07:42","slug":"habia-mucha-neblina-o-humo-o-no-se-que","status":"publish","type":"product","link":"https:\/\/libreriahistoriasdebolsillo.com\/index.php\/producto\/habia-mucha-neblina-o-humo-o-no-se-que\/","title":{"rendered":"Hab\u00eda mucha neblina o humo o no s\u00e9 qu\u00e9"},"content":{"rendered":"<p><b>Un personal\u00edsimo homenaje y visi\u00f3n de Juan Rulfo. Obra experimental que rompe los l\u00edmites de los g\u00e9neros, Cristina Rivera Garza demuestra una vez m\u00e1s su fascinante habilidad literaria.<\/b><\/p>\n<p>\u00abCada quien tiene su Rulfo privado. El m\u00edo, mi Rulfo m\u00edo de m\u00ed, est\u00e1 tan interesado en producir una obra como preocupado por ganarse la vida. &#8216;Lo que pasa es que yo trabajo&#8217;, dijo alguna vez. En efecto, eso es lo que pasaba. Sus empleos en la iniciativa privada y en el gobierno federal lo llevaron por largas carreteras y por \u00e1reas del pa\u00eds que la modernidad alemanista exploraba sin cesar con el fin de identificar y explotar sus recursos naturales. Seguir sus huellas, eso es lo que hace este libro viajero que va del ensayo al cuento, de la cr\u00f3nica al experimento visual, mientras se mueve de los valles del centro hacia las monta\u00f1as que cruzan el estado de Oaxaca. &#8216;\u00bfQu\u00e9 pa\u00eds es \u00e9ste, Agripina?&#8217;, la pregunta que el maestro rural le lanza a su esposa al llegar a Luvina -ese pueblo zapoteco encaramado en la sierra norte-, sigue siendo tan v\u00e1lida hoy como entonces. Tal vez uno emprende un viaje as\u00ed -a veces en auto y muchas veces a pie- para intentar, si no responderla, por lo menos plantearla otra vez, una vez m\u00e1s, en medio de la violencia que nos circunda.\u00bb -Cristina Rivera Garza<\/p>\n<p>&nbsp;<\/p>\n","protected":false},"excerpt":{"rendered":"<p>Cristina Rivera Garza<\/p>\n<p>248 p\u00e1ginas<\/p>\n","protected":false},"featured_media":6754,"template":"","meta":{"_joinchat":[]},"product_brand":[],"product_cat":[33],"product_tag":[34],"class_list":{"0":"post-6753","1":"product","2":"type-product","3":"status-publish","4":"has-post-thumbnail","6":"product_cat-ficcion-general","7":"product_tag-penguin-random-house","9":"first","10":"instock","11":"shipping-taxable","12":"purchasable","13":"product-type-simple"},"_links":{"self":[{"href":"https:\/\/libreriahistoriasdebolsillo.com\/index.php\/wp-json\/wp\/v2\/product\/6753","targetHints":{"allow":["GET"]}}],"collection":[{"href":"https:\/\/libreriahistoriasdebolsillo.com\/index.php\/wp-json\/wp\/v2\/product"}],"about":[{"href":"https:\/\/libreriahistoriasdebolsillo.com\/index.php\/wp-json\/wp\/v2\/types\/product"}],"wp:featuredmedia":[{"embeddable":true,"href":"https:\/\/libreriahistoriasdebolsillo.com\/index.php\/wp-json\/wp\/v2\/media\/6754"}],"wp:attachment":[{"href":"https:\/\/libreriahistoriasdebolsillo.com\/index.php\/wp-json\/wp\/v2\/media?parent=6753"}],"wp:term":[{"taxonomy":"product_brand","embeddable":true,"href":"https:\/\/libreriahistoriasdebolsillo.com\/index.php\/wp-json\/wp\/v2\/product_brand?post=6753"},{"taxonomy":"product_cat","embeddable":true,"href":"https:\/\/libreriahistoriasdebolsillo.com\/index.php\/wp-json\/wp\/v2\/product_cat?post=6753"},{"taxonomy":"product_tag","embeddable":true,"href":"https:\/\/libreriahistoriasdebolsillo.com\/index.php\/wp-json\/wp\/v2\/product_tag?post=6753"}],"curies":[{"name":"wp","href":"https:\/\/api.w.org\/{rel}","templated":true}]}}