{"id":6755,"date":"2025-05-15T10:09:41","date_gmt":"2025-05-15T16:09:41","guid":{"rendered":"https:\/\/libreriahistoriasdebolsillo.com\/?post_type=product&#038;p=6755"},"modified":"2025-05-15T10:09:41","modified_gmt":"2025-05-15T16:09:41","slug":"el-mal-de-la-taiga","status":"publish","type":"product","link":"https:\/\/libreriahistoriasdebolsillo.com\/index.php\/producto\/el-mal-de-la-taiga\/","title":{"rendered":"El mal de la taiga"},"content":{"rendered":"<p>Una ex detective vuelve, despu\u00e9s de mucho tiempo y bastantes fracasos, a aceptar un caso: encontrar y traer de vuelta a una\u00a0<b>mujer que abandon\u00f3 a su marido\u00a0<\/b>para huir con otro hombre hacia el interior de la taiga. Este marido traicionado est\u00e1 convencido, por un breve telegrama que recibi\u00f3, que en realidad su segunda ex esposa quiere que \u00e9l la encuentre. La ahora escritora de novelas negras contrata a un traductor para que se internen en ese bosque donde cosas extra\u00f1as suceden, donde la\u00a0<b>realidad se distorsiona\u00a0<\/b>y donde la traducci\u00f3n misma comienza a traicionar el sentido del lenguaje y de los sentidos.<\/p>\n<p>Se dice que la gente que vive en la taiga\u00a0<b>se vuelve loca por la desesperaci\u00f3n<\/b>\u00a0de huir de ah\u00ed. La taiga es monoton\u00eda y soledad, un territorio invadido por los primitivos excesos del capitalismo (acumulaci\u00f3n y expulsi\u00f3n, corrupci\u00f3n y crueldad), aunque las lecciones de su viaje ser\u00e1n m\u00e1s vivenciales que morales: as\u00ed como el amor puede volar, el desamor tambi\u00e9n. A veces dejar todo atr\u00e1s es lo \u00fanico que queda por hacer, porque\u00a0<b>\u00bfhay algo que de verdad exista para siempre?<\/b><\/p>\n","protected":false},"excerpt":{"rendered":"<p>Cristina Rivera Garza<\/p>\n<p>144 p\u00e1ginas<\/p>\n","protected":false},"featured_media":6756,"template":"","meta":{"_joinchat":[]},"product_brand":[],"product_cat":[33],"product_tag":[34],"class_list":{"0":"post-6755","1":"product","2":"type-product","3":"status-publish","4":"has-post-thumbnail","6":"product_cat-ficcion-general","7":"product_tag-penguin-random-house","9":"first","10":"instock","11":"shipping-taxable","12":"purchasable","13":"product-type-simple"},"_links":{"self":[{"href":"https:\/\/libreriahistoriasdebolsillo.com\/index.php\/wp-json\/wp\/v2\/product\/6755","targetHints":{"allow":["GET"]}}],"collection":[{"href":"https:\/\/libreriahistoriasdebolsillo.com\/index.php\/wp-json\/wp\/v2\/product"}],"about":[{"href":"https:\/\/libreriahistoriasdebolsillo.com\/index.php\/wp-json\/wp\/v2\/types\/product"}],"wp:featuredmedia":[{"embeddable":true,"href":"https:\/\/libreriahistoriasdebolsillo.com\/index.php\/wp-json\/wp\/v2\/media\/6756"}],"wp:attachment":[{"href":"https:\/\/libreriahistoriasdebolsillo.com\/index.php\/wp-json\/wp\/v2\/media?parent=6755"}],"wp:term":[{"taxonomy":"product_brand","embeddable":true,"href":"https:\/\/libreriahistoriasdebolsillo.com\/index.php\/wp-json\/wp\/v2\/product_brand?post=6755"},{"taxonomy":"product_cat","embeddable":true,"href":"https:\/\/libreriahistoriasdebolsillo.com\/index.php\/wp-json\/wp\/v2\/product_cat?post=6755"},{"taxonomy":"product_tag","embeddable":true,"href":"https:\/\/libreriahistoriasdebolsillo.com\/index.php\/wp-json\/wp\/v2\/product_tag?post=6755"}],"curies":[{"name":"wp","href":"https:\/\/api.w.org\/{rel}","templated":true}]}}