{"id":6757,"date":"2025-05-15T10:11:35","date_gmt":"2025-05-15T16:11:35","guid":{"rendered":"https:\/\/libreriahistoriasdebolsillo.com\/?post_type=product&#038;p=6757"},"modified":"2025-05-15T10:11:35","modified_gmt":"2025-05-15T16:11:35","slug":"nadie-me-vera-llorar","status":"publish","type":"product","link":"https:\/\/libreriahistoriasdebolsillo.com\/index.php\/producto\/nadie-me-vera-llorar\/","title":{"rendered":"Nadie me ver\u00e1 llorar"},"content":{"rendered":"<p>Tiene frente a su c\u00e1mara fotogr\u00e1fica a la interna del\u00a0<b>manicomio<\/b>\u00a0Modesta Burgos, una mujer que le parece\u00a0<b>familiar<\/b>. Sobre el banquillo de los locos, ella posa con sorpresiva altivez. Joaqu\u00edn Buitrago no demora mucho en recordarla, es una de las\u00a0<b>mujeres<\/b>\u00a0del burdel La Modernidad a la que hab\u00eda retratado a\u00f1os antes. Ahora, despose\u00edda de todo, a\u00fan conserva el im\u00e1n que lo atrae.<b>Obsesionado<\/b>\u00a0por su historia, busca hacerse de su expediente m\u00e9dico, \u00abdebe haber algo m\u00e1s en el silencio de su vida\u00bb, se dice el fot\u00f3grafo.<\/p>\n<p>Publicada en 1999,\u00a0<i><b>Nadie me ver\u00e1 llorar<\/b><\/i>\u00a0es una de las novelas m\u00e1s relevantes de la literatura\u00a0<b>hispanoamericana contempor\u00e1nea<\/b>, en la que ya brilla el talento de su autora para conjugar con maestr\u00eda el archivo hist\u00f3rico, la narrativa y la imaginaci\u00f3n. Aqu\u00ed, la ganadora del premio\u00a0<b>Pulitzer 2024<\/b>,\u00a0<b>Cristina Rivera<\/b>\u00a0<b>Garza<\/b>, recupera la experiencia de Modesta Burgos, una mujer que, a pesar de haber sido internada a la fuerza en el manicomio La Casta\u00f1eda a inicios del siglo XX, en la ciudad de M\u00e9xico, siempre conserv\u00f3 su\u00a0<b>furia cr\u00edtica<\/b>, una inconfundible voz propia y su libertad.<\/p>\n","protected":false},"excerpt":{"rendered":"<p>Cristina Rivera Garza<\/p>\n<p>272 p\u00e1ginas<\/p>\n","protected":false},"featured_media":6758,"template":"","meta":{"_joinchat":[]},"product_brand":[],"product_cat":[33],"product_tag":[34],"class_list":{"0":"post-6757","1":"product","2":"type-product","3":"status-publish","4":"has-post-thumbnail","6":"product_cat-ficcion-general","7":"product_tag-penguin-random-house","9":"first","10":"instock","11":"shipping-taxable","12":"purchasable","13":"product-type-simple"},"_links":{"self":[{"href":"https:\/\/libreriahistoriasdebolsillo.com\/index.php\/wp-json\/wp\/v2\/product\/6757","targetHints":{"allow":["GET"]}}],"collection":[{"href":"https:\/\/libreriahistoriasdebolsillo.com\/index.php\/wp-json\/wp\/v2\/product"}],"about":[{"href":"https:\/\/libreriahistoriasdebolsillo.com\/index.php\/wp-json\/wp\/v2\/types\/product"}],"wp:featuredmedia":[{"embeddable":true,"href":"https:\/\/libreriahistoriasdebolsillo.com\/index.php\/wp-json\/wp\/v2\/media\/6758"}],"wp:attachment":[{"href":"https:\/\/libreriahistoriasdebolsillo.com\/index.php\/wp-json\/wp\/v2\/media?parent=6757"}],"wp:term":[{"taxonomy":"product_brand","embeddable":true,"href":"https:\/\/libreriahistoriasdebolsillo.com\/index.php\/wp-json\/wp\/v2\/product_brand?post=6757"},{"taxonomy":"product_cat","embeddable":true,"href":"https:\/\/libreriahistoriasdebolsillo.com\/index.php\/wp-json\/wp\/v2\/product_cat?post=6757"},{"taxonomy":"product_tag","embeddable":true,"href":"https:\/\/libreriahistoriasdebolsillo.com\/index.php\/wp-json\/wp\/v2\/product_tag?post=6757"}],"curies":[{"name":"wp","href":"https:\/\/api.w.org\/{rel}","templated":true}]}}