{"id":6759,"date":"2025-05-15T10:13:27","date_gmt":"2025-05-15T16:13:27","guid":{"rendered":"https:\/\/libreriahistoriasdebolsillo.com\/?post_type=product&#038;p=6759"},"modified":"2025-05-15T10:13:27","modified_gmt":"2025-05-15T16:13:27","slug":"el-despertar-de-la-conciencia","status":"publish","type":"product","link":"https:\/\/libreriahistoriasdebolsillo.com\/index.php\/producto\/el-despertar-de-la-conciencia\/","title":{"rendered":"El despertar de la Conciencia"},"content":{"rendered":"<p>Jacobo Grinberg nos ofrece en\u00a0<i><b>El despertar de la conciencia<\/b><\/i>\u00a0una obra magistral que explora los rincones m\u00e1s\u00a0<b>profundos del ser<\/b>. Este libro, estructurado en dos partes, es tanto un mapa de\u00a0<b>autodescubrimiento<\/b>\u00a0como una ventana a las investigaciones revolucionarias del autor.<\/p>\n<p>En la primera parte,\u00a0<b>Grinberg<\/b>\u00a0nos sumerge en un mundo de\u00a0<b>cuentos y relatos<\/b>\u00a0que nos gu\u00edan hacia la comprensi\u00f3n de los m\u00faltiples estados de la conciencia. En la segunda, sus reflexiones y\u00a0<b>ensayos<\/b>\u00a0nos revelan claves esenciales para comprender no solo la conciencia individual, sino tambi\u00e9n la colectiva, trazando conexiones entre nuestra percepci\u00f3n y la realidad misma.<\/p>\n<p>Cada p\u00e1gina de este libro es una\u00a0<b>invitaci\u00f3n<\/b>\u00a0a expandir los l\u00edmites de nuestra mente y a sumergirnos en un conocimiento que trasciende lo convencional. Una obra\u00a0<b>imprescindible<\/b>\u00a0para quienes buscan entender la esencia de la existencia y el potencial ilimitado de la conciencia humana.<\/p>\n","protected":false},"excerpt":{"rendered":"<p>Jacobo Grinberg-Zylberbaum<\/p>\n<p>373 p\u00e1ginas<\/p>\n","protected":false},"featured_media":6760,"template":"","meta":{"_joinchat":[]},"product_brand":[],"product_cat":[41,70],"product_tag":[34],"class_list":{"0":"post-6759","1":"product","2":"type-product","3":"status-publish","4":"has-post-thumbnail","6":"product_cat-desarrollo-humano","7":"product_cat-novedades","8":"product_tag-penguin-random-house","10":"first","11":"instock","12":"shipping-taxable","13":"purchasable","14":"product-type-simple"},"_links":{"self":[{"href":"https:\/\/libreriahistoriasdebolsillo.com\/index.php\/wp-json\/wp\/v2\/product\/6759","targetHints":{"allow":["GET"]}}],"collection":[{"href":"https:\/\/libreriahistoriasdebolsillo.com\/index.php\/wp-json\/wp\/v2\/product"}],"about":[{"href":"https:\/\/libreriahistoriasdebolsillo.com\/index.php\/wp-json\/wp\/v2\/types\/product"}],"wp:featuredmedia":[{"embeddable":true,"href":"https:\/\/libreriahistoriasdebolsillo.com\/index.php\/wp-json\/wp\/v2\/media\/6760"}],"wp:attachment":[{"href":"https:\/\/libreriahistoriasdebolsillo.com\/index.php\/wp-json\/wp\/v2\/media?parent=6759"}],"wp:term":[{"taxonomy":"product_brand","embeddable":true,"href":"https:\/\/libreriahistoriasdebolsillo.com\/index.php\/wp-json\/wp\/v2\/product_brand?post=6759"},{"taxonomy":"product_cat","embeddable":true,"href":"https:\/\/libreriahistoriasdebolsillo.com\/index.php\/wp-json\/wp\/v2\/product_cat?post=6759"},{"taxonomy":"product_tag","embeddable":true,"href":"https:\/\/libreriahistoriasdebolsillo.com\/index.php\/wp-json\/wp\/v2\/product_tag?post=6759"}],"curies":[{"name":"wp","href":"https:\/\/api.w.org\/{rel}","templated":true}]}}