{"id":676,"date":"2023-11-20T12:49:44","date_gmt":"2023-11-20T18:49:44","guid":{"rendered":"https:\/\/libreriahistoriasdebolsillo.com\/?post_type=product&#038;p=676"},"modified":"2025-12-15T11:45:06","modified_gmt":"2025-12-15T17:45:06","slug":"diario-de-una-pasion","status":"publish","type":"product","link":"https:\/\/libreriahistoriasdebolsillo.com\/index.php\/producto\/diario-de-una-pasion\/","title":{"rendered":"Diario de una pasi\u00f3n"},"content":{"rendered":"<p><b>Bestseller de The New York Times<\/b><\/p>\n<p><b>El libro que inspir\u00f3 la pel\u00edcula\u00a0<\/b><i><b>The Notebook<\/b><\/i><b>, protagonizada por Ryan Gosling y Rachel McAdams.\u00a0<\/b><i><b>Film<\/b><\/i><b>\u00a0la ha definido como una de las historias m\u00e1s rom\u00e1nticas del cine de la \u00faltima d\u00e9cada.<\/b><\/p>\n<p>En 1946 en Carolina del Norte, la poblaci\u00f3n est\u00e1 despertando de la pesadilla de la guerra. All\u00ed vuelve Noah Calhoun, de 31 a\u00f1os, para intentar que la plantaci\u00f3n de la que procede vuelva a su antigua gloria, pero las im\u00e1genes de la preciosa joven que conoci\u00f3 catorce a\u00f1os atr\u00e1s no paran de perseguirle. A pesar de que no ha sido capaz de encontrarla, tampoco ha conseguido olvidarla. Es entonces cuando, de manera inesperada, vuelve a dar con ella. Allie Nelson, de 29 a\u00f1os, est\u00e1 comprometida con otro hombre, pero reconoce que la pasi\u00f3n que una vez sinti\u00f3 por Noah no ha disminuido con el paso del tiempo. Allie se ve obligada a enfrentarse a sus esperanzas y sue\u00f1os para el futuro con su boda a tan s\u00f3lo unas semanas de suceder.<\/p>\n","protected":false},"excerpt":{"rendered":"<p>Nicholas Sparks<\/p>\n","protected":false},"featured_media":677,"template":"","meta":{"_joinchat":[]},"product_brand":[],"product_cat":[35],"product_tag":[34],"class_list":{"0":"post-676","1":"product","2":"type-product","3":"status-publish","4":"has-post-thumbnail","6":"product_cat-romantica","7":"product_tag-penguin-random-house","9":"first","10":"outofstock","11":"shipping-taxable","12":"purchasable","13":"product-type-simple"},"_links":{"self":[{"href":"https:\/\/libreriahistoriasdebolsillo.com\/index.php\/wp-json\/wp\/v2\/product\/676","targetHints":{"allow":["GET"]}}],"collection":[{"href":"https:\/\/libreriahistoriasdebolsillo.com\/index.php\/wp-json\/wp\/v2\/product"}],"about":[{"href":"https:\/\/libreriahistoriasdebolsillo.com\/index.php\/wp-json\/wp\/v2\/types\/product"}],"wp:featuredmedia":[{"embeddable":true,"href":"https:\/\/libreriahistoriasdebolsillo.com\/index.php\/wp-json\/wp\/v2\/media\/677"}],"wp:attachment":[{"href":"https:\/\/libreriahistoriasdebolsillo.com\/index.php\/wp-json\/wp\/v2\/media?parent=676"}],"wp:term":[{"taxonomy":"product_brand","embeddable":true,"href":"https:\/\/libreriahistoriasdebolsillo.com\/index.php\/wp-json\/wp\/v2\/product_brand?post=676"},{"taxonomy":"product_cat","embeddable":true,"href":"https:\/\/libreriahistoriasdebolsillo.com\/index.php\/wp-json\/wp\/v2\/product_cat?post=676"},{"taxonomy":"product_tag","embeddable":true,"href":"https:\/\/libreriahistoriasdebolsillo.com\/index.php\/wp-json\/wp\/v2\/product_tag?post=676"}],"curies":[{"name":"wp","href":"https:\/\/api.w.org\/{rel}","templated":true}]}}