{"id":6763,"date":"2025-05-15T10:17:10","date_gmt":"2025-05-15T16:17:10","guid":{"rendered":"https:\/\/libreriahistoriasdebolsillo.com\/?post_type=product&#038;p=6763"},"modified":"2025-05-15T10:17:10","modified_gmt":"2025-05-15T16:17:10","slug":"la-historia-secreta","status":"publish","type":"product","link":"https:\/\/libreriahistoriasdebolsillo.com\/index.php\/producto\/la-historia-secreta\/","title":{"rendered":"La historia secreta"},"content":{"rendered":"<p>Todo indica que en realidad\u00a0<b>AMLO<\/b>\u00a0no era el hombre que ven\u00eda a romper el sistema criminal, sino que ha sido su Caballo de Troya, uno m\u00e1s de los instrumentos del\u00a0<b>C\u00e1rtel de Sinaloa<\/b>\u00a0para culminar su plan de conquista de nuestra naci\u00f3n.<\/p>\n<p>Esta investigaci\u00f3n period\u00edstica est\u00e1 basada en decenas de testimonios recabados entre 2020 y 2024 en diversos pa\u00edses. En expedientes judiciales de cortes federales de Estados Unidos y documentos internos de la Fiscal\u00eda del Distrito Sur de Nueva York y la DEA relacionados con la investigaci\u00f3n que realizaron en 2010 y 2011 sobre la campa\u00f1a presidencial de AMLO en 2006. As\u00ed como en expedientes de la FGR en M\u00e9xico. Recab\u00e9 el testimonio de 20 personas clave, tanto del c\u00edrculo cercano a AMLO que lo ha acompa\u00f1ado en su carrera pol\u00edtica desde la jefatura de gobierno de la\u00a0<b>Ciudad de M\u00e9xico<\/b>, como miembros de su equipo de campa\u00f1a en 2006, 2012 y 2018. Habl\u00e9 con funcionarios estadounidenses de sus hallazgos sobre la primera vez que L\u00f3pez Obrador busc\u00f3 la\u00a0<b>presidencia<\/b>, as\u00ed como con\u00a0<b>Nicol\u00e1s Mollinedo Bastar<\/b>, quien afirm\u00f3 ser la persona de mayor confianza de AMLO de 2000 a 2014.<\/p>\n<p>Tambi\u00e9n entrevist\u00e9 a cinco\u00a0<b>exmiembros del C\u00e1rtel de Sinaloa<\/b>\u00a0en distintas ciudades y a\u00f1os, en su mayor\u00eda son testigos colaboradores de la justicia en Estados Unidos en diversas investigaciones en curso; otros est\u00e1n en c\u00e1rceles pagando su condena.<\/p>\n<p>Las versiones de los entrevistados coinciden y se complementan entre s\u00ed, todas apuntando en la misma direcci\u00f3n: en las\u00a0<b>tres campa\u00f1as presidenciales de L\u00f3pez Obrador<\/b>\u00a0hubo apoyo econ\u00f3mico u operativo del C\u00e1rtel de Sinaloa, con el conocimiento del ahora presidente, quien incluso habr\u00eda estado presente en al menos una de las entregas de dinero.<\/p>\n<p>La reconfirmaci\u00f3n que dio punto final a mi indagatoria ocurri\u00f3 a fines de 2023 y los primeros d\u00edas de 2024, por eso ahora puedo publicar los resultados.<\/p>\n<p><b>No hay timing ni raz\u00f3n v\u00e1lida para posponer la divulgaci\u00f3n de los v\u00ednculos de autoridades con el crimen organizado cuando en M\u00e9xico estas complicidades resultan en la muerte, desaparici\u00f3n o sufrimiento de cientos de personas todos los d\u00edas. Por eso, aqu\u00ed revelo la historia secreta.<\/b><\/p>\n<p>-Anabel Hern\u00e1ndez<\/p>\n","protected":false},"excerpt":{"rendered":"<p>Anabel Hernandez<\/p>\n<p>352 p\u00e1ginas<\/p>\n","protected":false},"featured_media":6764,"template":"","meta":{"_joinchat":[]},"product_brand":[],"product_cat":[41,64],"product_tag":[34],"class_list":{"0":"post-6763","1":"product","2":"type-product","3":"status-publish","4":"has-post-thumbnail","6":"product_cat-desarrollo-humano","7":"product_cat-periodismo","8":"product_tag-penguin-random-house","10":"first","11":"instock","12":"shipping-taxable","13":"purchasable","14":"product-type-simple"},"_links":{"self":[{"href":"https:\/\/libreriahistoriasdebolsillo.com\/index.php\/wp-json\/wp\/v2\/product\/6763","targetHints":{"allow":["GET"]}}],"collection":[{"href":"https:\/\/libreriahistoriasdebolsillo.com\/index.php\/wp-json\/wp\/v2\/product"}],"about":[{"href":"https:\/\/libreriahistoriasdebolsillo.com\/index.php\/wp-json\/wp\/v2\/types\/product"}],"wp:featuredmedia":[{"embeddable":true,"href":"https:\/\/libreriahistoriasdebolsillo.com\/index.php\/wp-json\/wp\/v2\/media\/6764"}],"wp:attachment":[{"href":"https:\/\/libreriahistoriasdebolsillo.com\/index.php\/wp-json\/wp\/v2\/media?parent=6763"}],"wp:term":[{"taxonomy":"product_brand","embeddable":true,"href":"https:\/\/libreriahistoriasdebolsillo.com\/index.php\/wp-json\/wp\/v2\/product_brand?post=6763"},{"taxonomy":"product_cat","embeddable":true,"href":"https:\/\/libreriahistoriasdebolsillo.com\/index.php\/wp-json\/wp\/v2\/product_cat?post=6763"},{"taxonomy":"product_tag","embeddable":true,"href":"https:\/\/libreriahistoriasdebolsillo.com\/index.php\/wp-json\/wp\/v2\/product_tag?post=6763"}],"curies":[{"name":"wp","href":"https:\/\/api.w.org\/{rel}","templated":true}]}}