{"id":6765,"date":"2025-05-15T10:18:51","date_gmt":"2025-05-15T16:18:51","guid":{"rendered":"https:\/\/libreriahistoriasdebolsillo.com\/?post_type=product&#038;p=6765"},"modified":"2025-10-16T20:20:38","modified_gmt":"2025-10-17T02:20:38","slug":"blancura","status":"publish","type":"product","link":"https:\/\/libreriahistoriasdebolsillo.com\/index.php\/producto\/blancura\/","title":{"rendered":"Blancura"},"content":{"rendered":"<p>Un hombre conduce sin un rumbo en mente, hasta que su coche queda atascado al final de una pista forestal. Es una tarde de finales de oto\u00f1o, ya casi no hay luz y comienza a nevar. En lugar de volver caminando hacia atr\u00e1s en busca de ayuda o quedarse en el coche, de forma imprudente y sin saber muy bien por qu\u00e9, el hombre decide adentrarse en el bosque. Inevitablemente, se pierde, y la noche sigue avanzando. Cuando el agotamiento y el fr\u00edo empiezan a vencerlo, vislumbra un extra\u00f1o resplandor en medio de la oscuridad.<\/p>\n<p><i>Blancura<\/i>\u00a0es la \u00faltima novela de Jon Fosse. El autor galardonado con el Nobel arrastra al lector en una narraci\u00f3n enigm\u00e1tica, inquietante e hipn\u00f3tica: una lectura tan breve como intensa.<\/p>\n","protected":false},"excerpt":{"rendered":"<p>Jon Fosse<\/p>\n<p>96 p\u00e1ginas<\/p>\n","protected":false},"featured_media":6766,"template":"","meta":{"_joinchat":[]},"product_brand":[],"product_cat":[33],"product_tag":[34],"class_list":{"0":"post-6765","1":"product","2":"type-product","3":"status-publish","4":"has-post-thumbnail","6":"product_cat-ficcion-general","7":"product_tag-penguin-random-house","9":"first","10":"outofstock","11":"shipping-taxable","12":"purchasable","13":"product-type-simple"},"_links":{"self":[{"href":"https:\/\/libreriahistoriasdebolsillo.com\/index.php\/wp-json\/wp\/v2\/product\/6765","targetHints":{"allow":["GET"]}}],"collection":[{"href":"https:\/\/libreriahistoriasdebolsillo.com\/index.php\/wp-json\/wp\/v2\/product"}],"about":[{"href":"https:\/\/libreriahistoriasdebolsillo.com\/index.php\/wp-json\/wp\/v2\/types\/product"}],"wp:featuredmedia":[{"embeddable":true,"href":"https:\/\/libreriahistoriasdebolsillo.com\/index.php\/wp-json\/wp\/v2\/media\/6766"}],"wp:attachment":[{"href":"https:\/\/libreriahistoriasdebolsillo.com\/index.php\/wp-json\/wp\/v2\/media?parent=6765"}],"wp:term":[{"taxonomy":"product_brand","embeddable":true,"href":"https:\/\/libreriahistoriasdebolsillo.com\/index.php\/wp-json\/wp\/v2\/product_brand?post=6765"},{"taxonomy":"product_cat","embeddable":true,"href":"https:\/\/libreriahistoriasdebolsillo.com\/index.php\/wp-json\/wp\/v2\/product_cat?post=6765"},{"taxonomy":"product_tag","embeddable":true,"href":"https:\/\/libreriahistoriasdebolsillo.com\/index.php\/wp-json\/wp\/v2\/product_tag?post=6765"}],"curies":[{"name":"wp","href":"https:\/\/api.w.org\/{rel}","templated":true}]}}