{"id":678,"date":"2023-11-20T12:51:50","date_gmt":"2023-11-20T18:51:50","guid":{"rendered":"https:\/\/libreriahistoriasdebolsillo.com\/?post_type=product&#038;p=678"},"modified":"2024-06-18T17:43:55","modified_gmt":"2024-06-18T23:43:55","slug":"mister","status":"publish","type":"product","link":"https:\/\/libreriahistoriasdebolsillo.com\/index.php\/producto\/mister\/","title":{"rendered":"Mister"},"content":{"rendered":"<p>Londres, 2019. Maxim Trevelyan siempre ha disfrutado de una vida f\u00e1cil. Gracias a su innegable atractivo, su entorno aristocr\u00e1tico y su riqueza, jam\u00e1s ha tenido que trabajar y pocas veces duerme solo.De pronto todo cambia cuando la tragedia estalla y Maxim hereda el t\u00edtulo nobiliario, la fortuna y laspropiedades familiares, pero tambi\u00e9n muchas responsabilidades que deber\u00e1 afrontar y para las que nose siente del todo preparado. Sin embargo, su mayor desaf\u00edo es luchar contra el inesperado deseo que le despierta una enigm\u00e1ticajoven que acaba de llegar a Inglaterra, sin m\u00e1s equipaje que un peligroso y turbulento pasado.Desconfiada, bella y con un don para la m\u00fasica, Alessia se convierte en un atrayente misterio y el anhelode Maxim se transforma en una pasi\u00f3n que jam\u00e1s antes hab\u00eda sentido, y a la que no se atreve a ponernombre. Pero, \u00bfqui\u00e9n es Alessia Demachi? \u00bfPuede Maxim protegerla de las amenazas que la acechan? \u00bfY qu\u00e9 ocurrir\u00e1 cuando ella descubra que \u00e9l tambi\u00e9n ha estado ocult\u00e1ndole sus propios secretos? Desde el coraz\u00f3n de Londres y el agreste paisaje rural de Cornualles hasta la sombr\u00eda e imponente belleza de los Balcanes, Mister nos arrastra en una vor\u00e1gine de emociones, peligros y deseos que dejar\u00e1n al lector sin aliento hasta la \u00faltima p\u00e1gina.<\/p>\n","protected":false},"excerpt":{"rendered":"<p>E.L. James<\/p>\n","protected":false},"featured_media":679,"template":"","meta":{"_joinchat":[]},"product_brand":[],"product_cat":[53,35],"product_tag":[34],"class_list":{"0":"post-678","1":"product","2":"type-product","3":"status-publish","4":"has-post-thumbnail","6":"product_cat-erotica","7":"product_cat-romantica","8":"product_tag-penguin-random-house","10":"first","11":"outofstock","12":"sale","13":"shipping-taxable","14":"purchasable","15":"product-type-simple"},"_links":{"self":[{"href":"https:\/\/libreriahistoriasdebolsillo.com\/index.php\/wp-json\/wp\/v2\/product\/678","targetHints":{"allow":["GET"]}}],"collection":[{"href":"https:\/\/libreriahistoriasdebolsillo.com\/index.php\/wp-json\/wp\/v2\/product"}],"about":[{"href":"https:\/\/libreriahistoriasdebolsillo.com\/index.php\/wp-json\/wp\/v2\/types\/product"}],"wp:featuredmedia":[{"embeddable":true,"href":"https:\/\/libreriahistoriasdebolsillo.com\/index.php\/wp-json\/wp\/v2\/media\/679"}],"wp:attachment":[{"href":"https:\/\/libreriahistoriasdebolsillo.com\/index.php\/wp-json\/wp\/v2\/media?parent=678"}],"wp:term":[{"taxonomy":"product_brand","embeddable":true,"href":"https:\/\/libreriahistoriasdebolsillo.com\/index.php\/wp-json\/wp\/v2\/product_brand?post=678"},{"taxonomy":"product_cat","embeddable":true,"href":"https:\/\/libreriahistoriasdebolsillo.com\/index.php\/wp-json\/wp\/v2\/product_cat?post=678"},{"taxonomy":"product_tag","embeddable":true,"href":"https:\/\/libreriahistoriasdebolsillo.com\/index.php\/wp-json\/wp\/v2\/product_tag?post=678"}],"curies":[{"name":"wp","href":"https:\/\/api.w.org\/{rel}","templated":true}]}}