{"id":6782,"date":"2025-05-16T14:13:34","date_gmt":"2025-05-16T20:13:34","guid":{"rendered":"https:\/\/libreriahistoriasdebolsillo.com\/?post_type=product&#038;p=6782"},"modified":"2025-05-16T14:13:34","modified_gmt":"2025-05-16T20:13:34","slug":"el-factor-fred","status":"publish","type":"product","link":"https:\/\/libreriahistoriasdebolsillo.com\/index.php\/producto\/el-factor-fred\/","title":{"rendered":"El factor Fred"},"content":{"rendered":"<p><b>Edici\u00f3n especial de 20 aniversario<\/b><\/p>\n<p><b>La historia real de un cartero extraordinario que demostr\u00f3 que, sin importar en qu\u00e9 consista tu trabajo, siempre puedes marcar la diferencia.<\/b><\/p>\n<p>En este poderoso e inspirador libro,\u00a0<b>Mark Sanborn<\/b>\u00a0relata la historia de Fred, un cartero del\u00a0<b>Servicio Postal de los EstadosUnidos<\/b>\u00a0al que conoci\u00f3 poco despu\u00e9s de que Sanborn se mudara a su nuevo hogar en Denver. Sin embargo, Fred no era un\u00a0<b>cartero<\/b>\u00a0com\u00fan.<\/p>\n<p>Como Sanborn pronto descubrir\u00eda, Fred era el tipo de trabajador que encarna todo lo que es\u00a0<b>correcto<\/b>\u00a0en el\u00a0<b>servicio al cliente<\/b>. \u00bfLos clientes quer\u00edan que sus paquetes se dejaran en el porche o prefer\u00edan una notificaci\u00f3n para recogerlos en la oficina de correos? Fred se aseguraba de saber la respuesta. Cuando otro servicio de mensajer\u00eda dejaba un paquete en la\u00a0<b>direc<\/b><b>ci\u00f3n equivocada<\/b>, Fred se encargaba de que llegara a su destinatario. Para algunos, repartir el correo podr\u00eda parecer un trabajo rutinario, pero para Fred cada d\u00eda era una\u00a0<b>oportunidad<\/b>\u00a0de encontrarle sentido a lo cotidiano y competir consigo mismo para hacer sonre\u00edr a sus clientes.<\/p>\n<p>Todos hemos conocido a alguien como Fred. En este libro\u00a0<b>profunda<\/b><b>mente inspirador<\/b>, Sanborn revela los cuatro principios b\u00e1sicos que cualquiera puede aplicar para aportar\u00a0<b>energ\u00eda y creatividad<\/b>\u00a0a su trabajo y a su vida: c\u00f3mo marcar una diferencia tangible cada d\u00eda, construir relaciones m\u00e1s s\u00f3lidas, generar un valor real para los dem\u00e1s sin gastar un centavo y reinventarse continuamente.<\/p>\n<p>En esta\u00a0<b>edici\u00f3n actualizada<\/b>, con una introducci\u00f3n de\u00a0<b>Jon Gordon<\/b>, Sanborn aborda los cambios tan disruptivos que han transformado el mundo laboral en los \u00faltimos a\u00f1os, ahora que los empleados buscan cada vez m\u00e1s un prop\u00f3sito y seguridad, y ofrece maneras claras de aplicar los consejos de su libro. Siguiendo estos principios, t\u00fa tambi\u00e9n podr\u00e1s encontrar m\u00e1s entusiasmo, satisfacci\u00f3n y \u00e9xito en tu carrera y en tu vida<b>.<\/b><\/p>\n","protected":false},"excerpt":{"rendered":"<p>Mark Sanborn<\/p>\n<p>128 p\u00e1ginas<\/p>\n","protected":false},"featured_media":6783,"template":"","meta":{"_joinchat":[]},"product_brand":[],"product_cat":[41,70],"product_tag":[34],"class_list":{"0":"post-6782","1":"product","2":"type-product","3":"status-publish","4":"has-post-thumbnail","6":"product_cat-desarrollo-humano","7":"product_cat-novedades","8":"product_tag-penguin-random-house","10":"first","11":"instock","12":"shipping-taxable","13":"purchasable","14":"product-type-simple"},"_links":{"self":[{"href":"https:\/\/libreriahistoriasdebolsillo.com\/index.php\/wp-json\/wp\/v2\/product\/6782","targetHints":{"allow":["GET"]}}],"collection":[{"href":"https:\/\/libreriahistoriasdebolsillo.com\/index.php\/wp-json\/wp\/v2\/product"}],"about":[{"href":"https:\/\/libreriahistoriasdebolsillo.com\/index.php\/wp-json\/wp\/v2\/types\/product"}],"wp:featuredmedia":[{"embeddable":true,"href":"https:\/\/libreriahistoriasdebolsillo.com\/index.php\/wp-json\/wp\/v2\/media\/6783"}],"wp:attachment":[{"href":"https:\/\/libreriahistoriasdebolsillo.com\/index.php\/wp-json\/wp\/v2\/media?parent=6782"}],"wp:term":[{"taxonomy":"product_brand","embeddable":true,"href":"https:\/\/libreriahistoriasdebolsillo.com\/index.php\/wp-json\/wp\/v2\/product_brand?post=6782"},{"taxonomy":"product_cat","embeddable":true,"href":"https:\/\/libreriahistoriasdebolsillo.com\/index.php\/wp-json\/wp\/v2\/product_cat?post=6782"},{"taxonomy":"product_tag","embeddable":true,"href":"https:\/\/libreriahistoriasdebolsillo.com\/index.php\/wp-json\/wp\/v2\/product_tag?post=6782"}],"curies":[{"name":"wp","href":"https:\/\/api.w.org\/{rel}","templated":true}]}}