{"id":6784,"date":"2025-05-16T14:15:55","date_gmt":"2025-05-16T20:15:55","guid":{"rendered":"https:\/\/libreriahistoriasdebolsillo.com\/?post_type=product&#038;p=6784"},"modified":"2025-05-16T14:15:55","modified_gmt":"2025-05-16T20:15:55","slug":"13-cosas-que-las-parejas-mentalmente-fuertes-no-hacen","status":"publish","type":"product","link":"https:\/\/libreriahistoriasdebolsillo.com\/index.php\/producto\/13-cosas-que-las-parejas-mentalmente-fuertes-no-hacen\/","title":{"rendered":"13 cosas que las parejas mentalmente fuertes no hacen"},"content":{"rendered":"<p><b>Como complemento a su<\/b>\u00a0<b>bestseller<\/b><b>, 13 cosas que las personas mentalmente fuertes no hacen, la autora y psicoterapeuta Amy Morin, ha creado esta gu\u00eda para aquellas parejas que buscan enriquecer su fortaleza mental y conseguir relaciones m\u00e1s sanas, felices y duraderas.<\/b><\/p>\n<p>Cuando Amy Morin present\u00f3 el concepto de\u00a0<b>fortaleza mental<\/b>, les ense\u00f1\u00f3 a millones de personas c\u00f3mo construir\u00a0<b>su mejor versi\u00f3n<\/b>. En el libro que ahora tienes en tus manos vierte esa\u00a0<b>experiencia<\/b>\u00a0para mostrarnos c\u00f3mo es que las parejas pueden trabajar en conjunto para desarrollar v\u00ednculos mejores y\u00a0<b>m\u00e1s fuertes<\/b>. Las relaciones son una pieza clave de nuestra\u00a0<b>salud mental<\/b>\u00a0y las parejas tienen la capacidad de ayudarse mutuamente para fortalecer el m\u00fasculo que las ayudar\u00e1 a desbloquear todo su potencial mediante el trabajo duro y las herramientas adecuadas.<\/p>\n<p>Con su bien conocido m\u00e9todo, Morin identifica\u00a0<b>13 errores co<\/b><b>munes<\/b>\u00a0que las parejas deber\u00edan evitar para sanar sus relaciones y fortalecer su musculatura mental. A trav\u00e9s de recursos, investigaci\u00f3n y consejos para fortalecer el v\u00ednculo entre las parejas, Morin les da a los lectores una lista de pasos decisivos para mejorar su propia fortaleza mental y trabajar mejor como equipo. Al poner en marcha las estrategias de Morin, las personas que lean estas p\u00e1ginas aprender\u00e1n a aceptar, experimentar y\u00a0<b>expresar su amor<\/b>.<\/p>\n<p>Cada cap\u00edtulo ofrece estrategias espec\u00edficas y efectivas de fortaleza mental que la pareja puede poner en pr\u00e1ctica por separado para crear un cambio positivo. Aqu\u00ed encontrar\u00e1s pautas para iniciar conversaciones, estrategias de resoluci\u00f3n de problemas, casos, cuestionarios e investigaci\u00f3n reciente para desarrollar un mejor entendimiento de c\u00f3mo contribuir a tu relaci\u00f3n. Desde\u00a0<b>manejar el conflicto<\/b>\u00a0hasta mantener una comunicaci\u00f3n sana o darle seguimiento a alguna situaci\u00f3n, este es un libro para dejar los malos h\u00e1bitos y construir una relaci\u00f3n resiliente.<\/p>\n","protected":false},"excerpt":{"rendered":"<p>Amy Morin<\/p>\n<p>360 p\u00e1ginas<\/p>\n","protected":false},"featured_media":6785,"template":"","meta":{"_joinchat":[]},"product_brand":[],"product_cat":[58,70],"product_tag":[],"class_list":{"0":"post-6784","1":"product","2":"type-product","3":"status-publish","4":"has-post-thumbnail","6":"product_cat-desarrollo-humano-y-superacion","7":"product_cat-novedades","9":"first","10":"instock","11":"shipping-taxable","12":"purchasable","13":"product-type-simple"},"_links":{"self":[{"href":"https:\/\/libreriahistoriasdebolsillo.com\/index.php\/wp-json\/wp\/v2\/product\/6784","targetHints":{"allow":["GET"]}}],"collection":[{"href":"https:\/\/libreriahistoriasdebolsillo.com\/index.php\/wp-json\/wp\/v2\/product"}],"about":[{"href":"https:\/\/libreriahistoriasdebolsillo.com\/index.php\/wp-json\/wp\/v2\/types\/product"}],"wp:featuredmedia":[{"embeddable":true,"href":"https:\/\/libreriahistoriasdebolsillo.com\/index.php\/wp-json\/wp\/v2\/media\/6785"}],"wp:attachment":[{"href":"https:\/\/libreriahistoriasdebolsillo.com\/index.php\/wp-json\/wp\/v2\/media?parent=6784"}],"wp:term":[{"taxonomy":"product_brand","embeddable":true,"href":"https:\/\/libreriahistoriasdebolsillo.com\/index.php\/wp-json\/wp\/v2\/product_brand?post=6784"},{"taxonomy":"product_cat","embeddable":true,"href":"https:\/\/libreriahistoriasdebolsillo.com\/index.php\/wp-json\/wp\/v2\/product_cat?post=6784"},{"taxonomy":"product_tag","embeddable":true,"href":"https:\/\/libreriahistoriasdebolsillo.com\/index.php\/wp-json\/wp\/v2\/product_tag?post=6784"}],"curies":[{"name":"wp","href":"https:\/\/api.w.org\/{rel}","templated":true}]}}