{"id":6786,"date":"2025-05-16T14:19:42","date_gmt":"2025-05-16T20:19:42","guid":{"rendered":"https:\/\/libreriahistoriasdebolsillo.com\/?post_type=product&#038;p=6786"},"modified":"2025-07-01T16:54:38","modified_gmt":"2025-07-01T22:54:38","slug":"nuevas-evidencias-cientificas-de-la-existencia-de-dios","status":"publish","type":"product","link":"https:\/\/libreriahistoriasdebolsillo.com\/index.php\/producto\/nuevas-evidencias-cientificas-de-la-existencia-de-dios\/","title":{"rendered":"Nuevas evidencias cient\u00edficas de la existencia de dios"},"content":{"rendered":"<p><b>UN TEMA PARA EL DEBATE.<\/b><\/p>\n<p><b>UN FEN\u00d3MENO EDITORIAL DESDE SU PUBLICACI\u00d3N.<\/b><\/p>\n<p><b>UN LIBRO QUE NO DEJAR\u00c1 A NADIE INDIFERENTE.<\/b><\/p>\n<p>Mucho se ha dicho acerca de la incompatibilidad de la ciencia y la religi\u00f3n. La creencia de que una invalida la otra ha estado presente durante a\u00f1os. Y sin embargo, seg\u00fan avanza la tecnolog\u00eda, la sociedad y la cultura, esta noci\u00f3n pierde fuerza: nunca como en esta primera mitad del siglo XXI ha habido tantas pruebas cient\u00edficas de la existencia de un Creador.<\/p>\n<p>En este libro, Jos\u00e9 Carlos Gonz\u00e1lez-Hurtado muestra todas las pruebas que apuntan a Dios. Sin embargo, este no es un libro de religi\u00f3n. Haciendo hincapi\u00e9 en los grandes descubrimientos actuales con un estilo \u00e1gil y riguroso, el autor invita a la reflexi\u00f3n y el di\u00e1logo y expone en estas p\u00e1ginas la respuesta a la que probablemente sea la cuesti\u00f3n m\u00e1s trascendental a la que podemos enfrentarnos.<\/p>\n<p>Best seller instant\u00e1neo gracias a las deslumbrantes explicaciones que ofrece de temas como el Big Bang, la segunda ley de la termodin\u00e1mica, las leyes de la naturaleza o los descubrimientos de la gen\u00e9tica,\u00a0<i>Nuevas evidencias cient\u00edficas de la existencia de Dios<\/i>\u00a0ya se ha convertido en el libro del que todo el mundo habla.<\/p>\n<p>\u00abNo existe ning\u00fan conflicto entre ser un cient\u00edfico riguroso y una persona que cree en Dios\u00bb. Francis Collins, director del Proyecto Genoma Humano<\/p>\n","protected":false},"excerpt":{"rendered":"<p>Jos\u00e9 Carlos Gonz\u00e1lez-Hurtado<\/p>\n<p>320 p\u00e1ginas<\/p>\n","protected":false},"featured_media":6787,"template":"","meta":{"_joinchat":[]},"product_brand":[],"product_cat":[41,70],"product_tag":[34],"class_list":{"0":"post-6786","1":"product","2":"type-product","3":"status-publish","4":"has-post-thumbnail","6":"product_cat-desarrollo-humano","7":"product_cat-novedades","8":"product_tag-penguin-random-house","10":"first","11":"outofstock","12":"shipping-taxable","13":"purchasable","14":"product-type-simple"},"_links":{"self":[{"href":"https:\/\/libreriahistoriasdebolsillo.com\/index.php\/wp-json\/wp\/v2\/product\/6786","targetHints":{"allow":["GET"]}}],"collection":[{"href":"https:\/\/libreriahistoriasdebolsillo.com\/index.php\/wp-json\/wp\/v2\/product"}],"about":[{"href":"https:\/\/libreriahistoriasdebolsillo.com\/index.php\/wp-json\/wp\/v2\/types\/product"}],"wp:featuredmedia":[{"embeddable":true,"href":"https:\/\/libreriahistoriasdebolsillo.com\/index.php\/wp-json\/wp\/v2\/media\/6787"}],"wp:attachment":[{"href":"https:\/\/libreriahistoriasdebolsillo.com\/index.php\/wp-json\/wp\/v2\/media?parent=6786"}],"wp:term":[{"taxonomy":"product_brand","embeddable":true,"href":"https:\/\/libreriahistoriasdebolsillo.com\/index.php\/wp-json\/wp\/v2\/product_brand?post=6786"},{"taxonomy":"product_cat","embeddable":true,"href":"https:\/\/libreriahistoriasdebolsillo.com\/index.php\/wp-json\/wp\/v2\/product_cat?post=6786"},{"taxonomy":"product_tag","embeddable":true,"href":"https:\/\/libreriahistoriasdebolsillo.com\/index.php\/wp-json\/wp\/v2\/product_tag?post=6786"}],"curies":[{"name":"wp","href":"https:\/\/api.w.org\/{rel}","templated":true}]}}