{"id":6790,"date":"2025-05-16T14:24:20","date_gmt":"2025-05-16T20:24:20","guid":{"rendered":"https:\/\/libreriahistoriasdebolsillo.com\/?post_type=product&#038;p=6790"},"modified":"2025-11-12T14:03:32","modified_gmt":"2025-11-12T20:03:32","slug":"destellos-2","status":"publish","type":"product","link":"https:\/\/libreriahistoriasdebolsillo.com\/index.php\/producto\/destellos-2\/","title":{"rendered":"Destellos"},"content":{"rendered":"<p><b>El famoso motivador C\u00e9sar Lozano otorga en este libro una serie de reflexiones que ayudar\u00e1n al lector a mejorar las relaciones con los otros y superar las adversidades.<\/b><\/p>\n<p><b>Del autor bestseller de<\/b><i><b>\u00a0Por el placer de vivir\u00a0<\/b><\/i><b>y\u00a0<\/b><i><b>El lado f\u00e1cil de la gente dif\u00edcil.<\/b><\/i><\/p>\n<p><b>C\u00e9sar Lozano ha motivado a m\u00e1s de 20 millones de personas en el mundo.<\/b><\/p>\n<p><b>Reflexiones que dar\u00e1n m\u00e1s luz a tu vida y dejar\u00e1n en ti un buen sabor de boca para vivir con amor y armon\u00eda.<\/b><\/p>\n<p>Un libro que proporciona herramientas y t\u00e9cnicas pr\u00e1cticas y \u00fatiles para mejorar tus relaciones con los dem\u00e1s y para sobrellevar las adversidades que se presentan a diario; un libro lleno de destellos de luz para elevar tu autoestima, el amor por la vida y destellos de esperanza para darle sentido a tus acciones y decisiones. Una serie de reflexiones que dejar\u00e1n en ti un buen sabor de boca para vivir con amor y armon\u00eda.<\/p>\n","protected":false},"excerpt":{"rendered":"<p>Cesar Lozano<\/p>\n<p>176 p\u00e1ginas<\/p>\n","protected":false},"featured_media":6791,"template":"","meta":{"_joinchat":[]},"product_brand":[],"product_cat":[58,70],"product_tag":[34],"class_list":{"0":"post-6790","1":"product","2":"type-product","3":"status-publish","4":"has-post-thumbnail","6":"product_cat-desarrollo-humano-y-superacion","7":"product_cat-novedades","8":"product_tag-penguin-random-house","10":"first","11":"outofstock","12":"shipping-taxable","13":"purchasable","14":"product-type-simple"},"_links":{"self":[{"href":"https:\/\/libreriahistoriasdebolsillo.com\/index.php\/wp-json\/wp\/v2\/product\/6790","targetHints":{"allow":["GET"]}}],"collection":[{"href":"https:\/\/libreriahistoriasdebolsillo.com\/index.php\/wp-json\/wp\/v2\/product"}],"about":[{"href":"https:\/\/libreriahistoriasdebolsillo.com\/index.php\/wp-json\/wp\/v2\/types\/product"}],"wp:featuredmedia":[{"embeddable":true,"href":"https:\/\/libreriahistoriasdebolsillo.com\/index.php\/wp-json\/wp\/v2\/media\/6791"}],"wp:attachment":[{"href":"https:\/\/libreriahistoriasdebolsillo.com\/index.php\/wp-json\/wp\/v2\/media?parent=6790"}],"wp:term":[{"taxonomy":"product_brand","embeddable":true,"href":"https:\/\/libreriahistoriasdebolsillo.com\/index.php\/wp-json\/wp\/v2\/product_brand?post=6790"},{"taxonomy":"product_cat","embeddable":true,"href":"https:\/\/libreriahistoriasdebolsillo.com\/index.php\/wp-json\/wp\/v2\/product_cat?post=6790"},{"taxonomy":"product_tag","embeddable":true,"href":"https:\/\/libreriahistoriasdebolsillo.com\/index.php\/wp-json\/wp\/v2\/product_tag?post=6790"}],"curies":[{"name":"wp","href":"https:\/\/api.w.org\/{rel}","templated":true}]}}