{"id":6792,"date":"2025-05-16T14:26:34","date_gmt":"2025-05-16T20:26:34","guid":{"rendered":"https:\/\/libreriahistoriasdebolsillo.com\/?post_type=product&#038;p=6792"},"modified":"2025-09-30T10:35:16","modified_gmt":"2025-09-30T16:35:16","slug":"pokemon-la-batalla-final-de-ash","status":"publish","type":"product","link":"https:\/\/libreriahistoriasdebolsillo.com\/index.php\/producto\/pokemon-la-batalla-final-de-ash\/","title":{"rendered":"Pok\u00e9mon. La batalla final de Ash"},"content":{"rendered":"<p><b>La batalla final de Ash: el combate definitivo para convertirse en el campe\u00f3n de la Serie Mundial de Coronaci\u00f3n.<\/b><\/p>\n<p><b>\u00a1Un libro de primeras lecturas perfecto para cualquier fan de la saga!<\/b><\/p>\n<p>\u00a1Prep\u00e1rate para la acci\u00f3n mientras Ash compite por coronarse como el mejor Entrenador Pok\u00e9mon!<\/p>\n<p>\u00bfConseguir\u00e1 el joven de Pueblo Paleta llegar a la final del Torneo de los Ocho Maestros de la Serie Mundial de Coronaci\u00f3n y derrotar al campe\u00f3n actual, Lionel?<\/p>\n<p>Viejos amigos, villanos malvados y todos los Pok\u00e9mon que puedas imaginar asistir\u00e1n al combate Pok\u00e9mon definitivo, que supondr\u00e1 la \u00faltima gran aventura de Ash Ketchum.<\/p>\n<p>Ad\u00e9ntrate en la batalla m\u00e1s \u00e9pica de todos los tiempos y s\u00e9 testigo del final de una leyenda.<\/p>\n<p>&nbsp;<\/p>\n","protected":false},"excerpt":{"rendered":"<p>128 p\u00e1ginas<\/p>\n","protected":false},"featured_media":6793,"template":"","meta":{"_joinchat":[]},"product_brand":[],"product_cat":[54,52,70],"product_tag":[34],"class_list":{"0":"post-6792","1":"product","2":"type-product","3":"status-publish","4":"has-post-thumbnail","6":"product_cat-infantil","7":"product_cat-juvenil","8":"product_cat-novedades","9":"product_tag-penguin-random-house","11":"first","12":"outofstock","13":"shipping-taxable","14":"purchasable","15":"product-type-simple"},"_links":{"self":[{"href":"https:\/\/libreriahistoriasdebolsillo.com\/index.php\/wp-json\/wp\/v2\/product\/6792","targetHints":{"allow":["GET"]}}],"collection":[{"href":"https:\/\/libreriahistoriasdebolsillo.com\/index.php\/wp-json\/wp\/v2\/product"}],"about":[{"href":"https:\/\/libreriahistoriasdebolsillo.com\/index.php\/wp-json\/wp\/v2\/types\/product"}],"wp:featuredmedia":[{"embeddable":true,"href":"https:\/\/libreriahistoriasdebolsillo.com\/index.php\/wp-json\/wp\/v2\/media\/6793"}],"wp:attachment":[{"href":"https:\/\/libreriahistoriasdebolsillo.com\/index.php\/wp-json\/wp\/v2\/media?parent=6792"}],"wp:term":[{"taxonomy":"product_brand","embeddable":true,"href":"https:\/\/libreriahistoriasdebolsillo.com\/index.php\/wp-json\/wp\/v2\/product_brand?post=6792"},{"taxonomy":"product_cat","embeddable":true,"href":"https:\/\/libreriahistoriasdebolsillo.com\/index.php\/wp-json\/wp\/v2\/product_cat?post=6792"},{"taxonomy":"product_tag","embeddable":true,"href":"https:\/\/libreriahistoriasdebolsillo.com\/index.php\/wp-json\/wp\/v2\/product_tag?post=6792"}],"curies":[{"name":"wp","href":"https:\/\/api.w.org\/{rel}","templated":true}]}}