{"id":6794,"date":"2025-05-16T14:31:09","date_gmt":"2025-05-16T20:31:09","guid":{"rendered":"https:\/\/libreriahistoriasdebolsillo.com\/?post_type=product&#038;p=6794"},"modified":"2025-12-27T14:30:20","modified_gmt":"2025-12-27T20:30:20","slug":"story-lake-1-la-historia-de-mi-vida","status":"publish","type":"product","link":"https:\/\/libreriahistoriasdebolsillo.com\/index.php\/producto\/story-lake-1-la-historia-de-mi-vida\/","title":{"rendered":"Story lake 1. La historia de mi vida"},"content":{"rendered":"<p><b>EN OCASIONES, LA INSPIRACI\u00d3N<\/b>\u00a0<b>TE ENCUENTRA EN UN PUEBLO PERDIDO<\/b>\u00a0<b>Y CON EL HOMBRE M\u00c1S GUAPO Y<\/b>\u00a0<b>MALHUMORADO DEL MUNDO\u2026<\/b><\/p>\n<p><b>Hazel Hart<\/b>\u00a0era una exitosa escritora de\u00a0<b>novelas rom\u00e1nticas<\/b>\u00a0hasta que una ruptura la sumi\u00f3 en el bloqueo creativo de su vida. Cuando no termina a tiempo su m\u00e1s reciente manuscrito, su editorial le da un\u00a0<b>ultim\u00e1tum<\/b>: o cumple con el pr\u00f3ximo plazo de entrega o se acab\u00f3.<\/p>\n<p>En busca de inspiraci\u00f3n, Hazel compra una\u00a0<b>casa online<\/b>\u00a0y huye de Manhattan a\u00a0<b>Story<\/b><b>\u00a0Lake<\/b>, en Pennsylvania. Pero al llegar descubre que su nuevo hogar est\u00e1 que se cae y el pueblo atraviesa una mala racha tras el cierre de su\u00a0<b>mayor negocio<\/b>.<\/p>\n<p>Sin embargo, Hazel deja de preocuparse cuando conoce a\u00a0<b>Cam<\/b>\u00a0<b>Bishop<\/b>, contratista y gru\u00f1\u00f3n profesional, y decide ficharlo a \u00e9l y a sus hermanos para renovar su casa.<\/p>\n<p>Antes de darse cuenta, Hazel est\u00e1 escribiendo (y viviendo) un romance\u2026 Por lo menos hasta que Cam recuerde las razones que le impiden ser feliz para siempre.<\/p>\n","protected":false},"excerpt":{"rendered":"<p>Lucy Score<\/p>\n<p>576 p\u00e1ginas<\/p>\n","protected":false},"featured_media":6795,"template":"","meta":{"_joinchat":[]},"product_brand":[],"product_cat":[70,35],"product_tag":[34],"class_list":{"0":"post-6794","1":"product","2":"type-product","3":"status-publish","4":"has-post-thumbnail","6":"product_cat-novedades","7":"product_cat-romantica","8":"product_tag-penguin-random-house","10":"first","11":"outofstock","12":"shipping-taxable","13":"purchasable","14":"product-type-simple"},"_links":{"self":[{"href":"https:\/\/libreriahistoriasdebolsillo.com\/index.php\/wp-json\/wp\/v2\/product\/6794","targetHints":{"allow":["GET"]}}],"collection":[{"href":"https:\/\/libreriahistoriasdebolsillo.com\/index.php\/wp-json\/wp\/v2\/product"}],"about":[{"href":"https:\/\/libreriahistoriasdebolsillo.com\/index.php\/wp-json\/wp\/v2\/types\/product"}],"wp:featuredmedia":[{"embeddable":true,"href":"https:\/\/libreriahistoriasdebolsillo.com\/index.php\/wp-json\/wp\/v2\/media\/6795"}],"wp:attachment":[{"href":"https:\/\/libreriahistoriasdebolsillo.com\/index.php\/wp-json\/wp\/v2\/media?parent=6794"}],"wp:term":[{"taxonomy":"product_brand","embeddable":true,"href":"https:\/\/libreriahistoriasdebolsillo.com\/index.php\/wp-json\/wp\/v2\/product_brand?post=6794"},{"taxonomy":"product_cat","embeddable":true,"href":"https:\/\/libreriahistoriasdebolsillo.com\/index.php\/wp-json\/wp\/v2\/product_cat?post=6794"},{"taxonomy":"product_tag","embeddable":true,"href":"https:\/\/libreriahistoriasdebolsillo.com\/index.php\/wp-json\/wp\/v2\/product_tag?post=6794"}],"curies":[{"name":"wp","href":"https:\/\/api.w.org\/{rel}","templated":true}]}}