{"id":6798,"date":"2025-05-16T14:36:17","date_gmt":"2025-05-16T20:36:17","guid":{"rendered":"https:\/\/libreriahistoriasdebolsillo.com\/?post_type=product&#038;p=6798"},"modified":"2025-10-20T12:46:28","modified_gmt":"2025-10-20T18:46:28","slug":"mi-nombre-es-emilia-del-valle","status":"publish","type":"product","link":"https:\/\/libreriahistoriasdebolsillo.com\/index.php\/producto\/mi-nombre-es-emilia-del-valle\/","title":{"rendered":"Mi nombre es Emilia del Valle"},"content":{"rendered":"<div class=\"row\">\n<div class=\"col-xs-12 col-md-12\">\n<blockquote><p>Una inolvidable historia de amor y de guerra protagonizada por una mujer que, enfrentada a los mayores desaf\u00edos, sobrevive y se reinventa.<\/p>\n<p><b>San Francisco, 1866:<\/b>\u00a0una monja irlandesa, embarazada y abandonada por un arist\u00f3crata chileno tras una apasionada relaci\u00f3n, da a luz a una ni\u00f1a a la que llama Emilia del Valle. Criada por su cari\u00f1oso padrastro, Emilia se convertir\u00e1 en una joven brillante de gran personalidad, aut\u00f3noma e independiente, que desafiar\u00e1 las normas sociales de su tiempo para profesar su verdadera pasi\u00f3n y vocaci\u00f3n: la escritura.<\/p>\n<p>Con tan solo diecisiete a\u00f1os, publicar\u00e1 novelas de aventuras bajo un pseud\u00f3nimo masculino. Pero, enseguida, su mundo ficticio se le quedar\u00e1 peque\u00f1o y decidir\u00e1 optar al puesto de periodista que se le ofrece en el peri\u00f3dico local para vivir de cerca la realidad.<\/p>\n<p>Tiempo despu\u00e9s, se le presentar\u00e1 la oportunidad de viajar como corresponsal a la ferviente guerra civil en Chile y no dudar\u00e1 en tomarla. Junto al avezado periodista Eric Whelan, Emilia se encontrar\u00e1 una naci\u00f3n en quiebra, al borde del abismo. Mientras cubre el conflicto b\u00e9lico entre el presidente Balmaceda y el congreso rebelde, aprovechar\u00e1 la estancia en el pa\u00eds para explorar sus v\u00ednculos con la familia Del Valle y poder, al fin, conocer a su padre.<\/p>\n<p>Sus reportajes la situar\u00e1n en el centro de la guerra, soportando situaciones de terrible violencia en el campo de batalla, en el hospital de sangre y en la c\u00e1rcel, donde varias veces se debatir\u00e1 entre la vida y la muerte. Al tiempo, vivir\u00e1 -y sufrir\u00e1- el amor y conocer\u00e1 tambi\u00e9n, entre bosques, lagos y volcanes, una tierra donde no llega el horror de la guerra y donde, tal vez, acabe descubriendo no solo su destino sino su propia identidad.<\/p>\n<p>Una cautivadora e inolvidable historia de amor y de guerra, de descubrimiento y redenci\u00f3n, protagonizada por una mujer que, enfrentada a los mayores desaf\u00edos, sobrevive y se reinventa. Emilia del Valle es desde ya un personaje inolvidable del universo m\u00e1s f\u00e9rtil de Isabel Allende, la saga Del Valle, que empez\u00f3 con su obra maestra La casa de los esp\u00edritus y continu\u00f3 con Hija de la fortuna y Retrato en sepia.<\/p><\/blockquote>\n<\/div>\n<\/div>\n<div id=\"ancla\" class=\"info-libro row\">\n<div class=\"col-sm-4 hidden-xs\"><\/div>\n<\/div>\n","protected":false},"excerpt":{"rendered":"<p>Isabel Allende<\/p>\n<p>368 p\u00e1ginas<\/p>\n","protected":false},"featured_media":6799,"template":"","meta":{"_joinchat":[]},"product_brand":[],"product_cat":[78,33,70],"product_tag":[34],"class_list":{"0":"post-6798","1":"product","2":"type-product","3":"status-publish","4":"has-post-thumbnail","6":"product_cat-contemporanea","7":"product_cat-ficcion-general","8":"product_cat-novedades","9":"product_tag-penguin-random-house","11":"first","12":"outofstock","13":"shipping-taxable","14":"purchasable","15":"product-type-simple"},"_links":{"self":[{"href":"https:\/\/libreriahistoriasdebolsillo.com\/index.php\/wp-json\/wp\/v2\/product\/6798","targetHints":{"allow":["GET"]}}],"collection":[{"href":"https:\/\/libreriahistoriasdebolsillo.com\/index.php\/wp-json\/wp\/v2\/product"}],"about":[{"href":"https:\/\/libreriahistoriasdebolsillo.com\/index.php\/wp-json\/wp\/v2\/types\/product"}],"wp:featuredmedia":[{"embeddable":true,"href":"https:\/\/libreriahistoriasdebolsillo.com\/index.php\/wp-json\/wp\/v2\/media\/6799"}],"wp:attachment":[{"href":"https:\/\/libreriahistoriasdebolsillo.com\/index.php\/wp-json\/wp\/v2\/media?parent=6798"}],"wp:term":[{"taxonomy":"product_brand","embeddable":true,"href":"https:\/\/libreriahistoriasdebolsillo.com\/index.php\/wp-json\/wp\/v2\/product_brand?post=6798"},{"taxonomy":"product_cat","embeddable":true,"href":"https:\/\/libreriahistoriasdebolsillo.com\/index.php\/wp-json\/wp\/v2\/product_cat?post=6798"},{"taxonomy":"product_tag","embeddable":true,"href":"https:\/\/libreriahistoriasdebolsillo.com\/index.php\/wp-json\/wp\/v2\/product_tag?post=6798"}],"curies":[{"name":"wp","href":"https:\/\/api.w.org\/{rel}","templated":true}]}}