{"id":6808,"date":"2025-06-05T14:50:04","date_gmt":"2025-06-05T20:50:04","guid":{"rendered":"https:\/\/libreriahistoriasdebolsillo.com\/?post_type=product&#038;p=6808"},"modified":"2025-09-30T10:33:44","modified_gmt":"2025-09-30T16:33:44","slug":"la-mujer-incierta","status":"publish","type":"product","link":"https:\/\/libreriahistoriasdebolsillo.com\/index.php\/producto\/la-mujer-incierta\/","title":{"rendered":"La mujer incierta"},"content":{"rendered":"<p><i>\u00abLa que me ha pedido aparecer en estas p\u00e1ginas es sobre todo la mujer incierta, una que sigue existiendo dentro de m\u00ed, debajo de todas mis capas. Pero hay otras, algunas de las cuales no aparecen aqu\u00ed o no aparecer\u00e1n jam\u00e1s\u00bb.<\/i><\/p>\n<p>\u00bfC\u00f3mo contar la historia de uno mismo? Y, en ese ejercicio, \u00bfhasta qu\u00e9 punto se construye o se reconstruye la identidad? En este libro autobiogr\u00e1fico, Piedad Bonnett parte de sus vivencias para reflexionar sobre los factores que definen nuestra cotidianidad. Nos habla, con sensibilidad y lucidez, de aquello que determina la experiencia de las mujeres \u2014la educaci\u00f3n, el matrimonio, la maternidad, los tab\u00faes asociados al cuerpo y la violencia de g\u00e9nero\u2014 y tambi\u00e9n de la ansiedad, el miedo, la rebeld\u00eda, las ansias de libertad y las obsesiones que impulsan el proceso de la escritura.<\/p>\n<p>Con una prosa po\u00e9tica y contundente, atravesada por humor e iron\u00eda, la autora aborda las diferentes \u00e9pocas que ha presenciado, en las que podemos vislumbrar las muchas mujeres que ha sido. Su camino de reconocimiento est\u00e1 siempre inconcluso, pues, al igual que ella, todos \u00absomos inaprehensibles. Somos rectificables, como cuando queremos que la palabra d\u00e9 cuenta de nosotros. No hay relato que diga qui\u00e9nes somos\u00bb.<\/p>\n","protected":false},"excerpt":{"rendered":"<p>Piedad Bonnett<\/p>\n<p>256 p\u00e1ginas<\/p>\n","protected":false},"featured_media":6809,"template":"","meta":{"_joinchat":[]},"product_brand":[],"product_cat":[33],"product_tag":[34],"class_list":{"0":"post-6808","1":"product","2":"type-product","3":"status-publish","4":"has-post-thumbnail","6":"product_cat-ficcion-general","7":"product_tag-penguin-random-house","9":"first","10":"outofstock","11":"shipping-taxable","12":"purchasable","13":"product-type-simple"},"_links":{"self":[{"href":"https:\/\/libreriahistoriasdebolsillo.com\/index.php\/wp-json\/wp\/v2\/product\/6808","targetHints":{"allow":["GET"]}}],"collection":[{"href":"https:\/\/libreriahistoriasdebolsillo.com\/index.php\/wp-json\/wp\/v2\/product"}],"about":[{"href":"https:\/\/libreriahistoriasdebolsillo.com\/index.php\/wp-json\/wp\/v2\/types\/product"}],"wp:featuredmedia":[{"embeddable":true,"href":"https:\/\/libreriahistoriasdebolsillo.com\/index.php\/wp-json\/wp\/v2\/media\/6809"}],"wp:attachment":[{"href":"https:\/\/libreriahistoriasdebolsillo.com\/index.php\/wp-json\/wp\/v2\/media?parent=6808"}],"wp:term":[{"taxonomy":"product_brand","embeddable":true,"href":"https:\/\/libreriahistoriasdebolsillo.com\/index.php\/wp-json\/wp\/v2\/product_brand?post=6808"},{"taxonomy":"product_cat","embeddable":true,"href":"https:\/\/libreriahistoriasdebolsillo.com\/index.php\/wp-json\/wp\/v2\/product_cat?post=6808"},{"taxonomy":"product_tag","embeddable":true,"href":"https:\/\/libreriahistoriasdebolsillo.com\/index.php\/wp-json\/wp\/v2\/product_tag?post=6808"}],"curies":[{"name":"wp","href":"https:\/\/api.w.org\/{rel}","templated":true}]}}