{"id":681,"date":"2023-11-20T12:53:33","date_gmt":"2023-11-20T18:53:33","guid":{"rendered":"https:\/\/libreriahistoriasdebolsillo.com\/?post_type=product&#038;p=681"},"modified":"2023-12-08T11:24:54","modified_gmt":"2023-12-08T17:24:54","slug":"la-condesa","status":"publish","type":"product","link":"https:\/\/libreriahistoriasdebolsillo.com\/index.php\/producto\/la-condesa\/","title":{"rendered":"La condesa"},"content":{"rendered":"<p><span class=\"a-text-bold\">La cautivadora continuaci\u00f3n del best seller Mister, una apasionada historia de amor de E. L. James, autora del fen\u00f3meno mundial \u00abCincuenta sombras\u00bb. \u00bfQU\u00c9 PASA CUANDO EL ZAPATO DE CRISTAL ENCAJA?<\/span><\/p>\n<p>Maxim Trevelyan, conde de Trevethick, ha seguido a la mujer que ama hasta lo m\u00e1s profundo de Albania. Ha luchado por ella y ha vencido, y ahora tiene que casarse&#8230; a punta de escopeta. Pero \u00bfpuede Maxim convertirse de verdad en un buen marido o su mala reputaci\u00f3n y los escandalosos secretos de su aristocr\u00e1tica familia destrozar\u00e1n su reci\u00e9n lograda felicidad? Alessia Demachi ha desafiado a secuestradores y traficantes y ha conquistado el coraz\u00f3n del hombre del que se enamor\u00f3, pero \u00bfpodr\u00e1 hacer funcionar este matrimonio? Enfrentada al escabroso pasado de Maxim, su intimidante familia y las miradas y susurros de la \u00e9lite de Londres, \u00bfser\u00e1 alguna vez respetada como condesa y esposa de Maxim o ser\u00e1 para siempre considerada como su antigua asistenta? Desde las majestuosas monta\u00f1as de Albania hasta el turbio glamur del Londres actual, pasando por la id\u00edlica campi\u00f1a inglesa, La condesa es una fascinante aventura de amor, anhelo y redenci\u00f3n.<\/p>\n","protected":false},"excerpt":{"rendered":"<p>E.L. James<\/p>\n","protected":false},"featured_media":682,"template":"","meta":{"_joinchat":[]},"product_brand":[],"product_cat":[53,35],"product_tag":[34],"class_list":{"0":"post-681","1":"product","2":"type-product","3":"status-publish","4":"has-post-thumbnail","6":"product_cat-erotica","7":"product_cat-romantica","8":"product_tag-penguin-random-house","10":"first","11":"outofstock","12":"shipping-taxable","13":"purchasable","14":"product-type-simple"},"_links":{"self":[{"href":"https:\/\/libreriahistoriasdebolsillo.com\/index.php\/wp-json\/wp\/v2\/product\/681","targetHints":{"allow":["GET"]}}],"collection":[{"href":"https:\/\/libreriahistoriasdebolsillo.com\/index.php\/wp-json\/wp\/v2\/product"}],"about":[{"href":"https:\/\/libreriahistoriasdebolsillo.com\/index.php\/wp-json\/wp\/v2\/types\/product"}],"wp:featuredmedia":[{"embeddable":true,"href":"https:\/\/libreriahistoriasdebolsillo.com\/index.php\/wp-json\/wp\/v2\/media\/682"}],"wp:attachment":[{"href":"https:\/\/libreriahistoriasdebolsillo.com\/index.php\/wp-json\/wp\/v2\/media?parent=681"}],"wp:term":[{"taxonomy":"product_brand","embeddable":true,"href":"https:\/\/libreriahistoriasdebolsillo.com\/index.php\/wp-json\/wp\/v2\/product_brand?post=681"},{"taxonomy":"product_cat","embeddable":true,"href":"https:\/\/libreriahistoriasdebolsillo.com\/index.php\/wp-json\/wp\/v2\/product_cat?post=681"},{"taxonomy":"product_tag","embeddable":true,"href":"https:\/\/libreriahistoriasdebolsillo.com\/index.php\/wp-json\/wp\/v2\/product_tag?post=681"}],"curies":[{"name":"wp","href":"https:\/\/api.w.org\/{rel}","templated":true}]}}