{"id":6814,"date":"2025-06-05T15:00:12","date_gmt":"2025-06-05T21:00:12","guid":{"rendered":"https:\/\/libreriahistoriasdebolsillo.com\/?post_type=product&#038;p=6814"},"modified":"2025-09-30T10:29:26","modified_gmt":"2025-09-30T16:29:26","slug":"el-mago-de-oz","status":"publish","type":"product","link":"https:\/\/libreriahistoriasdebolsillo.com\/index.php\/producto\/el-mago-de-oz\/","title":{"rendered":"El mago de Oz"},"content":{"rendered":"<p>Tras ser\u00a0<b>arrancados<\/b>\u00a0de su hogar en Kansas por un hurac\u00e1n, la\u00a0<b>peque\u00f1a<\/b>\u00a0<b>Dorothy<\/b>\u00a0y su perro\u00a0<b>Toto<\/b>\u00a0aterrizan en un mundo desconocido, donde deben salir en busca de la \u00fanica persona capaz de llevarlos de vuelta a casa: el\u00a0<b>Mago de Oz<\/b>. Durante el viaje a su morada en la\u00a0<b>Ciudad Esmeralda<\/b>, los dos se enfrentar\u00e1n a un sinf\u00edn de obst\u00e1culos y peligros, pero tambi\u00e9n se aliar\u00e1n con unos singulares personajes que desean la ayuda del\u00a0<b>mago<\/b>\u00a0para prosperar: un espantap\u00e1jaros sin cerebro, un le\u00f3n sin coraje y un\u00a0<b>hombre de hojalata<\/b>\u00a0sin coraz\u00f3n.<\/p>\n<p>La presente edici\u00f3n, a cargo de uno de los grandes expertos en la obra de\u00a0<b>L. Frank<\/b>\u00a0<b>Baum<\/b>, cuenta con una iluminadora introducci\u00f3n hist\u00f3rica y con las ilustraciones que acompa\u00f1aron a la novela en su primera publicaci\u00f3n.<\/p>\n","protected":false},"excerpt":{"rendered":"<p>L. Frank Baum<\/p>\n<p>256 p\u00e1ginas<\/p>\n","protected":false},"featured_media":6815,"template":"","meta":{"_joinchat":[]},"product_brand":[],"product_cat":[42,51],"product_tag":[34],"class_list":{"0":"post-6814","1":"product","2":"type-product","3":"status-publish","4":"has-post-thumbnail","6":"product_cat-literatura-clasica","7":"product_cat-oferta","8":"product_tag-penguin-random-house","10":"first","11":"outofstock","12":"shipping-taxable","13":"purchasable","14":"product-type-simple"},"_links":{"self":[{"href":"https:\/\/libreriahistoriasdebolsillo.com\/index.php\/wp-json\/wp\/v2\/product\/6814","targetHints":{"allow":["GET"]}}],"collection":[{"href":"https:\/\/libreriahistoriasdebolsillo.com\/index.php\/wp-json\/wp\/v2\/product"}],"about":[{"href":"https:\/\/libreriahistoriasdebolsillo.com\/index.php\/wp-json\/wp\/v2\/types\/product"}],"wp:featuredmedia":[{"embeddable":true,"href":"https:\/\/libreriahistoriasdebolsillo.com\/index.php\/wp-json\/wp\/v2\/media\/6815"}],"wp:attachment":[{"href":"https:\/\/libreriahistoriasdebolsillo.com\/index.php\/wp-json\/wp\/v2\/media?parent=6814"}],"wp:term":[{"taxonomy":"product_brand","embeddable":true,"href":"https:\/\/libreriahistoriasdebolsillo.com\/index.php\/wp-json\/wp\/v2\/product_brand?post=6814"},{"taxonomy":"product_cat","embeddable":true,"href":"https:\/\/libreriahistoriasdebolsillo.com\/index.php\/wp-json\/wp\/v2\/product_cat?post=6814"},{"taxonomy":"product_tag","embeddable":true,"href":"https:\/\/libreriahistoriasdebolsillo.com\/index.php\/wp-json\/wp\/v2\/product_tag?post=6814"}],"curies":[{"name":"wp","href":"https:\/\/api.w.org\/{rel}","templated":true}]}}