{"id":6816,"date":"2025-06-05T15:02:37","date_gmt":"2025-06-05T21:02:37","guid":{"rendered":"https:\/\/libreriahistoriasdebolsillo.com\/?post_type=product&#038;p=6816"},"modified":"2025-09-30T10:30:12","modified_gmt":"2025-09-30T16:30:12","slug":"acaba-con-el-sibo","status":"publish","type":"product","link":"https:\/\/libreriahistoriasdebolsillo.com\/index.php\/producto\/acaba-con-el-sibo\/","title":{"rendered":"Acaba con el SIBO"},"content":{"rendered":"<p><b>Deja de vivir con miedo a la tripa hinchada: la soluci\u00f3n al SIBO existe.<\/b><\/p>\n<p>A estas alturas, es m\u00e1s que probable que ya hayas o\u00eddo hablar del SIBO, pero \u00bfsab\u00edas que puede ser de muchas clases? \u00bfQue es preciso saber cu\u00e1l es tu caso antes de intentar ponerle remedio? \u00bfQue las dietas restrictivas no lo son todo?<\/p>\n<p><b>Sal del ciclo de \u00abtodo me sienta mal\u00bb.<\/b><\/p>\n<p>Mireia Velasco, especialista en salud digestiva, te descubre todo lo que hay detr\u00e1s del SIBO: c\u00f3mo entender sus causas y, sobre todo, c\u00f3mo ponerle remedio. Con un m\u00e9todo de tres fases \u2014limpieza, recuperaci\u00f3n y mantenimiento\u2014, toda la informaci\u00f3n de la mano de la evidencia cient\u00edfica y men\u00fas para ponerlo en pr\u00e1ctica, este libro te ofrece una mirada integrativa con la que abordar el problema desde todos sus \u00e1ngulos. Mejora desde ya tu calidad de vida.<\/p>\n","protected":false},"excerpt":{"rendered":"<p>Mireia Velasco<\/p>\n<p>288 p\u00e1ginas<\/p>\n","protected":false},"featured_media":6817,"template":"","meta":{"_joinchat":[]},"product_brand":[],"product_cat":[58,41,70],"product_tag":[34],"class_list":{"0":"post-6816","1":"product","2":"type-product","3":"status-publish","4":"has-post-thumbnail","6":"product_cat-desarrollo-humano-y-superacion","7":"product_cat-desarrollo-humano","8":"product_cat-novedades","9":"product_tag-penguin-random-house","11":"first","12":"outofstock","13":"shipping-taxable","14":"purchasable","15":"product-type-simple"},"_links":{"self":[{"href":"https:\/\/libreriahistoriasdebolsillo.com\/index.php\/wp-json\/wp\/v2\/product\/6816","targetHints":{"allow":["GET"]}}],"collection":[{"href":"https:\/\/libreriahistoriasdebolsillo.com\/index.php\/wp-json\/wp\/v2\/product"}],"about":[{"href":"https:\/\/libreriahistoriasdebolsillo.com\/index.php\/wp-json\/wp\/v2\/types\/product"}],"wp:featuredmedia":[{"embeddable":true,"href":"https:\/\/libreriahistoriasdebolsillo.com\/index.php\/wp-json\/wp\/v2\/media\/6817"}],"wp:attachment":[{"href":"https:\/\/libreriahistoriasdebolsillo.com\/index.php\/wp-json\/wp\/v2\/media?parent=6816"}],"wp:term":[{"taxonomy":"product_brand","embeddable":true,"href":"https:\/\/libreriahistoriasdebolsillo.com\/index.php\/wp-json\/wp\/v2\/product_brand?post=6816"},{"taxonomy":"product_cat","embeddable":true,"href":"https:\/\/libreriahistoriasdebolsillo.com\/index.php\/wp-json\/wp\/v2\/product_cat?post=6816"},{"taxonomy":"product_tag","embeddable":true,"href":"https:\/\/libreriahistoriasdebolsillo.com\/index.php\/wp-json\/wp\/v2\/product_tag?post=6816"}],"curies":[{"name":"wp","href":"https:\/\/api.w.org\/{rel}","templated":true}]}}