{"id":6818,"date":"2025-06-05T15:04:54","date_gmt":"2025-06-05T21:04:54","guid":{"rendered":"https:\/\/libreriahistoriasdebolsillo.com\/?post_type=product&#038;p=6818"},"modified":"2025-09-30T10:29:56","modified_gmt":"2025-09-30T16:29:56","slug":"cuando-sea-real","status":"publish","type":"product","link":"https:\/\/libreriahistoriasdebolsillo.com\/index.php\/producto\/cuando-sea-real\/","title":{"rendered":"Cuando sea real"},"content":{"rendered":"<p><b>A VECES, NO HAY NADA M\u00c1S REAL QUE UNA MENTIRA.<\/b><\/p>\n<p>Lily Moreau lo tiene todo. Unos padres acaudalados, pasi\u00f3n por la moda, amigos que cuidan de ella y a Oliver, un buen amigo que podr\u00eda llegar a ser mucho m\u00e1s.<\/p>\n<p>En cambio, Emily Duan tiene solo una madre que trabaja a todas horas, un sue\u00f1o por el que no se atreve a luchar y a Liam, un chico dispuesto a destapar todos sus secretos y a sacar a la luz a la verdadera Emily.<\/p>\n<p>\u00bfEl problema? Lily y Emily son la misma persona. Lo que empez\u00f3 como una peque\u00f1a mentira para conseguir un trabajo de tutora se ha convertido en una oportunidad para lograr lo que siempre ha deseado: un futuro en el mundo de la moda. Pero \u00bfcu\u00e1nto tiempo podr\u00e1 mantener el enga\u00f1o mientras se debate entre estos dos mundos? Nadie puede saber la verdad, especialmente ahora que los hermanos Lancaster tienen puesta en ella toda su atenci\u00f3n.<\/p>\n<p>Porque\u2026 \u00bfes posible vivir dos vidas sin olvidarte de qui\u00e9n eres en realidad?<\/p>\n","protected":false},"excerpt":{"rendered":"<p>Shula Li<\/p>\n<p>352 p\u00e1ginas<\/p>\n","protected":false},"featured_media":6819,"template":"","meta":{"_joinchat":[]},"product_brand":[],"product_cat":[52,70,35],"product_tag":[34],"class_list":{"0":"post-6818","1":"product","2":"type-product","3":"status-publish","4":"has-post-thumbnail","6":"product_cat-juvenil","7":"product_cat-novedades","8":"product_cat-romantica","9":"product_tag-penguin-random-house","11":"first","12":"outofstock","13":"shipping-taxable","14":"purchasable","15":"product-type-simple"},"_links":{"self":[{"href":"https:\/\/libreriahistoriasdebolsillo.com\/index.php\/wp-json\/wp\/v2\/product\/6818","targetHints":{"allow":["GET"]}}],"collection":[{"href":"https:\/\/libreriahistoriasdebolsillo.com\/index.php\/wp-json\/wp\/v2\/product"}],"about":[{"href":"https:\/\/libreriahistoriasdebolsillo.com\/index.php\/wp-json\/wp\/v2\/types\/product"}],"wp:featuredmedia":[{"embeddable":true,"href":"https:\/\/libreriahistoriasdebolsillo.com\/index.php\/wp-json\/wp\/v2\/media\/6819"}],"wp:attachment":[{"href":"https:\/\/libreriahistoriasdebolsillo.com\/index.php\/wp-json\/wp\/v2\/media?parent=6818"}],"wp:term":[{"taxonomy":"product_brand","embeddable":true,"href":"https:\/\/libreriahistoriasdebolsillo.com\/index.php\/wp-json\/wp\/v2\/product_brand?post=6818"},{"taxonomy":"product_cat","embeddable":true,"href":"https:\/\/libreriahistoriasdebolsillo.com\/index.php\/wp-json\/wp\/v2\/product_cat?post=6818"},{"taxonomy":"product_tag","embeddable":true,"href":"https:\/\/libreriahistoriasdebolsillo.com\/index.php\/wp-json\/wp\/v2\/product_tag?post=6818"}],"curies":[{"name":"wp","href":"https:\/\/api.w.org\/{rel}","templated":true}]}}