{"id":6820,"date":"2025-06-05T15:07:20","date_gmt":"2025-06-05T21:07:20","guid":{"rendered":"https:\/\/libreriahistoriasdebolsillo.com\/?post_type=product&#038;p=6820"},"modified":"2026-03-20T10:55:38","modified_gmt":"2026-03-20T16:55:38","slug":"edgar-allan-poe-cuentos-completos","status":"publish","type":"product","link":"https:\/\/libreriahistoriasdebolsillo.com\/index.php\/producto\/edgar-allan-poe-cuentos-completos\/","title":{"rendered":"Edgar Allan Poe. Cuentos completos"},"content":{"rendered":"<p><b>Edgar Allan Poe llev\u00f3 a cabo lo que ning\u00fan otro escritor hab\u00eda logrado antes: liberar las terribles im\u00e1genes que atesora el subconsciente para dejarlas caminar entre sus p\u00e1ginas.<\/b><\/p>\n<p><b><i>Cuentos completos\u00a0<\/i>re\u00fane un total de setenta piezas narrativas de Edgar Allan Poe, de las cuales siete eran in\u00e9ditas hasta ahora en espa\u00f1ol.<\/b><\/p>\n<p><b>Edici\u00f3n preparada por Thomas Ollive Mabbot, experto en la obra del maestro de la novela g\u00f3tica.<\/b><\/p>\n<p><i>Los hombres me han llamado loco; pero no est\u00e1 esclarecida la cuesti\u00f3n de si la locura es o no es lo sublime de la inteligencia.<\/i><\/p>\n<p>Edgar Allan Poe llev\u00f3 a cabo lo que ning\u00fan otro escritor hab\u00eda logrado antes: liberar las terribles im\u00e1genes que atesora el subconsciente para dejarlas caminar entre sus p\u00e1ginas. Abanderado de la\u00a0<b>novela g\u00f3tica<\/b>\u00a0y precursor del\u00a0<b>relato detectivesco<\/b>\u00a0y de la\u00a0<b>ciencia ficci\u00f3n<\/b>, sus historias llevan el\u00a0<b><i>suspense\u00a0<\/i><\/b>y el desasosiego hasta una perfecci\u00f3n nunca alcanzada y quiz\u00e1 jam\u00e1s alcanzable de nuevo.<\/p>\n<p>Thomas Ollive Mabbot, m\u00e1xima figura en el estudio de la obra de Poe, firma la esclarecedora introducci\u00f3n. Asimismo, a cada relato corresponde una sucinta nota editorial, anexos que completamos, cerrando el tomo, con los prefacios que el propio autor compuso para\u00a0<i>Cuentos del Club del Folio<\/i>\u00a0y\u00a0<i>Cuentos de lo grotesco y lo arabesco<\/i>, as\u00ed como los escritos de su coet\u00e1neo y principal admirador europeo, Charles Baudelaire.<\/p>\n","protected":false},"excerpt":{"rendered":"<p>Edgar Allan Poe<\/p>\n<p>1272 p\u00e1ginas<\/p>\n","protected":false},"featured_media":6821,"template":"","meta":{"_joinchat":[]},"product_brand":[],"product_cat":[42,51],"product_tag":[34],"class_list":{"0":"post-6820","1":"product","2":"type-product","3":"status-publish","4":"has-post-thumbnail","6":"product_cat-literatura-clasica","7":"product_cat-oferta","8":"product_tag-penguin-random-house","10":"first","11":"instock","12":"sale","13":"shipping-taxable","14":"purchasable","15":"product-type-simple"},"_links":{"self":[{"href":"https:\/\/libreriahistoriasdebolsillo.com\/index.php\/wp-json\/wp\/v2\/product\/6820","targetHints":{"allow":["GET"]}}],"collection":[{"href":"https:\/\/libreriahistoriasdebolsillo.com\/index.php\/wp-json\/wp\/v2\/product"}],"about":[{"href":"https:\/\/libreriahistoriasdebolsillo.com\/index.php\/wp-json\/wp\/v2\/types\/product"}],"wp:featuredmedia":[{"embeddable":true,"href":"https:\/\/libreriahistoriasdebolsillo.com\/index.php\/wp-json\/wp\/v2\/media\/6821"}],"wp:attachment":[{"href":"https:\/\/libreriahistoriasdebolsillo.com\/index.php\/wp-json\/wp\/v2\/media?parent=6820"}],"wp:term":[{"taxonomy":"product_brand","embeddable":true,"href":"https:\/\/libreriahistoriasdebolsillo.com\/index.php\/wp-json\/wp\/v2\/product_brand?post=6820"},{"taxonomy":"product_cat","embeddable":true,"href":"https:\/\/libreriahistoriasdebolsillo.com\/index.php\/wp-json\/wp\/v2\/product_cat?post=6820"},{"taxonomy":"product_tag","embeddable":true,"href":"https:\/\/libreriahistoriasdebolsillo.com\/index.php\/wp-json\/wp\/v2\/product_tag?post=6820"}],"curies":[{"name":"wp","href":"https:\/\/api.w.org\/{rel}","templated":true}]}}