{"id":6822,"date":"2025-06-05T15:10:23","date_gmt":"2025-06-05T21:10:23","guid":{"rendered":"https:\/\/libreriahistoriasdebolsillo.com\/?post_type=product&#038;p=6822"},"modified":"2025-09-30T10:32:53","modified_gmt":"2025-09-30T16:32:53","slug":"taberna-kamogawa-2-las-deliciosas-historias-de-la-taberna-kamogawa","status":"publish","type":"product","link":"https:\/\/libreriahistoriasdebolsillo.com\/index.php\/producto\/taberna-kamogawa-2-las-deliciosas-historias-de-la-taberna-kamogawa\/","title":{"rendered":"Taberna Kamogawa 2. Las deliciosas historias de la taberna Kamogawa"},"content":{"rendered":"<p><b>Una nueva entrega del fen\u00f3meno del\u00a0<i>cosy crime<\/i>\u00a0japon\u00e9s que ha seducido a miles de lectores<\/b><\/p>\n<p>Un misterioso anuncio de una sola l\u00ednea en una revista culinaria, sin n\u00famero de tel\u00e9fono ni direcci\u00f3n: \u00a1quienes deseen visitar la taberna Kamogawa tienen que confiar en un toque de magia para llegar hasta ella! Solo los asiduos y los curiosos, guiados por el destino, encuentran el camino hasta el peque\u00f1o edificio escondido entre las callejuelas de Kioto.<\/p>\n<p>La pareja formada por el padre y la hija Kamogawa ha empezado a anunciar sus servicios como \u00abdetectives de la comida\u00bb: mediante ingeniosas investigaciones, son capaces de recrear un plato del pasado de sus clientes, guisos que bien podr\u00edan contener las claves de historias olvidadas y promesas de felicidad futura. \u00bfLes permitir\u00e1n estos sabores redescubiertos cerrar la puerta a los remordimientos y empezar de nuevo?<\/p>\n","protected":false},"excerpt":{"rendered":"<p>Hisahi Kashiwai<\/p>\n<p>256 p\u00e1ginas<\/p>\n","protected":false},"featured_media":6823,"template":"","meta":{"_joinchat":[]},"product_brand":[],"product_cat":[78,37],"product_tag":[34],"class_list":{"0":"post-6822","1":"product","2":"type-product","3":"status-publish","4":"has-post-thumbnail","6":"product_cat-contemporanea","7":"product_cat-misterio-y-thriller","8":"product_tag-penguin-random-house","10":"first","11":"outofstock","12":"shipping-taxable","13":"purchasable","14":"product-type-simple"},"_links":{"self":[{"href":"https:\/\/libreriahistoriasdebolsillo.com\/index.php\/wp-json\/wp\/v2\/product\/6822","targetHints":{"allow":["GET"]}}],"collection":[{"href":"https:\/\/libreriahistoriasdebolsillo.com\/index.php\/wp-json\/wp\/v2\/product"}],"about":[{"href":"https:\/\/libreriahistoriasdebolsillo.com\/index.php\/wp-json\/wp\/v2\/types\/product"}],"wp:featuredmedia":[{"embeddable":true,"href":"https:\/\/libreriahistoriasdebolsillo.com\/index.php\/wp-json\/wp\/v2\/media\/6823"}],"wp:attachment":[{"href":"https:\/\/libreriahistoriasdebolsillo.com\/index.php\/wp-json\/wp\/v2\/media?parent=6822"}],"wp:term":[{"taxonomy":"product_brand","embeddable":true,"href":"https:\/\/libreriahistoriasdebolsillo.com\/index.php\/wp-json\/wp\/v2\/product_brand?post=6822"},{"taxonomy":"product_cat","embeddable":true,"href":"https:\/\/libreriahistoriasdebolsillo.com\/index.php\/wp-json\/wp\/v2\/product_cat?post=6822"},{"taxonomy":"product_tag","embeddable":true,"href":"https:\/\/libreriahistoriasdebolsillo.com\/index.php\/wp-json\/wp\/v2\/product_tag?post=6822"}],"curies":[{"name":"wp","href":"https:\/\/api.w.org\/{rel}","templated":true}]}}