{"id":6826,"date":"2025-06-05T15:16:06","date_gmt":"2025-06-05T21:16:06","guid":{"rendered":"https:\/\/libreriahistoriasdebolsillo.com\/?post_type=product&#038;p=6826"},"modified":"2025-12-02T11:20:46","modified_gmt":"2025-12-02T17:20:46","slug":"inocentes","status":"publish","type":"product","link":"https:\/\/libreriahistoriasdebolsillo.com\/index.php\/producto\/inocentes\/","title":{"rendered":"Inocentes: Incre\u00edbles casos de true crime y condenas injustas"},"content":{"rendered":"<p><b>El maestro del thriller legal se acerca al\u00a0<i>true crime<\/i>\u00a0con diez impactantes historias reales de personas que fueron condenadas injustamente.<\/b><\/p>\n<p>Muchas personas pasan a\u00f1os en la c\u00e1rcel sin haber cometido ning\u00fan crimen. Esta injusticia, que sirve de premisa a tantas novelas, se hace real en este libro en el que John Grisham ha decidido contar diez desgarradores casos de inocentes que fueron obligados a sacrificar amigos, familias, parejas y d\u00e9cadas de sus vidas en prisi\u00f3n mientras los culpables segu\u00edan libres.<\/p>\n<p>En cada una de estas dram\u00e1ticas historias, Grisham y Jim McCloskey, fundador de la organizaci\u00f3n Centurion Ministries, dedicada a luchar contra estos errores del sistema judicial, relatan con destreza y rigor las investigaciones policiales que condujeron a las condenas y las duras batallas legales que lograron la exoneraci\u00f3n. Son historias tr\u00e1gicas, a veces casi inexplicables, que dejan una sensaci\u00f3n de profunda incredulidad. Dramas humanos que revelan crueldad, racismo y corrupci\u00f3n, pero tambi\u00e9n coraje y esperanza.<\/p>\n<p>Apoyado en un impecable trabajo de documentaci\u00f3n y contado con apasionamiento y el adictivo suspense que solo Grisham puede lograr,\u00a0<i>Inocentes\u00a0<\/i>es una historia de c\u00f3mo superar la adversidad cuando todo est\u00e1 en tu contra.<\/p>\n","protected":false},"excerpt":{"rendered":"<p>John Grisham y Jim McCloskey<\/p>\n<p>432 p\u00e1ginas<\/p>\n","protected":false},"featured_media":6827,"template":"","meta":{"_joinchat":[]},"product_brand":[],"product_cat":[37,41,70],"product_tag":[34],"class_list":{"0":"post-6826","1":"product","2":"type-product","3":"status-publish","4":"has-post-thumbnail","6":"product_cat-misterio-y-thriller","7":"product_cat-desarrollo-humano","8":"product_cat-novedades","9":"product_tag-penguin-random-house","11":"first","12":"outofstock","13":"shipping-taxable","14":"purchasable","15":"product-type-simple"},"_links":{"self":[{"href":"https:\/\/libreriahistoriasdebolsillo.com\/index.php\/wp-json\/wp\/v2\/product\/6826","targetHints":{"allow":["GET"]}}],"collection":[{"href":"https:\/\/libreriahistoriasdebolsillo.com\/index.php\/wp-json\/wp\/v2\/product"}],"about":[{"href":"https:\/\/libreriahistoriasdebolsillo.com\/index.php\/wp-json\/wp\/v2\/types\/product"}],"wp:featuredmedia":[{"embeddable":true,"href":"https:\/\/libreriahistoriasdebolsillo.com\/index.php\/wp-json\/wp\/v2\/media\/6827"}],"wp:attachment":[{"href":"https:\/\/libreriahistoriasdebolsillo.com\/index.php\/wp-json\/wp\/v2\/media?parent=6826"}],"wp:term":[{"taxonomy":"product_brand","embeddable":true,"href":"https:\/\/libreriahistoriasdebolsillo.com\/index.php\/wp-json\/wp\/v2\/product_brand?post=6826"},{"taxonomy":"product_cat","embeddable":true,"href":"https:\/\/libreriahistoriasdebolsillo.com\/index.php\/wp-json\/wp\/v2\/product_cat?post=6826"},{"taxonomy":"product_tag","embeddable":true,"href":"https:\/\/libreriahistoriasdebolsillo.com\/index.php\/wp-json\/wp\/v2\/product_tag?post=6826"}],"curies":[{"name":"wp","href":"https:\/\/api.w.org\/{rel}","templated":true}]}}