{"id":683,"date":"2023-11-20T12:58:37","date_gmt":"2023-11-20T18:58:37","guid":{"rendered":"https:\/\/libreriahistoriasdebolsillo.com\/?post_type=product&#038;p=683"},"modified":"2024-03-01T13:37:53","modified_gmt":"2024-03-01T19:37:53","slug":"el-trato-mas-dulce","status":"publish","type":"product","link":"https:\/\/libreriahistoriasdebolsillo.com\/index.php\/producto\/el-trato-mas-dulce\/","title":{"rendered":"El trato m\u00e1s dulce"},"content":{"rendered":"<p>Cuando la autoestima vapuleada despu\u00e9s de una mala experiencia en el amor y \u00abla peor de las ondas\u00bb, Lucy se acerca a un gimnasio dudando de si vale la pena inscribirse. Cuando ve a Gabriel, entrenador rubio, musculoso, irresistible\u2026se anota de inmediato. Max es un personal trainer excelente, pero sue\u00f1a con tener su emprendimiento. Es que a veces los clientes son insoportables, como esa chica nueva, fan\u00e1tica de La guerra de las galaxias, que no quiere hacer los ejercicios y protesta sin cesar \u00bfpero no es Lucy Reyes la rockstar del asesoramiento empresarial? Y entonces hacen un trato: si ella lo gu\u00eda para lanzar su propio negocio, \u00e9l la ayudar\u00e1 a conquistar a Gabriel. Un tropiezo inicial puede ser el primer paso del camino m\u00e1s interesante.<\/p>\n","protected":false},"excerpt":{"rendered":"<p>Amanda Laneley<\/p>\n","protected":false},"featured_media":684,"template":"","meta":{"_joinchat":[]},"product_brand":[],"product_cat":[35],"product_tag":[48],"class_list":{"0":"post-683","1":"product","2":"type-product","3":"status-publish","4":"has-post-thumbnail","6":"product_cat-romantica","7":"product_tag-vr-editoras","9":"first","10":"instock","11":"shipping-taxable","12":"purchasable","13":"product-type-simple"},"_links":{"self":[{"href":"https:\/\/libreriahistoriasdebolsillo.com\/index.php\/wp-json\/wp\/v2\/product\/683","targetHints":{"allow":["GET"]}}],"collection":[{"href":"https:\/\/libreriahistoriasdebolsillo.com\/index.php\/wp-json\/wp\/v2\/product"}],"about":[{"href":"https:\/\/libreriahistoriasdebolsillo.com\/index.php\/wp-json\/wp\/v2\/types\/product"}],"wp:featuredmedia":[{"embeddable":true,"href":"https:\/\/libreriahistoriasdebolsillo.com\/index.php\/wp-json\/wp\/v2\/media\/684"}],"wp:attachment":[{"href":"https:\/\/libreriahistoriasdebolsillo.com\/index.php\/wp-json\/wp\/v2\/media?parent=683"}],"wp:term":[{"taxonomy":"product_brand","embeddable":true,"href":"https:\/\/libreriahistoriasdebolsillo.com\/index.php\/wp-json\/wp\/v2\/product_brand?post=683"},{"taxonomy":"product_cat","embeddable":true,"href":"https:\/\/libreriahistoriasdebolsillo.com\/index.php\/wp-json\/wp\/v2\/product_cat?post=683"},{"taxonomy":"product_tag","embeddable":true,"href":"https:\/\/libreriahistoriasdebolsillo.com\/index.php\/wp-json\/wp\/v2\/product_tag?post=683"}],"curies":[{"name":"wp","href":"https:\/\/api.w.org\/{rel}","templated":true}]}}