{"id":6830,"date":"2025-06-05T15:20:16","date_gmt":"2025-06-05T21:20:16","guid":{"rendered":"https:\/\/libreriahistoriasdebolsillo.com\/?post_type=product&#038;p=6830"},"modified":"2025-08-23T11:58:32","modified_gmt":"2025-08-23T17:58:32","slug":"de-todas-las-flores","status":"publish","type":"product","link":"https:\/\/libreriahistoriasdebolsillo.com\/index.php\/producto\/de-todas-las-flores\/","title":{"rendered":"De todas las flores"},"content":{"rendered":"<p><b>Un viaje por el proceso creativo de Natalia Lafourcade al crear el disco De todas las flores.<\/b><\/p>\n<p>En esta nueva edici\u00f3n,\u00a0<b>Natalia Lafourcade<\/b>\u00a0enriquece el contenido del libro\u00a0<i><b>De todas las flores (2023)<\/b><\/i>\u00a0un diario musical donde presenta material in\u00e9dito de su premiado \u00e1lbum hom\u00f3nimo. A trav\u00e9s de sus p\u00e1ginas podemos\u00a0<b>descubrir im\u00e1genes<\/b>,\u00a0<b>entrevistas<\/b>\u00a0y\u00a0<b>reflexiones<\/b>\u00a0que nos permiten conocer de primera mano el\u00a0<b>proceso creativo<\/b>\u00a0detr\u00e1s del \u00e1lbum hom\u00f3nimo lanzado en 2022 y que se ha ganado el gusto de cr\u00edticos y fan\u00e1ticos por igual.<\/p>\n<p>Adem\u00e1s de las\u00a0<b>letras<\/b>\u00a0de las canciones, el libro incluye una entrevista con\u00a0<b>Elvira Liceaga<\/b>, escritora y conductora del p\u00f3dcast\u00a0<i>De todas las flores,<\/i>\u00a0donde se explora el universo creativo de Lafourcade. Para quienes son m\u00e1s de escuchar que de leer, esta edici\u00f3n est\u00e1 acompa\u00f1ada del lanzamiento de un\u00a0<b>audiolibro in\u00e9dito<\/b>.<\/p>\n<p>Premiado con un\u00a0<b>Grammy<\/b>\u00a0y dos\u00a0<b>Latin<\/b><b>\u00a0Grammy<\/b>, el \u00e1lbum\u00a0<i><b>De todas las flores (2022)<\/b><\/i>\u00a0representa un viaje musical que fusiona boleros, cumbias y m\u00e1s. Esta edici\u00f3n, digna de coleccionar, nos permite ser parte de una de las\u00a0<b>obras clave<\/b>\u00a0de Lafourcade. Una dosis de inspiraci\u00f3n que se respira p\u00e1gina tras p\u00e1gina.<\/p>\n","protected":false},"excerpt":{"rendered":"<p>Natalia Lafourcade<\/p>\n<p>248 p\u00e1ginas<\/p>\n","protected":false},"featured_media":6831,"template":"","meta":{"_joinchat":[]},"product_brand":[],"product_cat":[41,70],"product_tag":[34],"class_list":{"0":"post-6830","1":"product","2":"type-product","3":"status-publish","4":"has-post-thumbnail","6":"product_cat-desarrollo-humano","7":"product_cat-novedades","8":"product_tag-penguin-random-house","10":"first","11":"outofstock","12":"shipping-taxable","13":"purchasable","14":"product-type-simple"},"_links":{"self":[{"href":"https:\/\/libreriahistoriasdebolsillo.com\/index.php\/wp-json\/wp\/v2\/product\/6830","targetHints":{"allow":["GET"]}}],"collection":[{"href":"https:\/\/libreriahistoriasdebolsillo.com\/index.php\/wp-json\/wp\/v2\/product"}],"about":[{"href":"https:\/\/libreriahistoriasdebolsillo.com\/index.php\/wp-json\/wp\/v2\/types\/product"}],"wp:featuredmedia":[{"embeddable":true,"href":"https:\/\/libreriahistoriasdebolsillo.com\/index.php\/wp-json\/wp\/v2\/media\/6831"}],"wp:attachment":[{"href":"https:\/\/libreriahistoriasdebolsillo.com\/index.php\/wp-json\/wp\/v2\/media?parent=6830"}],"wp:term":[{"taxonomy":"product_brand","embeddable":true,"href":"https:\/\/libreriahistoriasdebolsillo.com\/index.php\/wp-json\/wp\/v2\/product_brand?post=6830"},{"taxonomy":"product_cat","embeddable":true,"href":"https:\/\/libreriahistoriasdebolsillo.com\/index.php\/wp-json\/wp\/v2\/product_cat?post=6830"},{"taxonomy":"product_tag","embeddable":true,"href":"https:\/\/libreriahistoriasdebolsillo.com\/index.php\/wp-json\/wp\/v2\/product_tag?post=6830"}],"curies":[{"name":"wp","href":"https:\/\/api.w.org\/{rel}","templated":true}]}}