{"id":6832,"date":"2025-06-05T15:22:23","date_gmt":"2025-06-05T21:22:23","guid":{"rendered":"https:\/\/libreriahistoriasdebolsillo.com\/?post_type=product&#038;p=6832"},"modified":"2026-02-04T11:13:15","modified_gmt":"2026-02-04T17:13:15","slug":"el-gato-que-cuidaba-las-bibliotecas","status":"publish","type":"product","link":"https:\/\/libreriahistoriasdebolsillo.com\/index.php\/producto\/el-gato-que-cuidaba-las-bibliotecas\/","title":{"rendered":"El gato que cuidaba las bibliotecas"},"content":{"rendered":"<p><b>UN FEN\u00d3MENO ORIGINADO EN JAP\u00d3N QUE HA CONQUISTADO Y SANADO EL CORAZ\u00d3N DE MILLONES DE PERSONAS. UN NUEVO E INOLVIDABLE HOMENAJE A LA LECTURA.<\/b><\/p>\n<p>Un relato entra\u00f1able y\u00a0<b>esperanzador<\/b>\u00a0sobre una joven llamada\u00a0<b>Nanami<\/b>\u00a0que deber\u00e1 enfrentarse a sus miedos para salvar aquello que m\u00e1s ama: los libros. No obstante, no estar\u00e1 sola en su aventura, sino que la\u00a0<b>acompa\u00f1ar\u00e1 Tora<\/b>, un ingenioso gato que sabe mucho de la incre\u00edble magia de la literatura.<\/p>\n<p><b>Una novela con un irresistible sabor japon\u00e9s sobre las historias que amamos y lo que estamos dispuestos a hacer para defenderlas.<\/b><\/p>\n","protected":false},"excerpt":{"rendered":"<p>Sosuke Natsukawa<\/p>\n<p>256 p\u00e1ginas<\/p>\n","protected":false},"featured_media":6833,"template":"","meta":{"_joinchat":[]},"product_brand":[],"product_cat":[78,70],"product_tag":[],"class_list":{"0":"post-6832","1":"product","2":"type-product","3":"status-publish","4":"has-post-thumbnail","6":"product_cat-contemporanea","7":"product_cat-novedades","9":"first","10":"outofstock","11":"shipping-taxable","12":"purchasable","13":"product-type-simple"},"_links":{"self":[{"href":"https:\/\/libreriahistoriasdebolsillo.com\/index.php\/wp-json\/wp\/v2\/product\/6832","targetHints":{"allow":["GET"]}}],"collection":[{"href":"https:\/\/libreriahistoriasdebolsillo.com\/index.php\/wp-json\/wp\/v2\/product"}],"about":[{"href":"https:\/\/libreriahistoriasdebolsillo.com\/index.php\/wp-json\/wp\/v2\/types\/product"}],"wp:featuredmedia":[{"embeddable":true,"href":"https:\/\/libreriahistoriasdebolsillo.com\/index.php\/wp-json\/wp\/v2\/media\/6833"}],"wp:attachment":[{"href":"https:\/\/libreriahistoriasdebolsillo.com\/index.php\/wp-json\/wp\/v2\/media?parent=6832"}],"wp:term":[{"taxonomy":"product_brand","embeddable":true,"href":"https:\/\/libreriahistoriasdebolsillo.com\/index.php\/wp-json\/wp\/v2\/product_brand?post=6832"},{"taxonomy":"product_cat","embeddable":true,"href":"https:\/\/libreriahistoriasdebolsillo.com\/index.php\/wp-json\/wp\/v2\/product_cat?post=6832"},{"taxonomy":"product_tag","embeddable":true,"href":"https:\/\/libreriahistoriasdebolsillo.com\/index.php\/wp-json\/wp\/v2\/product_tag?post=6832"}],"curies":[{"name":"wp","href":"https:\/\/api.w.org\/{rel}","templated":true}]}}