{"id":6836,"date":"2025-06-10T13:53:46","date_gmt":"2025-06-10T19:53:46","guid":{"rendered":"https:\/\/libreriahistoriasdebolsillo.com\/?post_type=product&#038;p=6836"},"modified":"2025-06-10T13:53:46","modified_gmt":"2025-06-10T19:53:46","slug":"el-misterio-de-alejandro-velasco","status":"publish","type":"product","link":"https:\/\/libreriahistoriasdebolsillo.com\/index.php\/producto\/el-misterio-de-alejandro-velasco\/","title":{"rendered":"El misterio de Alejandro Velasco"},"content":{"rendered":"<p>Juli\u00e1n Villarreal llega a la opulenta finca de los Velasco para dar sus condolencias tras la inesperada muerte de Alejandro Velasco, su amigo cercano y rival en el tenis. Muy pronto se ve envuelto en el glamuroso estilo de vida de la familia y en el misterioso encanto de su hija Sof\u00eda, quien est\u00e1 determinada a darle a Juli\u00e1n una lecci\u00f3n.<\/p>\n<p>Pero \u00e9l est\u00e1 preparado para seguirle el juego, tanto dentro como fuera de las canchas de tenis.<br \/>\nMientras la tensi\u00f3n entre Juli\u00e1n y Sof\u00eda se intensifica, Juli\u00e1n esconde un secreto mucho m\u00e1s oscuro: la muerte de Alejandro no fue un accidente. Y cuanto m\u00e1s aprende Juli\u00e1n sobre el funcionamiento interno de la familia Velasco, mayor es el<br \/>\npeligro que descubre.<\/p>\n<p>Con el poder y el estatus vienen rivales decididos a derribar el imperio, ya sea a trav\u00e9s de chantaje, venganza o incluso asesinato. La b\u00fasqueda de respuestas de Juli\u00e1n solo lo llevar\u00e1 al n\u00facleo de este nido de v\u00edboras, donde desentra\u00f1ar<br \/>\nlas verdaderas intenciones de Sof\u00eda podr\u00eda ser el juego m\u00e1s candente (y mortal) de todos.<\/p>\n","protected":false},"excerpt":{"rendered":"<p>Diego Boneta<\/p>\n<p>376 p\u00e1ginas<\/p>\n","protected":false},"featured_media":6837,"template":"","meta":{"_joinchat":[]},"product_brand":[],"product_cat":[37,70],"product_tag":[48],"class_list":{"0":"post-6836","1":"product","2":"type-product","3":"status-publish","4":"has-post-thumbnail","6":"product_cat-misterio-y-thriller","7":"product_cat-novedades","8":"product_tag-vr-editoras","10":"first","11":"instock","12":"shipping-taxable","13":"purchasable","14":"product-type-simple"},"_links":{"self":[{"href":"https:\/\/libreriahistoriasdebolsillo.com\/index.php\/wp-json\/wp\/v2\/product\/6836","targetHints":{"allow":["GET"]}}],"collection":[{"href":"https:\/\/libreriahistoriasdebolsillo.com\/index.php\/wp-json\/wp\/v2\/product"}],"about":[{"href":"https:\/\/libreriahistoriasdebolsillo.com\/index.php\/wp-json\/wp\/v2\/types\/product"}],"wp:featuredmedia":[{"embeddable":true,"href":"https:\/\/libreriahistoriasdebolsillo.com\/index.php\/wp-json\/wp\/v2\/media\/6837"}],"wp:attachment":[{"href":"https:\/\/libreriahistoriasdebolsillo.com\/index.php\/wp-json\/wp\/v2\/media?parent=6836"}],"wp:term":[{"taxonomy":"product_brand","embeddable":true,"href":"https:\/\/libreriahistoriasdebolsillo.com\/index.php\/wp-json\/wp\/v2\/product_brand?post=6836"},{"taxonomy":"product_cat","embeddable":true,"href":"https:\/\/libreriahistoriasdebolsillo.com\/index.php\/wp-json\/wp\/v2\/product_cat?post=6836"},{"taxonomy":"product_tag","embeddable":true,"href":"https:\/\/libreriahistoriasdebolsillo.com\/index.php\/wp-json\/wp\/v2\/product_tag?post=6836"}],"curies":[{"name":"wp","href":"https:\/\/api.w.org\/{rel}","templated":true}]}}