{"id":6838,"date":"2025-06-10T13:56:28","date_gmt":"2025-06-10T19:56:28","guid":{"rendered":"https:\/\/libreriahistoriasdebolsillo.com\/?post_type=product&#038;p=6838"},"modified":"2025-06-18T16:41:51","modified_gmt":"2025-06-18T22:41:51","slug":"heartstopper-5-edicion-de-lujo-tapa-dura","status":"publish","type":"product","link":"https:\/\/libreriahistoriasdebolsillo.com\/index.php\/producto\/heartstopper-5-edicion-de-lujo-tapa-dura\/","title":{"rendered":"Heartstopper 5 Edici\u00f3n de lujo tapa dura"},"content":{"rendered":"<div class=\"woocommerce-tabs wc-tabs-wrapper\">\n<div id=\"tab-description\" class=\"woocommerce-Tabs-panel woocommerce-Tabs-panel--description panel entry-content wc-tab\" role=\"tabpanel\" aria-labelledby=\"tab-title-description\">\n<p>Nick y Charlie est\u00e1n m\u00e1s enamorados que nunca y dan un paso muy importante en su relaci\u00f3n.<br \/>\nMientras tanto, Nick empieza a visitar universidades para el pr\u00f3ximo a\u00f1o, entonces una duda se instala en su cabeza: \u00bfser\u00e1 capaz de vivir sin Charlie? \u00bfSoportar\u00e1n una relaci\u00f3n a distancia?<\/p>\n<\/div>\n<\/div>\n","protected":false},"excerpt":{"rendered":"<p>Alice Oseman<\/p>\n<p>352 p\u00e1ginas<\/p>\n","protected":false},"featured_media":6839,"template":"","meta":{"_joinchat":[]},"product_brand":[],"product_cat":[38,67,70],"product_tag":[48],"class_list":{"0":"post-6838","1":"product","2":"type-product","3":"status-publish","4":"has-post-thumbnail","6":"product_cat-lgbtq","7":"product_cat-manga","8":"product_cat-novedades","9":"product_tag-vr-editoras","11":"first","12":"instock","13":"shipping-taxable","14":"purchasable","15":"product-type-simple"},"_links":{"self":[{"href":"https:\/\/libreriahistoriasdebolsillo.com\/index.php\/wp-json\/wp\/v2\/product\/6838","targetHints":{"allow":["GET"]}}],"collection":[{"href":"https:\/\/libreriahistoriasdebolsillo.com\/index.php\/wp-json\/wp\/v2\/product"}],"about":[{"href":"https:\/\/libreriahistoriasdebolsillo.com\/index.php\/wp-json\/wp\/v2\/types\/product"}],"wp:featuredmedia":[{"embeddable":true,"href":"https:\/\/libreriahistoriasdebolsillo.com\/index.php\/wp-json\/wp\/v2\/media\/6839"}],"wp:attachment":[{"href":"https:\/\/libreriahistoriasdebolsillo.com\/index.php\/wp-json\/wp\/v2\/media?parent=6838"}],"wp:term":[{"taxonomy":"product_brand","embeddable":true,"href":"https:\/\/libreriahistoriasdebolsillo.com\/index.php\/wp-json\/wp\/v2\/product_brand?post=6838"},{"taxonomy":"product_cat","embeddable":true,"href":"https:\/\/libreriahistoriasdebolsillo.com\/index.php\/wp-json\/wp\/v2\/product_cat?post=6838"},{"taxonomy":"product_tag","embeddable":true,"href":"https:\/\/libreriahistoriasdebolsillo.com\/index.php\/wp-json\/wp\/v2\/product_tag?post=6838"}],"curies":[{"name":"wp","href":"https:\/\/api.w.org\/{rel}","templated":true}]}}